{"id":10604,"date":"2021-08-17T15:17:41","date_gmt":"2021-08-17T15:17:41","guid":{"rendered":"http:\/\/oldtimerfreunde-miesbach.de\/?page_id=10604"},"modified":"2021-08-22T10:14:47","modified_gmt":"2021-08-22T10:14:47","slug":"miesbacher-biergarten","status":"publish","type":"page","link":"https:\/\/oldtimerfreunde-miesbach.de\/?page_id=10604","title":{"rendered":"Miesbacher Biergarten"},"content":{"rendered":"\n<p>Nachdem das Volksfest leider nicht stattfinden konnte gab es daf\u00fcr den Miesbacher Biergarten und eine besondere Aktion f\u00fcr unsere Oldtimer am Samstag den 7.8.2021: ein Hendlgutschein f\u00fcr jeden, der mit dem Oldtimer kommt.<\/p>\n<p>Offensichtlich gibt es bei uns im Verein eine Menge Hendl-Liebhaber: ngg_shortcode_0_placeholder<\/p>\n","protected":false},"excerpt":{"rendered":"<p>Nachdem das Volksfest leider nicht stattfinden konnte gab es daf\u00fcr den Miesbacher Biergarten und eine besondere Aktion f\u00fcr unsere Oldtimer am Samstag den 7.8.2021: ein Hendlgutschein f\u00fcr jeden, der mit dem Oldtimer kommt. Offensichtlich gibt es bei uns im Verein <span class=\"excerpt-dots\">&hellip;<\/span> <a class=\"more-link\" href=\"https:\/\/oldtimerfreunde-miesbach.de\/?page_id=10604\"><span class=\"more-msg\">Weiterlesen &rarr;<\/span><\/a><\/p>\n","protected":false},"author":1,"featured_media":0,"parent":10283,"menu_order":97,"comment_status":"closed","ping_status":"closed","template":"","meta":{"ngg_post_thumbnail":0,"footnotes":""},"class_list":["post-10604","page","type-page","status-publish","hentry"],"publishpress_future_action":{"enabled":false,"date":"2026-04-20 02:39:52","action":"change-status","newStatus":"draft","terms":[],"taxonomy":"","extraData":[]},"publishpress_future_workflow_manual_trigger":{"enabledWorkflows":[]},"_links":{"self":[{"href":"https:\/\/oldtimerfreunde-miesbach.de\/index.php?rest_route=\/wp\/v2\/pages\/10604","targetHints":{"allow":["GET"]}}],"collection":[{"href":"https:\/\/oldtimerfreunde-miesbach.de\/index.php?rest_route=\/wp\/v2\/pages"}],"about":[{"href":"https:\/\/oldtimerfreunde-miesbach.de\/index.php?rest_route=\/wp\/v2\/types\/page"}],"author":[{"embeddable":true,"href":"https:\/\/oldtimerfreunde-miesbach.de\/index.php?rest_route=\/wp\/v2\/users\/1"}],"replies":[{"embeddable":true,"href":"https:\/\/oldtimerfreunde-miesbach.de\/index.php?rest_route=%2Fwp%2Fv2%2Fcomments&post=10604"}],"version-history":[{"count":4,"href":"https:\/\/oldtimerfreunde-miesbach.de\/index.php?rest_route=\/wp\/v2\/pages\/10604\/revisions"}],"predecessor-version":[{"id":10608,"href":"https:\/\/oldtimerfreunde-miesbach.de\/index.php?rest_route=\/wp\/v2\/pages\/10604\/revisions\/10608"}],"up":[{"embeddable":true,"href":"https:\/\/oldtimerfreunde-miesbach.de\/index.php?rest_route=\/wp\/v2\/pages\/10283"}],"wp:attachment":[{"href":"https:\/\/oldtimerfreunde-miesbach.de\/index.php?rest_route=%2Fwp%2Fv2%2Fmedia&parent=10604"}],"curies":[{"name":"wp","href":"https:\/\/api.w.org\/{rel}","templated":true}]}}