{"id":10656,"date":"2021-08-22T10:12:54","date_gmt":"2021-08-22T10:12:54","guid":{"rendered":"http:\/\/oldtimerfreunde-miesbach.de\/?page_id=10656"},"modified":"2021-08-22T10:15:03","modified_gmt":"2021-08-22T10:15:03","slug":"oldtimerparken-am-miesbacher-einkaufssamstag","status":"publish","type":"page","link":"https:\/\/oldtimerfreunde-miesbach.de\/?page_id=10656","title":{"rendered":"Oldtimerparken am Miesbacher Einkaufssamstag"},"content":{"rendered":"\n<p>Die Miesbacher Einkaufssamstage wurden gleich am ersten Samstag mit einem Oldtimerparken am Marktplatz er\u00f6ffnet. Dank des f\u00fcr dieses Jahr v\u00f6llig untypischen Wetters (Sonne und 25 Grad) mit vielen Besuchern und einer bunten Mischung von Fahrzeugen aus 80 Jahren Fahrzeugbau. Ein Schwerpunkt lag dieses Mal bei den Zweir\u00e4dern im Verein, f\u00fcr diese gab es vorweg eine Aufw\u00e4rmrunde durch das Miesbacher Hinterland. ngg_shortcode_0_placeholder<\/p>\n<p>&nbsp;<\/p>\n","protected":false},"excerpt":{"rendered":"<p>Die Miesbacher Einkaufssamstage wurden gleich am ersten Samstag mit einem Oldtimerparken am Marktplatz er\u00f6ffnet. Dank des f\u00fcr dieses Jahr v\u00f6llig untypischen Wetters (Sonne und 25 Grad) mit vielen Besuchern und einer bunten Mischung von Fahrzeugen aus 80 Jahren Fahrzeugbau. Ein <span class=\"excerpt-dots\">&hellip;<\/span> <a class=\"more-link\" href=\"https:\/\/oldtimerfreunde-miesbach.de\/?page_id=10656\"><span class=\"more-msg\">Weiterlesen &rarr;<\/span><\/a><\/p>\n","protected":false},"author":1,"featured_media":0,"parent":10283,"menu_order":96,"comment_status":"closed","ping_status":"closed","template":"","meta":{"ngg_post_thumbnail":0,"footnotes":""},"class_list":["post-10656","page","type-page","status-publish","hentry"],"publishpress_future_action":{"enabled":false,"date":"2026-05-01 01:26:25","action":"change-status","newStatus":"draft","terms":[],"taxonomy":"","extraData":[]},"publishpress_future_workflow_manual_trigger":{"enabledWorkflows":[]},"_links":{"self":[{"href":"https:\/\/oldtimerfreunde-miesbach.de\/index.php?rest_route=\/wp\/v2\/pages\/10656","targetHints":{"allow":["GET"]}}],"collection":[{"href":"https:\/\/oldtimerfreunde-miesbach.de\/index.php?rest_route=\/wp\/v2\/pages"}],"about":[{"href":"https:\/\/oldtimerfreunde-miesbach.de\/index.php?rest_route=\/wp\/v2\/types\/page"}],"author":[{"embeddable":true,"href":"https:\/\/oldtimerfreunde-miesbach.de\/index.php?rest_route=\/wp\/v2\/users\/1"}],"replies":[{"embeddable":true,"href":"https:\/\/oldtimerfreunde-miesbach.de\/index.php?rest_route=%2Fwp%2Fv2%2Fcomments&post=10656"}],"version-history":[{"count":2,"href":"https:\/\/oldtimerfreunde-miesbach.de\/index.php?rest_route=\/wp\/v2\/pages\/10656\/revisions"}],"predecessor-version":[{"id":10658,"href":"https:\/\/oldtimerfreunde-miesbach.de\/index.php?rest_route=\/wp\/v2\/pages\/10656\/revisions\/10658"}],"up":[{"embeddable":true,"href":"https:\/\/oldtimerfreunde-miesbach.de\/index.php?rest_route=\/wp\/v2\/pages\/10283"}],"wp:attachment":[{"href":"https:\/\/oldtimerfreunde-miesbach.de\/index.php?rest_route=%2Fwp%2Fv2%2Fmedia&parent=10656"}],"curies":[{"name":"wp","href":"https:\/\/api.w.org\/{rel}","templated":true}]}}