{"id":10785,"date":"2021-10-04T10:26:19","date_gmt":"2021-10-04T10:26:19","guid":{"rendered":"http:\/\/oldtimerfreunde-miesbach.de\/?page_id=10785"},"modified":"2021-10-04T10:26:21","modified_gmt":"2021-10-04T10:26:21","slug":"oldtimer-motorradtreffen-bad-toelz","status":"publish","type":"page","link":"https:\/\/oldtimerfreunde-miesbach.de\/?page_id=10785","title":{"rendered":"Oldtimer-Motorradtreffen Bad T\u00f6lz"},"content":{"rendered":"\n<p>Traditionell veranstalten die Oidn Hund aus Elbach ihr Motorradtreffen in der Marktstra\u00dfe in Bad T\u00f6lz, dieses Jahr am 3. Oktober. Bei fantastischem Sp\u00e4tsommerwetter war auch eine kleine Abordnung der Oldtimerfreunde auf zwei R\u00e4dern dabei. ngg_shortcode_0_placeholder<\/p>\n","protected":false},"excerpt":{"rendered":"<p>Traditionell veranstalten die Oidn Hund aus Elbach ihr Motorradtreffen in der Marktstra\u00dfe in Bad T\u00f6lz, dieses Jahr am 3. Oktober. Bei fantastischem Sp\u00e4tsommerwetter war auch eine kleine Abordnung der Oldtimerfreunde auf zwei R\u00e4dern dabei.<\/p>\n <a class=\"more-link\" href=\"https:\/\/oldtimerfreunde-miesbach.de\/?page_id=10785\"><span class=\"more-msg\">Weiterlesen &rarr;<\/span><\/a>","protected":false},"author":1,"featured_media":0,"parent":10283,"menu_order":94,"comment_status":"closed","ping_status":"closed","template":"","meta":{"ngg_post_thumbnail":0,"footnotes":""},"class_list":["post-10785","page","type-page","status-publish","hentry"],"publishpress_future_action":{"enabled":false,"date":"2026-04-22 05:44:50","action":"change-status","newStatus":"draft","terms":[],"taxonomy":"","extraData":[]},"publishpress_future_workflow_manual_trigger":{"enabledWorkflows":[]},"_links":{"self":[{"href":"https:\/\/oldtimerfreunde-miesbach.de\/index.php?rest_route=\/wp\/v2\/pages\/10785","targetHints":{"allow":["GET"]}}],"collection":[{"href":"https:\/\/oldtimerfreunde-miesbach.de\/index.php?rest_route=\/wp\/v2\/pages"}],"about":[{"href":"https:\/\/oldtimerfreunde-miesbach.de\/index.php?rest_route=\/wp\/v2\/types\/page"}],"author":[{"embeddable":true,"href":"https:\/\/oldtimerfreunde-miesbach.de\/index.php?rest_route=\/wp\/v2\/users\/1"}],"replies":[{"embeddable":true,"href":"https:\/\/oldtimerfreunde-miesbach.de\/index.php?rest_route=%2Fwp%2Fv2%2Fcomments&post=10785"}],"version-history":[{"count":1,"href":"https:\/\/oldtimerfreunde-miesbach.de\/index.php?rest_route=\/wp\/v2\/pages\/10785\/revisions"}],"predecessor-version":[{"id":10786,"href":"https:\/\/oldtimerfreunde-miesbach.de\/index.php?rest_route=\/wp\/v2\/pages\/10785\/revisions\/10786"}],"up":[{"embeddable":true,"href":"https:\/\/oldtimerfreunde-miesbach.de\/index.php?rest_route=\/wp\/v2\/pages\/10283"}],"wp:attachment":[{"href":"https:\/\/oldtimerfreunde-miesbach.de\/index.php?rest_route=%2Fwp%2Fv2%2Fmedia&parent=10785"}],"curies":[{"name":"wp","href":"https:\/\/api.w.org\/{rel}","templated":true}]}}