{"id":10879,"date":"2021-10-19T07:11:07","date_gmt":"2021-10-19T07:11:07","guid":{"rendered":"http:\/\/oldtimerfreunde-miesbach.de\/?page_id=10879"},"modified":"2021-10-19T07:11:09","modified_gmt":"2021-10-19T07:11:09","slug":"kirchweih-2021","status":"publish","type":"page","link":"https:\/\/oldtimerfreunde-miesbach.de\/?page_id=10879","title":{"rendered":"Kirchweih 2021"},"content":{"rendered":"\n<p>Zum Abschluss der wetterm\u00e4\u00dfig etwas durchwachsenen Saison 2021 wurden wir zu unserem traditionellen Saisonabschluss an Kirchweih mit wundersch\u00f6nem Herbstwetter verw\u00f6hnt. So konnten wir die Weissw\u00fcrste draussen mit bestem Blick auf die vielen Fahrzeuge geniessen. <br><br>Die Abschlussfahrt f\u00fchrte dann in zwei Gruppen (Traktoren und Autos\/Motorr\u00e4der) bei strahlendem Sonnenschein durch das herbstliche Oberland zum Kaffeetrinken in der Nachmittagssonne. Oafach schee bei uns!<br>ngg_shortcode_0_placeholder<\/p>\n","protected":false},"excerpt":{"rendered":"<p>Zum Abschluss der wetterm\u00e4\u00dfig etwas durchwachsenen Saison 2021 wurden wir zu unserem traditionellen Saisonabschluss an Kirchweih mit wundersch\u00f6nem Herbstwetter verw\u00f6hnt. So konnten wir die Weissw\u00fcrste draussen mit bestem Blick auf die vielen Fahrzeuge geniessen. Die Abschlussfahrt f\u00fchrte dann in zwei <span class=\"excerpt-dots\">&hellip;<\/span> <a class=\"more-link\" href=\"https:\/\/oldtimerfreunde-miesbach.de\/?page_id=10879\"><span class=\"more-msg\">Weiterlesen &rarr;<\/span><\/a><\/p>\n","protected":false},"author":3,"featured_media":0,"parent":10283,"menu_order":80,"comment_status":"closed","ping_status":"closed","template":"","meta":{"ngg_post_thumbnail":0,"footnotes":""},"class_list":["post-10879","page","type-page","status-publish","hentry"],"publishpress_future_action":{"enabled":false,"date":"2026-05-23 23:10:52","action":"change-status","newStatus":"draft","terms":[],"taxonomy":"","extraData":[]},"publishpress_future_workflow_manual_trigger":{"enabledWorkflows":[]},"_links":{"self":[{"href":"https:\/\/oldtimerfreunde-miesbach.de\/index.php?rest_route=\/wp\/v2\/pages\/10879","targetHints":{"allow":["GET"]}}],"collection":[{"href":"https:\/\/oldtimerfreunde-miesbach.de\/index.php?rest_route=\/wp\/v2\/pages"}],"about":[{"href":"https:\/\/oldtimerfreunde-miesbach.de\/index.php?rest_route=\/wp\/v2\/types\/page"}],"author":[{"embeddable":true,"href":"https:\/\/oldtimerfreunde-miesbach.de\/index.php?rest_route=\/wp\/v2\/users\/3"}],"replies":[{"embeddable":true,"href":"https:\/\/oldtimerfreunde-miesbach.de\/index.php?rest_route=%2Fwp%2Fv2%2Fcomments&post=10879"}],"version-history":[{"count":5,"href":"https:\/\/oldtimerfreunde-miesbach.de\/index.php?rest_route=\/wp\/v2\/pages\/10879\/revisions"}],"predecessor-version":[{"id":10884,"href":"https:\/\/oldtimerfreunde-miesbach.de\/index.php?rest_route=\/wp\/v2\/pages\/10879\/revisions\/10884"}],"up":[{"embeddable":true,"href":"https:\/\/oldtimerfreunde-miesbach.de\/index.php?rest_route=\/wp\/v2\/pages\/10283"}],"wp:attachment":[{"href":"https:\/\/oldtimerfreunde-miesbach.de\/index.php?rest_route=%2Fwp%2Fv2%2Fmedia&parent=10879"}],"curies":[{"name":"wp","href":"https:\/\/api.w.org\/{rel}","templated":true}]}}