{"id":11357,"date":"2022-01-20T11:19:59","date_gmt":"2022-01-20T11:19:59","guid":{"rendered":"https:\/\/oldtimerfreunde-miesbach.de\/?page_id=11357"},"modified":"2026-05-12T11:19:34","modified_gmt":"2026-05-12T11:19:34","slug":"pressestimmen","status":"publish","type":"page","link":"https:\/\/oldtimerfreunde-miesbach.de\/?page_id=11357","title":{"rendered":"Pressestimmen"},"content":{"rendered":"\n<p>2026<\/p>\n\n\n\n<ul class=\"wp-block-list\">\n<li>Einsteigen f\u00fcr den guten Zweck <a href=\"https:\/\/oldtimerfreunde-miesbach.de\/wp-content\/uploads\/2026\/05\/260509-Gelbes-Blatt-Ankuendigung-Benefizrundfahrt.jpg\" rel=\"lightbox[11357]\">(Gelbes Blatt vom 9.5.2026)<\/a><\/li>\n\n\n\n<li>Historische Dokumente gesucht <a href=\"https:\/\/oldtimerfreunde-miesbach.de\/wp-content\/uploads\/2026\/03\/260328-Gelbes-Blatt-Historische-Dokumente-gesucht.jpg\" rel=\"lightbox[11357]\">(Gelbes Blatt vom 28.3.2026)<\/a><\/li>\n<\/ul>\n\n\n\n<p>2025<\/p>\n\n\n\n<ul class=\"wp-block-list\">\n<li>Gemeinsam schrauben, gemeinsam fahren, gemeinsam feiern (<a href=\"https:\/\/oldtimerfreunde-miesbach.de\/wp-content\/uploads\/2025\/08\/2508-Schoene-Zeiten-Nr.-63.pdf\" target=\"_blank\" rel=\"noreferrer noopener nofollow\">Sch\u00f6ne Zeiten Nr. 63<\/a>)<\/li>\n\n\n\n<li>Ein Hoch auf historische Technik \/ Besondere \u00dcberraschung (<a href=\"https:\/\/epaper.mrs-muenchen.de\/webreader-v3\/index.html#\/880340\/2-3\" target=\"_blank\" rel=\"noreferrer noopener\">Gelbes Blatt vom 19.7.2025<\/a>)<\/li>\n\n\n\n<li>Oldtimerfreunde fahren zum Zehnj\u00e4hrigen (fast) alles auf (<a href=\"https:\/\/www.merkur.de\/lokales\/region-miesbach\/miesbach-ort29062\/oldtimerfreunde-miesbach-fahren-zum-zehnjaehrigen-fast-alles-auf-93832004.html?utm_source=_shared\" target=\"_blank\" rel=\"noreferrer noopener nofollow\">Merkur vom 14.7.2025<\/a>)<\/li>\n\n\n\n<li>Kniend auf dem Kantholz (<a href=\"https:\/\/www.merkur.de\/lokales\/region-miesbach\/miesbach-ort29062\/oldtimerfreunde-feiern-jubilaeum-mit-haberern-und-neuem-partnerverein-93823239.html?utm_source=_shared\" target=\"_blank\" rel=\"noreferrer noopener nofollow\">Gelbes Blatt vom 8.7.2025<\/a>)<\/li>\n\n\n\n<li>Oldie-Spalier beim Volksfest (<a href=\"https:\/\/www.merkur.de\/lokales\/region-miesbach\/dasgelbeblatt\/volksfest-fahrzeuge-begeistern-besucher-oldtimer-show-auf-dem-93817638.html?utm_source=_shared\" target=\"_blank\" rel=\"noreferrer noopener nofollow\">Gelbes Blatt vom 5.7.2025<\/a>)<\/li>\n\n\n\n<li>Gru\u00dfworte zum 10-j\u00e4hrigen Jubil\u00e4um (<a href=\"https:\/\/epaper.mrs-muenchen.de\/webreader-v3\/index.html#\/878766\/24-25\" target=\"_blank\" rel=\"noreferrer noopener nofollow\">Gelbes Blatt vom 28.6.2025<\/a>)<\/li>\n\n\n\n<li>Haben uns einen Namen gemacht (<a href=\"https:\/\/www.merkur.de\/lokales\/region-miesbach\/miesbach-ort29062\/oldtimerfreunde-miesbach-feiern-zehnjaehriges-haben-uns-einen-namen-gemacht-93784251.html?utm_source=_shared\" target=\"_blank\" rel=\"noreferrer noopener nofollow\">Merkur vom 14.6.2025<\/a>)<\/li>\n\n\n\n<li>Oldtimerfreunde sammeln f\u00fcr Warmbad (<a href=\"https:\/\/www.merkur.de\/lokales\/region-miesbach\/dasgelbeblatt\/oldtimerfreunde-miesbach-sammeln-mit-rundfahrt-geld-fuer-warmbad-93772905.html\" target=\"_blank\" rel=\"noreferrer noopener\">Gelbes Blatt vom 7.6.2025<\/a>)<\/li>\n\n\n\n<li>Blick aufs Zehnj\u00e4hrige (<a href=\"https:\/\/oldtimerfreunde-miesbach.de\/wp-content\/uploads\/2025\/05\/250517-Gelbes-Blatt-OFM-JHV.jpg\" rel=\"lightbox[11357]\">Gelbes Blatt vom 18.5.2025<\/a>)<\/li>\n<\/ul>\n\n\n\n<p>2024<\/p>\n\n\n\n<ul class=\"wp-block-list\">\n<li>Oldtimerrundfahrten f\u00fcr die Warmbadsanierung (<a href=\"https:\/\/www.merkur.de\/lokales\/region-miesbach\/dasgelbeblatt\/oldtimer-in-miesbach-rundfahrten-fuer-die-warmbadsanierung-93157255.html\" target=\"_blank\" rel=\"noreferrer noopener nofollow\">Merkur vom 29.6.2024<\/a>)<\/li>\n\n\n\n<li>Abenteuer-Inklusionsspielplatz feierlich eingeweiht (<a href=\"https:\/\/www.merkur.de\/lokales\/region-miesbach\/dasgelbeblatt\/abenteuer-inklusionsspielplatz-miesbach-eroeffnung-mit-feier-93139073.html\" target=\"_blank\" rel=\"noreferrer noopener nofollow\">Merkur vom 19.6.24<\/a>)<\/li>\n\n\n\n<li>Vom Radl bis zum Rolls Royce (<a href=\"https:\/\/oldtimerfreunde-miesbach.de\/wp-content\/uploads\/2024\/05\/240504-Gelbes-Blatt-Bericht-JHV.jpg\" target=\"_blank\"  rel=\"lightbox[11357] noreferrer noopener nofollow\">Gelbes Blatt vom 4.5.2024<\/a>)<\/li>\n<\/ul>\n\n\n\n<p><br>2023<\/p>\n\n\n\n<ul class=\"wp-block-list\">\n<li>Oldtimerfreunde mit Fr\u00fchschoppen beim Volksfest (<a href=\"https:\/\/www.merkur.de\/lokales\/region-miesbach\/dasgelbeblatt\/miesbach-oldtimerfreunde-mit-fruehschoppen-beim-volksfest-92380626.html\" target=\"_blank\" rel=\"noreferrer noopener\">Merkur vom 4.7.2023<\/a>)<\/li>\n\n\n\n<li>Blitzendes Chrom, gl\u00e4nzender Lack bei Oldtimerrundfahrt (<a rel=\"noreferrer noopener\" href=\"https:\/\/www.merkur.de\/lokales\/region-miesbach\/miesbach-ort29062\/blitzendes-chrom-glaenzender-lack-oldtimer-rundfahrten-in-miesbach-begeistern-nicht-nur-kinder-92349071.html\" target=\"_blank\">Merkur vom 19.6.2023<\/a>)<\/li>\n\n\n\n<li>Bericht zur 8. Jahreshauptversammlung (<a href=\"https:\/\/oldtimerfreunde-miesbach.de\/wp-content\/uploads\/2023\/05\/230513-Gelbes-Blatt-Bericht-8.JHV_.jpg\" rel=\"lightbox[11357]\">Gelbes Blatt vom 13.5.2023<\/a>)<\/li>\n<\/ul>\n\n\n\n<p>2022<\/p>\n\n\n\n<ul id=\"Mitglied222\" class=\"wp-block-list\">\n<li>Voller PS: Teilnehmerbrosch\u00fcre zum Fahrzeugtreffen und Kalender 2023 (<a href=\"https:\/\/www.merkur.de\/lokales\/region-miesbach\/dasgelbeblatt\/voller-ps-oldtimerfreunde-miesbach-mit-broschuere-und-kalender-91902126.html\" target=\"_blank\" rel=\"noreferrer noopener\">Merkur vom 9.11.2022<\/a>)<\/li>\n\n\n\n<li>Mit 90 Jahren Mitglied Nummer 222: <a rel=\"noreferrer noopener\" href=\"https:\/\/www.merkur.de\/lokales\/region-miesbach\/miesbach-ort29062\/mit-90-jahren-alfred-kinshofer-wird-oldtimerfreund-nummer-222-91863727.html\" target=\"_blank\">Merkur vom 21.10.2022<\/a>, <a href=\"https:\/\/oldtimerfreunde-miesbach.de\/wp-content\/uploads\/2022\/10\/221022-Gelbes-Blatt-OFM-Mitglied-222.jpg\" rel=\"lightbox[11357]\">Gelbes Blatt vom 22.10.2022<\/a><\/li>\n\n\n\n<li><a rel=\"noreferrer noopener\" href=\"https:\/\/oldtimerfreunde-miesbach.de\/wp-content\/uploads\/2022\/09\/220928-Gelbes-Blatt-Per-Chauffeur-durch-die-Stadt.png\" target=\"_blank\">Per Chauffeur durch die Stadt<\/a> (Gelbes Blatt vom 28.9.2022)<\/li>\n\n\n\n<li><a rel=\"noreferrer noopener\" href=\"https:\/\/www.merkur.de\/lokales\/region-miesbach\/miesbach-ort29062\/im-oldie-durch-miesbach-ueber-700-euro-fuer-inklusionsspielplatz-91810787.html\" target=\"_blank\">Im Oldie durch Miesbach<\/a> (Merkur vom 26.9.2022)<\/li>\n\n\n\n<li><a href=\"https:\/\/oldtimerfreunde-miesbach.de\/wp-content\/uploads\/2022\/08\/220831-Gelbes-Blatt-Spendenuebergabe-Inklusionspielplatz.jpg\" rel=\"lightbox[11357]\">Auftakt der Spendenaktion f\u00fcr Inklusionsspielplatz<\/a> (Gelbes Blatt 31.8.2022)<\/li>\n\n\n\n<li><a rel=\"noreferrer noopener\" href=\"https:\/\/www.merkur.de\/lokales\/region-miesbach\/strassenschlepper-stuerzt-bei-oldtimer-treffen-von-anhaenger-91618842.html\" target=\"_blank\">Historischer Strassenschlepper st\u00fcrzt vom Anh\u00e4nger<\/a> (Merkur 19.6.2022)<\/li>\n\n\n\n<li><a rel=\"noreferrer noopener\" href=\"https:\/\/www.merkur.de\/lokales\/region-miesbach\/miesbach-ort29062\/besucher-aus-ganz-bayern-kommen-zum-oldtimer-treffen-nach-miesbach-91618879.html\" target=\"_blank\">Besucher aus ganz Bayern beim Oldtimertreffen in Miesbach<\/a> (Merkur 19.6.2022)<\/li>\n\n\n\n<li><a rel=\"noreferrer noopener\" href=\"https:\/\/www.merkur.de\/lokales\/region-miesbach\/miesbach-ort29062\/oldtimertreffen-in-miesbach-alle-parkplaetze-und-praesentationsflaechen-im-ueberblick-91616947.html\" target=\"_blank\">Oldtimertreffen Parkpl\u00e4tze und Pr\u00e4sentationsfl\u00e4chen<\/a> (Merkur vom 18.6.2022)<\/li>\n\n\n\n<li><a rel=\"noreferrer noopener\" href=\"https:\/\/www.merkur.de\/lokales\/region-miesbach\/miesbach-ort29062\/oldtimerfreunde-miesbach-versteigerung-traktor-primus-fahrzeugtreffen-91608874.html\" target=\"_blank\">Traktorversteigerung: Einen Primus l\u00e4sst man nicht stehen<\/a> (Merkur vom 14.6.2022)<\/li>\n\n\n\n<li><a rel=\"noreferrer noopener\" href=\"https:\/\/epaper.mrs-muenchen.de\/webreader-v3\/index.html#\/788694\/20-21\" target=\"_blank\">Oldtimerfreunde erwarten 400 Fahrzeuge<\/a> (Gelbes Blatt vom 11.6.2022)<\/li>\n\n\n\n<li><a href=\"https:\/\/oldtimerfreunde-miesbach.de\/wp-content\/uploads\/2022\/01\/220112-Gelbes-Blatt-Immer-am-Schrauben.jpg\" rel=\"lightbox[11357]\">Immer am Schrauben<\/a> (Gelbes Blatt vom 12.1.2022)<\/li>\n<\/ul>\n\n\n\n<div class=\"wp-block-buttons is-layout-flex wp-block-buttons-is-layout-flex\">\n<div class=\"wp-block-button\"><a class=\"wp-block-button__link wp-element-button\" href=\"https:\/\/oldtimerfreunde-miesbach.de\/?page_id=11376\">Archiv<\/a><\/div>\n<\/div>\n","protected":false},"excerpt":{"rendered":"<p>2026 2025 2024 2023 2022<\/p>\n <a class=\"more-link\" href=\"https:\/\/oldtimerfreunde-miesbach.de\/?page_id=11357\"><span class=\"more-msg\">Weiterlesen &rarr;<\/span><\/a>","protected":false},"author":3,"featured_media":0,"parent":828,"menu_order":10,"comment_status":"closed","ping_status":"closed","template":"","meta":{"ngg_post_thumbnail":0,"footnotes":""},"class_list":["post-11357","page","type-page","status-publish","hentry"],"publishpress_future_action":{"enabled":false,"date":"2026-05-22 19:05:08","action":"change-status","newStatus":"draft","terms":[],"taxonomy":"","extraData":[]},"publishpress_future_workflow_manual_trigger":{"enabledWorkflows":[]},"_links":{"self":[{"href":"https:\/\/oldtimerfreunde-miesbach.de\/index.php?rest_route=\/wp\/v2\/pages\/11357","targetHints":{"allow":["GET"]}}],"collection":[{"href":"https:\/\/oldtimerfreunde-miesbach.de\/index.php?rest_route=\/wp\/v2\/pages"}],"about":[{"href":"https:\/\/oldtimerfreunde-miesbach.de\/index.php?rest_route=\/wp\/v2\/types\/page"}],"author":[{"embeddable":true,"href":"https:\/\/oldtimerfreunde-miesbach.de\/index.php?rest_route=\/wp\/v2\/users\/3"}],"replies":[{"embeddable":true,"href":"https:\/\/oldtimerfreunde-miesbach.de\/index.php?rest_route=%2Fwp%2Fv2%2Fcomments&post=11357"}],"version-history":[{"count":63,"href":"https:\/\/oldtimerfreunde-miesbach.de\/index.php?rest_route=\/wp\/v2\/pages\/11357\/revisions"}],"predecessor-version":[{"id":14621,"href":"https:\/\/oldtimerfreunde-miesbach.de\/index.php?rest_route=\/wp\/v2\/pages\/11357\/revisions\/14621"}],"up":[{"embeddable":true,"href":"https:\/\/oldtimerfreunde-miesbach.de\/index.php?rest_route=\/wp\/v2\/pages\/828"}],"wp:attachment":[{"href":"https:\/\/oldtimerfreunde-miesbach.de\/index.php?rest_route=%2Fwp%2Fv2%2Fmedia&parent=11357"}],"curies":[{"name":"wp","href":"https:\/\/api.w.org\/{rel}","templated":true}]}}