{"id":11427,"date":"2022-03-21T08:08:11","date_gmt":"2022-03-21T08:08:11","guid":{"rendered":"https:\/\/oldtimerfreunde-miesbach.de\/?page_id=11427"},"modified":"2025-02-13T15:27:16","modified_gmt":"2025-02-13T15:27:16","slug":"mitglied-werden","status":"publish","type":"page","link":"https:\/\/oldtimerfreunde-miesbach.de\/?page_id=11427","title":{"rendered":"Mitglied werden"},"content":{"rendered":"\n<p><span style=\"font-size: 12pt;\">Die Oldtimerfreunde Miesbach e.V. sind Liebhaber alter Fahrzeuge und m\u00f6chten diese erhalten und das Wissen um deren Technik erweitern und weiter geben. Gemeinsam fahren, gemeinsam schrauben, gemeinsam feiern und der Spass an unserer Leidenschaft stehen im Mittelpunkt unseres Vereinslebens. Du findest bei uns vielf\u00e4ltiges Wissen, immer einen guten Tipp und Menschen mit interessanten Fahrzeugen und Geschichten rund um das Thema Oldtimer.<\/span><br><span style=\"font-size: 10pt;\">Unser Verein ist als gemeinn\u00fctzig anerkannt, die Mitgliedsbeitr\u00e4ge k\u00f6nnen &#8211; genauso wie Spenden &#8211; ggf. steuerlich geltend gemacht werden.<\/span><\/p>\n\n\n\n<div class=\"wp-block-columns is-layout-flex wp-container-core-columns-is-layout-9d6595d7 wp-block-columns-is-layout-flex\">\n<div class=\"wp-block-column is-layout-flow wp-block-column-is-layout-flow\">\n<figure class=\"wp-block-table alignleft\"><table><thead><tr><th>Mitgliedsart<\/th><th class=\"has-text-align-center\" data-align=\"center\">Jahresbeitrag<\/th><\/tr><\/thead><tbody><tr><td>Einzelmitglied<br>      Jugendliche 12. bis 16. Lebensjahr      <\/td><td class=\"has-text-align-center\" data-align=\"center\">20,- \u20ac<br>10,- \u20ac<\/td><\/tr><tr><td>Familienmitgliedschaft<\/td><td class=\"has-text-align-center\" data-align=\"center\">30,- \u20ac<\/td><\/tr><tr><td>Partnermitglied<\/td><td class=\"has-text-align-center\" data-align=\"center\">10,- \u20ac<\/td><\/tr><\/tbody><\/table><\/figure>\n<\/div>\n\n\n\n<div class=\"wp-block-column is-layout-flow wp-block-column-is-layout-flow\">\n<p><span style=\"font-size: 14pt;\">Antrags-Dokumente hier herunterladen:<\/span><\/p>\n\n\n\n<ul style=\"font-size:15px\" class=\"wp-block-list\">\n<li><a href=\"https:\/\/oldtimerfreunde-miesbach.de\/wp-content\/uploads\/2025\/02\/2025-OFM-Aufnahmeantrag.pdf\" target=\"_blank\" rel=\"noreferrer noopener\">Aufnahmeantrag<\/a> (PDF 121 KB)<\/li>\n\n\n\n<li><a download=\"\" href=\"https:\/\/oldtimerfreunde-miesbach.de\/wp-content\/uploads\/2022\/02\/2022-OFM-Information-personenbezogene-Daten.pdf\">Information zur Verarbeitung personenbezogener Daten<\/a> (PDF 87 KB<\/li>\n\n\n\n<li><a download=\"\" href=\"https:\/\/oldtimerfreunde-miesbach.de\/wp-content\/uploads\/2022\/02\/OFM-Satzung.pdf\">Satzung<\/a> (PDF 186 KB)<\/li>\n<\/ul>\n\n\n\n<p><br>Antrag ausgef\u00fcllt an<br>Oldtimerfreunde Miesbach e.V., Steigerweg 1c, 83714 Miesbach oder per Mail an <a href=\"mailto:vorstandPohl@oldtimerfreunde-miesbach.de\">Erhard Pohl<\/a><\/p>\n<\/div>\n<\/div>\n\n\n","protected":false},"excerpt":{"rendered":"<p>Die Oldtimerfreunde Miesbach e.V. sind Liebhaber alter Fahrzeuge und m\u00f6chten diese erhalten und das Wissen um deren Technik erweitern und weiter geben. Gemeinsam fahren, gemeinsam schrauben, gemeinsam feiern und der Spass an unserer Leidenschaft stehen im Mittelpunkt unseres Vereinslebens. Du <span class=\"excerpt-dots\">&hellip;<\/span> <a class=\"more-link\" href=\"https:\/\/oldtimerfreunde-miesbach.de\/?page_id=11427\"><span class=\"more-msg\">Weiterlesen &rarr;<\/span><\/a><\/p>\n","protected":false},"author":3,"featured_media":0,"parent":7,"menu_order":30,"comment_status":"closed","ping_status":"closed","template":"","meta":{"ngg_post_thumbnail":0,"footnotes":""},"class_list":["post-11427","page","type-page","status-publish","hentry"],"publishpress_future_action":{"enabled":false,"date":"2026-05-22 19:05:08","action":"change-status","newStatus":"draft","terms":[],"taxonomy":"","extraData":[]},"publishpress_future_workflow_manual_trigger":{"enabledWorkflows":[]},"_links":{"self":[{"href":"https:\/\/oldtimerfreunde-miesbach.de\/index.php?rest_route=\/wp\/v2\/pages\/11427","targetHints":{"allow":["GET"]}}],"collection":[{"href":"https:\/\/oldtimerfreunde-miesbach.de\/index.php?rest_route=\/wp\/v2\/pages"}],"about":[{"href":"https:\/\/oldtimerfreunde-miesbach.de\/index.php?rest_route=\/wp\/v2\/types\/page"}],"author":[{"embeddable":true,"href":"https:\/\/oldtimerfreunde-miesbach.de\/index.php?rest_route=\/wp\/v2\/users\/3"}],"replies":[{"embeddable":true,"href":"https:\/\/oldtimerfreunde-miesbach.de\/index.php?rest_route=%2Fwp%2Fv2%2Fcomments&post=11427"}],"version-history":[{"count":62,"href":"https:\/\/oldtimerfreunde-miesbach.de\/index.php?rest_route=\/wp\/v2\/pages\/11427\/revisions"}],"predecessor-version":[{"id":13853,"href":"https:\/\/oldtimerfreunde-miesbach.de\/index.php?rest_route=\/wp\/v2\/pages\/11427\/revisions\/13853"}],"up":[{"embeddable":true,"href":"https:\/\/oldtimerfreunde-miesbach.de\/index.php?rest_route=\/wp\/v2\/pages\/7"}],"wp:attachment":[{"href":"https:\/\/oldtimerfreunde-miesbach.de\/index.php?rest_route=%2Fwp%2Fv2%2Fmedia&parent=11427"}],"curies":[{"name":"wp","href":"https:\/\/api.w.org\/{rel}","templated":true}]}}