{"id":11544,"date":"2022-04-18T08:59:17","date_gmt":"2022-04-18T08:59:17","guid":{"rendered":"https:\/\/oldtimerfreunde-miesbach.de\/?page_id=11544"},"modified":"2022-10-24T14:57:51","modified_gmt":"2022-10-24T14:57:51","slug":"fahrzeugtreffen-2022","status":"publish","type":"page","link":"https:\/\/oldtimerfreunde-miesbach.de\/?page_id=11544","title":{"rendered":"Fahrzeugtreffen 2022"},"content":{"rendered":"\n<p><strong>Aller guten Dinge sind drei: 2014 &#8211; 2018 &#8211; 2022 \u2013 ein grandioses Treffen! &nbsp; <\/strong><a href=\"https:\/\/oldtimerfreunde-miesbach.de\/?page_id=11657\">(Bilder)<\/a> &nbsp; <a href=\"https:\/\/oldtimerfreunde-miesbach.de\/?page_id=12297\" target=\"_blank\" rel=\"noopener\">(Teilnehmerbrosch\u00fcre)<\/a><strong><br><\/strong><\/p>\n\n\n\n<p>Die Sommerhitze lie\u00df den Teer schmelzen und lockte die stolzen Besitzer von 700 historischen Fahrzeugen aller Klassen aus nah und fern an den Habererplatz in Miesbach \u2013 ein absoluter Rekord und ein Spektakel, dass noch viele gut und lang in Erinnerung haben werden. Auch der Anla\u00df \u2013 100 Jahre Hopf-Brauerei in Miesbach \u2013 war ein herausragender Grund dieses aufwendige Oldtimertreffen wieder zu veranstalten. 46 Helfer vom Verein haben zusammen mit dem THW, der Feuerwehr, dem Roten Kreuz und der Stadt Miesbach, sowie den Haberern und dem Festwirt f\u00fcr einen professionellen Ablauf gesorgt \u2013 ihnen allen gilt mein gro\u00dfer Respekt und Dank f\u00fcr die Unterst\u00fctzung unseres Ziels \u2013 alle vier Jahre sich dieser Herausforderung zu stellen und den Menschen historisches, technisches Kulturgut aus den vergangen Jahrzehnen in Erinnerung zu halten und zu pr\u00e4sentieren. Und sollte das eine oder andere nicht so gelaufen sein, wie man sich das vorstellt \u2013 so bitten wir um Nachsicht und Verst\u00e4ndnis, dass auch mal \u201eFehlz\u00fcndungen\u201c vorkommen k\u00f6nnen \u2013 ganz nach dem Vorbild unserer Oldtimer!<\/p>\n<p>Ein besonderer H\u00f6hepunkt war nat\u00fcrlich unsere Primus-Versteigerung zu Gunsten des Inklusionsspielplatzes am Nordgraben \u2013 eine Herzensangelegenheit f\u00fcr uns!<\/p>\n<p>Wieder f\u00fcr \u00dcberraschung gesorgt haben die Waitzinger-Freunde mit dem Ideengeber Bertl Moser, die mit einem originalgetreuen Nachbau einer historischen DKW-Tankstelle samt Werkstatt zur Bereicherung des Festes beigetragen haben.<\/p>\n<p>Aber die Hauptattraktion waren unsere Besucher und Teilnehmer, die so zahlreich und teils mit enormem Aufwand diese sch\u00f6ne Kulisse gestaltet haben. Einen herausragenden Beitrag hat unser Primus-Freund und Sammler Eugen Pfisterer beigetragen, der \u00fcber 300 km auf Achse mit seltensten Primus-Traktoren diese Pr\u00e4sentation bereichert hat.<\/p>\n\n\n\n\n\n<div class=\"wp-block-columns is-layout-flex wp-container-core-columns-is-layout-9d6595d7 wp-block-columns-is-layout-flex\">\n<div class=\"wp-block-column is-layout-flow wp-block-column-is-layout-flow\" style=\"flex-basis:66.66%\">\n<p>So sage ich ein herzliches Vergelt\u00b4s-Gott an alle, die zum Gelingen des 3. Historischen Fahrzeugtreffens in Miesbach beigetragen haben, mit dem Wunsch, dass sich viele Besucher \u00fcber die verschiedensten Fahrzeuge von vergangenen Zeiten erfreuten und die Besitzer stolz ihre \u201eSch\u00e4tzchen\u201c pr\u00e4sentieren konnten und somit auch in der Jugend die Begeisterung weiter lebt.<br><br>Euer Erhard Pohl, 1. Vorsitzender der Oldtimerfreunde Miesbach e.V. im Namen der Vorstandschaft und der Veranstalter<\/p>\n<p>Bleibt&#8217;s alle g&#8217;sund und vielleicht sen&#8217;g ma uns 2026 beim 4. Historischen Fahrzeugtreffen!<\/p>\n<\/div>\n\n\n\n<div class=\"wp-block-column is-layout-flow wp-block-column-is-layout-flow\" style=\"flex-basis:33.33%\">\n<figure class=\"wp-block-image size-medium is-resized\"><img loading=\"lazy\" decoding=\"async\" src=\"https:\/\/oldtimerfreunde-miesbach.de\/wp-content\/uploads\/2022\/06\/220620-Dank-der-Veranstalter-300x254.png\" alt=\"Erhard Pohl\n1. Vorsitzender Oldtimerfreunde Miesbach\" class=\"wp-image-11871\" width=\"200\" height=\"169\" srcset=\"https:\/\/oldtimerfreunde-miesbach.de\/wp-content\/uploads\/2022\/06\/220620-Dank-der-Veranstalter-300x254.png 300w, https:\/\/oldtimerfreunde-miesbach.de\/wp-content\/uploads\/2022\/06\/220620-Dank-der-Veranstalter-1024x867.png 1024w, https:\/\/oldtimerfreunde-miesbach.de\/wp-content\/uploads\/2022\/06\/220620-Dank-der-Veranstalter-768x651.png 768w, https:\/\/oldtimerfreunde-miesbach.de\/wp-content\/uploads\/2022\/06\/220620-Dank-der-Veranstalter-1536x1301.png 1536w, https:\/\/oldtimerfreunde-miesbach.de\/wp-content\/uploads\/2022\/06\/220620-Dank-der-Veranstalter.png 1812w\" sizes=\"auto, (max-width: 200px) 100vw, 200px\" \/><\/figure>\n\n\n\n<p><a href=\"https:\/\/oldtimerfreunde-miesbach.de\/?page_id=11657\">Mehr Bilder&#8230;<\/a><\/p>\n<\/div>\n<\/div>\n","protected":false},"excerpt":{"rendered":"<p>Aller guten Dinge sind drei: 2014 &#8211; 2018 &#8211; 2022 \u2013 ein grandioses Treffen! &nbsp; (Bilder) &nbsp; (Teilnehmerbrosch\u00fcre) Die Sommerhitze lie\u00df den Teer schmelzen und lockte die stolzen Besitzer von 700 historischen Fahrzeugen aller Klassen aus nah und fern an <span class=\"excerpt-dots\">&hellip;<\/span> <a class=\"more-link\" href=\"https:\/\/oldtimerfreunde-miesbach.de\/?page_id=11544\"><span class=\"more-msg\">Weiterlesen &rarr;<\/span><\/a><\/p>\n","protected":false},"author":3,"featured_media":0,"parent":11531,"menu_order":70,"comment_status":"closed","ping_status":"closed","template":"","meta":{"ngg_post_thumbnail":0,"footnotes":""},"class_list":["post-11544","page","type-page","status-publish","hentry"],"publishpress_future_action":{"enabled":false,"date":"2026-05-08 22:36:44","action":"change-status","newStatus":"draft","terms":[],"taxonomy":"","extraData":[]},"publishpress_future_workflow_manual_trigger":{"enabledWorkflows":[]},"_links":{"self":[{"href":"https:\/\/oldtimerfreunde-miesbach.de\/index.php?rest_route=\/wp\/v2\/pages\/11544","targetHints":{"allow":["GET"]}}],"collection":[{"href":"https:\/\/oldtimerfreunde-miesbach.de\/index.php?rest_route=\/wp\/v2\/pages"}],"about":[{"href":"https:\/\/oldtimerfreunde-miesbach.de\/index.php?rest_route=\/wp\/v2\/types\/page"}],"author":[{"embeddable":true,"href":"https:\/\/oldtimerfreunde-miesbach.de\/index.php?rest_route=\/wp\/v2\/users\/3"}],"replies":[{"embeddable":true,"href":"https:\/\/oldtimerfreunde-miesbach.de\/index.php?rest_route=%2Fwp%2Fv2%2Fcomments&post=11544"}],"version-history":[{"count":111,"href":"https:\/\/oldtimerfreunde-miesbach.de\/index.php?rest_route=\/wp\/v2\/pages\/11544\/revisions"}],"predecessor-version":[{"id":12306,"href":"https:\/\/oldtimerfreunde-miesbach.de\/index.php?rest_route=\/wp\/v2\/pages\/11544\/revisions\/12306"}],"up":[{"embeddable":true,"href":"https:\/\/oldtimerfreunde-miesbach.de\/index.php?rest_route=\/wp\/v2\/pages\/11531"}],"wp:attachment":[{"href":"https:\/\/oldtimerfreunde-miesbach.de\/index.php?rest_route=%2Fwp%2Fv2%2Fmedia&parent=11544"}],"curies":[{"name":"wp","href":"https:\/\/api.w.org\/{rel}","templated":true}]}}