{"id":12136,"date":"2022-09-25T08:15:11","date_gmt":"2022-09-25T08:15:11","guid":{"rendered":"https:\/\/oldtimerfreunde-miesbach.de\/?page_id=12136"},"modified":"2022-10-22T13:58:51","modified_gmt":"2022-10-22T13:58:51","slug":"oldtimerrundfahrt-inklusionsspielplatz","status":"publish","type":"page","link":"https:\/\/oldtimerfreunde-miesbach.de\/?page_id=12136","title":{"rendered":"Oldtimerrundfahrt Inklusionsspielplatz"},"content":{"rendered":"\n<div class=\"wp-block-columns is-layout-flex wp-container-core-columns-is-layout-9d6595d7 wp-block-columns-is-layout-flex\">\n<div class=\"wp-block-column is-layout-flow wp-block-column-is-layout-flow\" style=\"flex-basis:66.66%\">\n<p>Um wirklich allen Kindern in Miesbach anregende Spielm\u00f6glichkeiten zu bieten wird ein Abenteuer-Inklussionspielplatz entstehen, ein Vorhaben das uns Herzensangelegenheit&nbsp; ist und das wir mit Kr\u00e4ften unterst\u00fctzen.&nbsp;<br>Oldtimer nicht nur ansehen sondern anfassen, reinsetzen und mitfahren war daher das Motto unserer Oldtimerrundfahrt und Spendenaktion zu Gunsten des Inklussionspielplatzes Miesbach, die wir gemeinsam mit dem F\u00f6rderkreis Miesbach und der B\u00e4ckerei und Kaffer\u00f6sterei Perkmann ins Leben gerufen haben. Die vielen lachenden Gesichter der kleinen und gro\u00dfen Kinder (auch der ganz gro\u00dfen) waren uns eine gro\u00dfe Freude und mit den erzielten Spenden ist die Realisierung des Spielplatzes wieder einen kleinen Schritt n\u00e4her ger\u00fcckt. <a href=\"https:\/\/www.merkur.de\/lokales\/region-miesbach\/miesbach-ort29062\/im-oldie-durch-miesbach-ueber-700-euro-fuer-inklusionsspielplatz-91810787.html\" target=\"_blank\" rel=\"noreferrer noopener\">Pressebericht&#8230;<\/a><\/p>\n\n\n\n<p>Der F\u00f6rderkreis und die Initiatoren freuen sich nat\u00fcrlich \u00fcber weitere Spenden:<\/p>\n\n\n\n<p>F\u00f6rderkreis Erholungsgebiet Miesbach e.V &nbsp;&nbsp;<br>IBAN DE24711525700012460077<br>Verwendungszweck \u201eSpende f\u00fcr den Abenteuer-Inklusionsspielplatz\u201c<\/p>\n<\/div>\n\n\n\n<div class=\"wp-block-column has-cyan-bluish-gray-background-color has-background is-layout-flow wp-block-column-is-layout-flow\" style=\"flex-basis:33.33%\">\n<p style=\"text-align: center;\"><span style=\"font-size: 10pt; color: #003300;\">Die Fahrt im Beiwagen oder dem V8, <br>den Kindern hat es Spa\u00df gemacht. <br>Ob im Beiwagen oder Erhards Staatsgef\u00e4hrt, <br>die Sause war den Einsatz wert!<\/span><\/p>\n<p style=\"text-align: center;\"><span style=\"font-size: 10pt; color: #003300;\">Auch die Kleinen, die am Traktor sa\u00dfen, <br>fuhren gem\u00fctlich durch Miesbachs Stra\u00dfen. <br>Die Kinder waren hin und weg <br>und das Ganze f\u00fcr den guten Zweck! <\/span><\/p>\n<p style=\"text-align: center;\"><span style=\"font-size: 10pt; color: #003300;\">Als Erfolg bleibt f\u00fcr die Oldi-Schau <br>e<\/span><span style=\"font-size: 10pt;\"><span style=\"color: #003300;\">in \u201eBaustein\u201c f\u00fcr den Spielplatzbau. <\/span><br><span style=\"color: #003300;\">Ein Dank an alle, die sich engagiert <\/span><br><span style=\"color: #003300;\">und die Kleinen haben heut\u00b4 chauffiert!<\/span><br><span style=\"color: #003300;\">(Heini Rath)<\/span><br><\/span><\/p>\n<\/div>\n<\/div>\n\n\n\nngg_shortcode_0_placeholder\n","protected":false},"excerpt":{"rendered":"<p>Um wirklich allen Kindern in Miesbach anregende Spielm\u00f6glichkeiten zu bieten wird ein Abenteuer-Inklussionspielplatz entstehen, ein Vorhaben das uns Herzensangelegenheit&nbsp; ist und das wir mit Kr\u00e4ften unterst\u00fctzen.&nbsp;Oldtimer nicht nur ansehen sondern anfassen, reinsetzen und mitfahren war daher das Motto unserer Oldtimerrundfahrt <span class=\"excerpt-dots\">&hellip;<\/span> <a class=\"more-link\" href=\"https:\/\/oldtimerfreunde-miesbach.de\/?page_id=12136\"><span class=\"more-msg\">Weiterlesen &rarr;<\/span><\/a><\/p>\n","protected":false},"author":3,"featured_media":0,"parent":11531,"menu_order":50,"comment_status":"closed","ping_status":"closed","template":"","meta":{"ngg_post_thumbnail":0,"footnotes":""},"class_list":["post-12136","page","type-page","status-publish","hentry"],"publishpress_future_action":{"enabled":false,"date":"2026-04-27 04:46:52","action":"change-status","newStatus":"draft","terms":[],"taxonomy":"","extraData":[]},"publishpress_future_workflow_manual_trigger":{"enabledWorkflows":[]},"_links":{"self":[{"href":"https:\/\/oldtimerfreunde-miesbach.de\/index.php?rest_route=\/wp\/v2\/pages\/12136","targetHints":{"allow":["GET"]}}],"collection":[{"href":"https:\/\/oldtimerfreunde-miesbach.de\/index.php?rest_route=\/wp\/v2\/pages"}],"about":[{"href":"https:\/\/oldtimerfreunde-miesbach.de\/index.php?rest_route=\/wp\/v2\/types\/page"}],"author":[{"embeddable":true,"href":"https:\/\/oldtimerfreunde-miesbach.de\/index.php?rest_route=\/wp\/v2\/users\/3"}],"replies":[{"embeddable":true,"href":"https:\/\/oldtimerfreunde-miesbach.de\/index.php?rest_route=%2Fwp%2Fv2%2Fcomments&post=12136"}],"version-history":[{"count":8,"href":"https:\/\/oldtimerfreunde-miesbach.de\/index.php?rest_route=\/wp\/v2\/pages\/12136\/revisions"}],"predecessor-version":[{"id":12251,"href":"https:\/\/oldtimerfreunde-miesbach.de\/index.php?rest_route=\/wp\/v2\/pages\/12136\/revisions\/12251"}],"up":[{"embeddable":true,"href":"https:\/\/oldtimerfreunde-miesbach.de\/index.php?rest_route=\/wp\/v2\/pages\/11531"}],"wp:attachment":[{"href":"https:\/\/oldtimerfreunde-miesbach.de\/index.php?rest_route=%2Fwp%2Fv2%2Fmedia&parent=12136"}],"curies":[{"name":"wp","href":"https:\/\/api.w.org\/{rel}","templated":true}]}}