{"id":12297,"date":"2022-10-24T14:47:01","date_gmt":"2022-10-24T14:47:01","guid":{"rendered":"https:\/\/oldtimerfreunde-miesbach.de\/?page_id=12297"},"modified":"2022-10-24T14:58:33","modified_gmt":"2022-10-24T14:58:33","slug":"12297-2","status":"publish","type":"page","link":"https:\/\/oldtimerfreunde-miesbach.de\/?page_id=12297","title":{"rendered":"Fahrzeugtreffen 2022 Teilnehmerbrosch\u00fcre"},"content":{"rendered":"\n<p>Die Teilnehmerbrosch\u00fcre mit allen Fahrzeugen ist ab dem 31.10. in der Touristinformation im Waitzinger Keller erh\u00e4ltlich. <br>Hier kannst Du schon mal ein wenig reinschnuppern.<\/p>\n\n\n<p><iframe loading=\"lazy\" src=\"https:\/\/www.yumpu.com\/de\/embed\/view\/7BTeo3sSLAGR5aWJ\" allowfullscreen=\"allowfullscreen\" width=\"620px\" height=\"566px\" frameborder=\"0\"><\/iframe><br><a title=\"3. Historisches Fahrzeugtreffen Teilnehmerbrosch\u00fcre Auszug\" href=\"https:\/\/www.yumpu.com\/de\/document\/view\/67335613\/3-historisches-fahrzeugtreffen-teilnehmerbroschure-auszug\" target=\"_blank\" rel=\"noopener\">3. Historisches Fahrzeugtreffen Teilnehmerbrosch\u00fcre Auszug<\/a><\/p>","protected":false},"excerpt":{"rendered":"<p>Die Teilnehmerbrosch\u00fcre mit allen Fahrzeugen ist ab dem 31.10. in der Touristinformation im Waitzinger Keller erh\u00e4ltlich. Hier kannst Du schon mal ein wenig reinschnuppern. 3. Historisches Fahrzeugtreffen Teilnehmerbrosch\u00fcre Auszug<\/p>\n <a class=\"more-link\" href=\"https:\/\/oldtimerfreunde-miesbach.de\/?page_id=12297\"><span class=\"more-msg\">Weiterlesen &rarr;<\/span><\/a>","protected":false},"author":3,"featured_media":0,"parent":11544,"menu_order":5,"comment_status":"closed","ping_status":"closed","template":"","meta":{"ngg_post_thumbnail":0,"footnotes":""},"class_list":["post-12297","page","type-page","status-publish","hentry"],"publishpress_future_action":{"enabled":false,"date":"2026-05-10 13:54:22","action":"change-status","newStatus":"draft","terms":[],"taxonomy":"","extraData":[]},"publishpress_future_workflow_manual_trigger":{"enabledWorkflows":[]},"_links":{"self":[{"href":"https:\/\/oldtimerfreunde-miesbach.de\/index.php?rest_route=\/wp\/v2\/pages\/12297","targetHints":{"allow":["GET"]}}],"collection":[{"href":"https:\/\/oldtimerfreunde-miesbach.de\/index.php?rest_route=\/wp\/v2\/pages"}],"about":[{"href":"https:\/\/oldtimerfreunde-miesbach.de\/index.php?rest_route=\/wp\/v2\/types\/page"}],"author":[{"embeddable":true,"href":"https:\/\/oldtimerfreunde-miesbach.de\/index.php?rest_route=\/wp\/v2\/users\/3"}],"replies":[{"embeddable":true,"href":"https:\/\/oldtimerfreunde-miesbach.de\/index.php?rest_route=%2Fwp%2Fv2%2Fcomments&post=12297"}],"version-history":[{"count":4,"href":"https:\/\/oldtimerfreunde-miesbach.de\/index.php?rest_route=\/wp\/v2\/pages\/12297\/revisions"}],"predecessor-version":[{"id":12307,"href":"https:\/\/oldtimerfreunde-miesbach.de\/index.php?rest_route=\/wp\/v2\/pages\/12297\/revisions\/12307"}],"up":[{"embeddable":true,"href":"https:\/\/oldtimerfreunde-miesbach.de\/index.php?rest_route=\/wp\/v2\/pages\/11544"}],"wp:attachment":[{"href":"https:\/\/oldtimerfreunde-miesbach.de\/index.php?rest_route=%2Fwp%2Fv2%2Fmedia&parent=12297"}],"curies":[{"name":"wp","href":"https:\/\/api.w.org\/{rel}","templated":true}]}}