{"id":12352,"date":"2022-11-01T10:12:55","date_gmt":"2022-11-01T10:12:55","guid":{"rendered":"https:\/\/oldtimerfreunde-miesbach.de\/?page_id=12352"},"modified":"2022-11-01T10:14:05","modified_gmt":"2022-11-01T10:14:05","slug":"kirchweihausfahrt-und-saisonabschluss","status":"publish","type":"page","link":"https:\/\/oldtimerfreunde-miesbach.de\/?page_id=12352","title":{"rendered":"Kirchweihausfahrt und Saisonabschluss"},"content":{"rendered":"\n<p>Bei (wieder einmal) strahlendem Sonnenschein und sp\u00e4tsommerlichen Temperaturen fand unsere diesj\u00e4hrige Ausfahrt zu Kirchweih und zum Saisonabschluss statt. Dieses Mal im relativ kleinen aber durchaus feinen Kreis &#8211; nach mehr als 4 Jahren Restauration durfte ein BMW 635 CSi die ersten Meter Stra\u00dfe unter die R\u00e4der nehmen.<\/p>\n<p>Nach einer St\u00e4rkung mit Weissw\u00fcrsten und Brezen beim Br\u00e4u gingen die Traktoren und die Motorr\u00e4der und PKWs auf separate Runden durchs Oberland und trafen sich dann im Cafe Krauthof zum Ausklang.<\/p>\n\n\n\nngg_shortcode_0_placeholder\n","protected":false},"excerpt":{"rendered":"<p>Bei (wieder einmal) strahlendem Sonnenschein und sp\u00e4tsommerlichen Temperaturen fand unsere diesj\u00e4hrige Ausfahrt zu Kirchweih und zum Saisonabschluss statt. Dieses Mal im relativ kleinen aber durchaus feinen Kreis &#8211; nach mehr als 4 Jahren Restauration durfte ein BMW 635 CSi die <span class=\"excerpt-dots\">&hellip;<\/span> <a class=\"more-link\" href=\"https:\/\/oldtimerfreunde-miesbach.de\/?page_id=12352\"><span class=\"more-msg\">Weiterlesen &rarr;<\/span><\/a><\/p>\n","protected":false},"author":3,"featured_media":0,"parent":11531,"menu_order":40,"comment_status":"closed","ping_status":"closed","template":"","meta":{"ngg_post_thumbnail":0,"footnotes":""},"class_list":["post-12352","page","type-page","status-publish","hentry"],"publishpress_future_action":{"enabled":false,"date":"2026-05-13 17:05:12","action":"change-status","newStatus":"draft","terms":[],"taxonomy":"","extraData":[]},"publishpress_future_workflow_manual_trigger":{"enabledWorkflows":[]},"_links":{"self":[{"href":"https:\/\/oldtimerfreunde-miesbach.de\/index.php?rest_route=\/wp\/v2\/pages\/12352","targetHints":{"allow":["GET"]}}],"collection":[{"href":"https:\/\/oldtimerfreunde-miesbach.de\/index.php?rest_route=\/wp\/v2\/pages"}],"about":[{"href":"https:\/\/oldtimerfreunde-miesbach.de\/index.php?rest_route=\/wp\/v2\/types\/page"}],"author":[{"embeddable":true,"href":"https:\/\/oldtimerfreunde-miesbach.de\/index.php?rest_route=\/wp\/v2\/users\/3"}],"replies":[{"embeddable":true,"href":"https:\/\/oldtimerfreunde-miesbach.de\/index.php?rest_route=%2Fwp%2Fv2%2Fcomments&post=12352"}],"version-history":[{"count":3,"href":"https:\/\/oldtimerfreunde-miesbach.de\/index.php?rest_route=\/wp\/v2\/pages\/12352\/revisions"}],"predecessor-version":[{"id":12355,"href":"https:\/\/oldtimerfreunde-miesbach.de\/index.php?rest_route=\/wp\/v2\/pages\/12352\/revisions\/12355"}],"up":[{"embeddable":true,"href":"https:\/\/oldtimerfreunde-miesbach.de\/index.php?rest_route=\/wp\/v2\/pages\/11531"}],"wp:attachment":[{"href":"https:\/\/oldtimerfreunde-miesbach.de\/index.php?rest_route=%2Fwp%2Fv2%2Fmedia&parent=12352"}],"curies":[{"name":"wp","href":"https:\/\/api.w.org\/{rel}","templated":true}]}}