{"id":12441,"date":"2023-02-19T10:09:31","date_gmt":"2023-02-19T10:09:31","guid":{"rendered":"https:\/\/oldtimerfreunde-miesbach.de\/?page_id=12441"},"modified":"2023-02-19T10:18:05","modified_gmt":"2023-02-19T10:18:05","slug":"vereinsausflug","status":"publish","type":"page","link":"https:\/\/oldtimerfreunde-miesbach.de\/?page_id=12441","title":{"rendered":"Vereinsausflug"},"content":{"rendered":"\n<p>Nach zwei Jahren pandemiebedingter Abstinenz war es am 18.2. endlich wieder Zeit f\u00fcr einen Vereinsausflug. Bei fr\u00fchlingshaften Temperaturen besuchten wir die <a href=\"https:\/\/motorworld.de\/muenchen\/\" target=\"_blank\" rel=\"noopener\">Motorworld M\u00fcnchen<\/a> und das <a href=\"https:\/\/www.bmw-welt.com\/de\/ausstellungen\/ausstellungen-im-bmw-museum\/uebersicht.html\" target=\"_blank\" rel=\"noopener\">BMW Museum<\/a>, zwei Highlights in unmittelbarer Umgebung. Weil wir nur so kurze Fahrzeiten hatten blieb so auch Zeit f\u00fcr ein ausgiebiges Mittagessen im Aumeister und sogar f\u00fcr ein Sportprogramm: einen Spaziergang im Englischen Garten. Die g\u00e4ngige These &#8222;Is da Weg lenga ois da Karr&#8217;n wead g&#8217;farn&#8220; wurde hier eindrucksvoll widerlegt.<\/p>\n<p>Beinahe h\u00e4tte der Spaziergang auch l\u00e4nger werden k\u00f6nnen, denn wie es sich f\u00fcr echte Oldtimerfreunde geh\u00f6rt war unser Bus auch nicht mehr der J\u00fcngste und hat auf der Fahrt immer lautere Ger\u00e4usche von sich gegeben. Erste Behauptungen, dass nur die Insassen&nbsp; \u00fcber die lange Winterpause zu schwer geworden waren, haben sich schnell als unbegr\u00fcndet herausgestellt und als wir wieder aus dem BMW Museum kamen holte uns unser Lieblingsbusfahrer Michi mit einem ganz anderen Bus ab. Er hatte die Zeit genutzt den Bus zu tauschen, so dass wir am Ende doch nicht zu Fuss nach Miesbach zur\u00fcckkehren mussten.<\/p>\nngg_shortcode_0_placeholder\n","protected":false},"excerpt":{"rendered":"<p>Nach zwei Jahren pandemiebedingter Abstinenz war es am 18.2. endlich wieder Zeit f\u00fcr einen Vereinsausflug. Bei fr\u00fchlingshaften Temperaturen besuchten wir die Motorworld M\u00fcnchen und das BMW Museum, zwei Highlights in unmittelbarer Umgebung. Weil wir nur so kurze Fahrzeiten hatten blieb <span class=\"excerpt-dots\">&hellip;<\/span> <a class=\"more-link\" href=\"https:\/\/oldtimerfreunde-miesbach.de\/?page_id=12441\"><span class=\"more-msg\">Weiterlesen &rarr;<\/span><\/a><\/p>\n","protected":false},"author":3,"featured_media":0,"parent":12439,"menu_order":99,"comment_status":"closed","ping_status":"closed","template":"","meta":{"ngg_post_thumbnail":0,"footnotes":""},"class_list":["post-12441","page","type-page","status-publish","hentry"],"publishpress_future_action":{"enabled":false,"date":"2026-04-19 22:09:17","action":"change-status","newStatus":"draft","terms":[],"taxonomy":"","extraData":[]},"publishpress_future_workflow_manual_trigger":{"enabledWorkflows":[]},"_links":{"self":[{"href":"https:\/\/oldtimerfreunde-miesbach.de\/index.php?rest_route=\/wp\/v2\/pages\/12441","targetHints":{"allow":["GET"]}}],"collection":[{"href":"https:\/\/oldtimerfreunde-miesbach.de\/index.php?rest_route=\/wp\/v2\/pages"}],"about":[{"href":"https:\/\/oldtimerfreunde-miesbach.de\/index.php?rest_route=\/wp\/v2\/types\/page"}],"author":[{"embeddable":true,"href":"https:\/\/oldtimerfreunde-miesbach.de\/index.php?rest_route=\/wp\/v2\/users\/3"}],"replies":[{"embeddable":true,"href":"https:\/\/oldtimerfreunde-miesbach.de\/index.php?rest_route=%2Fwp%2Fv2%2Fcomments&post=12441"}],"version-history":[{"count":4,"href":"https:\/\/oldtimerfreunde-miesbach.de\/index.php?rest_route=\/wp\/v2\/pages\/12441\/revisions"}],"predecessor-version":[{"id":12474,"href":"https:\/\/oldtimerfreunde-miesbach.de\/index.php?rest_route=\/wp\/v2\/pages\/12441\/revisions\/12474"}],"up":[{"embeddable":true,"href":"https:\/\/oldtimerfreunde-miesbach.de\/index.php?rest_route=\/wp\/v2\/pages\/12439"}],"wp:attachment":[{"href":"https:\/\/oldtimerfreunde-miesbach.de\/index.php?rest_route=%2Fwp%2Fv2%2Fmedia&parent=12441"}],"curies":[{"name":"wp","href":"https:\/\/api.w.org\/{rel}","templated":true}]}}