{"id":12735,"date":"2023-05-01T15:24:46","date_gmt":"2023-05-01T15:24:46","guid":{"rendered":"https:\/\/oldtimerfreunde-miesbach.de\/?page_id=12735"},"modified":"2024-04-20T12:18:04","modified_gmt":"2024-04-20T12:18:04","slug":"8-jahreshauptversammlung","status":"publish","type":"page","link":"https:\/\/oldtimerfreunde-miesbach.de\/?page_id=12735","title":{"rendered":"8. Jahreshauptversammlung"},"content":{"rendered":"\n<p>Kaum zu glauben &#8211; nun gibt es die Oldtimerfreunde Miesbach schon seit 8 Jahren. Auch durch das stetige Wachstum der Mitgliederzahl &nbsp;&#8211; 2022 sind wieder 23 neue Mitglieder dazugekommen &#8211; war die 8. Jahreshauptversammlung &nbsp;gut besucht. Mehr als 50 Teilnehmer h\u00f6rten den Bericht des 1. Vorsitzenden Erhard Pohl zum aktiven Vereinsleben im Jahr 2022 und den Ausblick auf 2023:<\/p>\n<p>H\u00f6hepunkt in 2022 war sicher war unser alle 4 Jahre stattfindendes 3. Oldtimertreffen. Hier gilt noch einmal der besondere Dank den 48 Helfern aus Mitgliedern und Freunden des Vereins, die f\u00fcr einen f\u00fcr einen reibungslosen Ablauf gesorgt haben. &nbsp;Und nat\u00fcrlich den Haberern, die mit ihrer &#8222;Na\u00dfversorgung&#8220; hitzebedingte Ausf\u00e4lle verhindert haben. Mehr dazu findest Du <a href=\"https:\/\/oldtimerfreunde-miesbach.de\/?page_id=11544\" target=\"_blank\" rel=\"noopener\">hier&#8230;<\/a><\/p>\n<p>Ein weiterer &#8211; fast etwas unerwarteter &#8211; H\u00f6hepunkt &#8211; war unsere Oldtimer-Stadtrundfahrt zu Gunsten des Abenteuer-Inklusionsspielplatzes. Oldtimer nicht nur zum Anfassen sondern sogar zum Mitfahren \u2013 das kam super gut an und alle hatten gro\u00dfe Freude dabei . Mehr dazu<a href=\"https:\/\/oldtimerfreunde-miesbach.de\/?page_id=12136\" target=\"_blank\" rel=\"noopener\"> hier&#8230;<\/a> Eine Wiederholung in 2023 ist schon eingeplant.<\/p>\n<p>Als uns die Nachricht vom Erdbeben in der T\u00fcrkei erreichte war klar: wir wollen helfen. Aber wie? Schnell hat sich herumgesprochen, dass unser Mitglied Andreas Thaler und Sercan Avci einen LKW vollpacken um Hilfsg\u00fcter ins Erbebengebiet zu bringen und so haben wir zur Unterst\u00fctzung eine spontane Spendenaktion unter den Mitgliedern mit beeindruckendem Ergebnis gestartet. Vielen Dank an alle, die sich daran beteiligt haben.<\/p>\n<p>Erstmals hat auch ein &#8222;Wachtrupp&#8220; der Oldtimerfreunde die Maibaumwache gestellt. Sehr erfolgreich, denn tats\u00e4chlich wurden in dieser Nacht fremde Kundschafter vertrieben. Erhalt von Kulturgut einmal anders! Mehr zu den tapferen W\u00e4chtern findest Du <a href=\"https:\/\/oldtimerfreunde-miesbach.de\/?page_id=11533\" target=\"_blank\" rel=\"noopener\">hier&#8230;<\/a><\/p>\n<p>Bei einer Vielzahl von Treffen waren Mitglieder der Oldtimerfreunde als Teilnehmer dabei und auch die Vereinsmitglieder untereinander haben immer wieder Ausfahrten mit ihren Fahrzeugen in kleineren und gr\u00f6\u00dferen Gruppen organisiert. Und der Stammtisch am letzten Freitag im Monat ist bei vielen schon ein fester Termin im Kalender. Auch im \u00f6ffentlichen Leben der Stadt Miesbach sind die Oldtimerfreunde fest verankert, was auch die Berichterstattung in der Presse widerspiegelt. Alle Pressestimmen findest Du <a href=\"https:\/\/oldtimerfreunde-miesbach.de\/?page_id=11357\" target=\"_blank\" rel=\"noopener\">hier&#8230;<\/a><\/p>\n\n\n\n<div class=\"wp-block-columns is-layout-flex wp-container-core-columns-is-layout-9d6595d7 wp-block-columns-is-layout-flex\">\n<div class=\"wp-block-column is-layout-flow wp-block-column-is-layout-flow\" style=\"flex-basis:66.66%\">\n<p>Was vielleicht nicht alle wissen &#8211; wir haben sogar vereinseigene Fahrzeuge: einen Hanomag, einen Lanz und eine Quickly. Was aber alle wissen: diese Sch\u00e4tze brauchen Pflege und Bewegung und so freut es uns besonders, dass wir mit Michael Baumgartner einen technisch sehr versierten stellvertretenden Technikwart gewinnen konnten. Ein gro\u00dfer Gewinn f\u00fcr unseren Verein &#8211; ist er doch neben Niko Morawskyi der einzige der unseren Lanz beherrscht. Es kann keine bessere&nbsp; Referenz geben.<\/p>\n<\/div>\n\n\n\n<div class=\"wp-block-column is-layout-flow wp-block-column-is-layout-flow\" style=\"flex-basis:33.33%\">\n<figure class=\"wp-block-image size-large is-resized is-style-rounded\"><img loading=\"lazy\" decoding=\"async\" src=\"https:\/\/oldtimerfreunde-miesbach.de\/wp-content\/uploads\/2023\/05\/230428-Technikwart-Baumgartner-1024x575.jpg\" alt=\"\" class=\"wp-image-12741\" width=\"256\" height=\"144\" srcset=\"https:\/\/oldtimerfreunde-miesbach.de\/wp-content\/uploads\/2023\/05\/230428-Technikwart-Baumgartner-1024x575.jpg 1024w, https:\/\/oldtimerfreunde-miesbach.de\/wp-content\/uploads\/2023\/05\/230428-Technikwart-Baumgartner-300x169.jpg 300w, https:\/\/oldtimerfreunde-miesbach.de\/wp-content\/uploads\/2023\/05\/230428-Technikwart-Baumgartner-768x431.jpg 768w, https:\/\/oldtimerfreunde-miesbach.de\/wp-content\/uploads\/2023\/05\/230428-Technikwart-Baumgartner-1536x863.jpg 1536w, https:\/\/oldtimerfreunde-miesbach.de\/wp-content\/uploads\/2023\/05\/230428-Technikwart-Baumgartner-2048x1151.jpg 2048w\" sizes=\"auto, (max-width: 256px) 100vw, 256px\" \/><\/figure>\n<\/div>\n<\/div>\n\n\n\n<p>Auch im Jahr 2023 sind wieder viele Aktionen geplant. Schau einfach regelm\u00e4\u00dfig auf unserer Website nach. <br>Alle Termine findest Du immer <a href=\"https:\/\/oldtimerfreunde-miesbach.de\/?page_id=826\" target=\"_blank\" rel=\"noopener\">hier&#8230;<\/a><\/p>\n","protected":false},"excerpt":{"rendered":"<p>Kaum zu glauben &#8211; nun gibt es die Oldtimerfreunde Miesbach schon seit 8 Jahren. Auch durch das stetige Wachstum der Mitgliederzahl &nbsp;&#8211; 2022 sind wieder 23 neue Mitglieder dazugekommen &#8211; war die 8. Jahreshauptversammlung &nbsp;gut besucht. Mehr als 50 Teilnehmer <span class=\"excerpt-dots\">&hellip;<\/span> <a class=\"more-link\" href=\"https:\/\/oldtimerfreunde-miesbach.de\/?page_id=12735\"><span class=\"more-msg\">Weiterlesen &rarr;<\/span><\/a><\/p>\n","protected":false},"author":3,"featured_media":0,"parent":12439,"menu_order":97,"comment_status":"closed","ping_status":"closed","template":"","meta":{"ngg_post_thumbnail":0,"footnotes":""},"class_list":["post-12735","page","type-page","status-publish","hentry"],"publishpress_future_action":{"enabled":false,"date":"2026-04-27 03:33:43","action":"change-status","newStatus":"draft","terms":[],"taxonomy":"","extraData":[]},"publishpress_future_workflow_manual_trigger":{"enabledWorkflows":[]},"_links":{"self":[{"href":"https:\/\/oldtimerfreunde-miesbach.de\/index.php?rest_route=\/wp\/v2\/pages\/12735","targetHints":{"allow":["GET"]}}],"collection":[{"href":"https:\/\/oldtimerfreunde-miesbach.de\/index.php?rest_route=\/wp\/v2\/pages"}],"about":[{"href":"https:\/\/oldtimerfreunde-miesbach.de\/index.php?rest_route=\/wp\/v2\/types\/page"}],"author":[{"embeddable":true,"href":"https:\/\/oldtimerfreunde-miesbach.de\/index.php?rest_route=\/wp\/v2\/users\/3"}],"replies":[{"embeddable":true,"href":"https:\/\/oldtimerfreunde-miesbach.de\/index.php?rest_route=%2Fwp%2Fv2%2Fcomments&post=12735"}],"version-history":[{"count":17,"href":"https:\/\/oldtimerfreunde-miesbach.de\/index.php?rest_route=\/wp\/v2\/pages\/12735\/revisions"}],"predecessor-version":[{"id":12776,"href":"https:\/\/oldtimerfreunde-miesbach.de\/index.php?rest_route=\/wp\/v2\/pages\/12735\/revisions\/12776"}],"up":[{"embeddable":true,"href":"https:\/\/oldtimerfreunde-miesbach.de\/index.php?rest_route=\/wp\/v2\/pages\/12439"}],"wp:attachment":[{"href":"https:\/\/oldtimerfreunde-miesbach.de\/index.php?rest_route=%2Fwp%2Fv2%2Fmedia&parent=12735"}],"curies":[{"name":"wp","href":"https:\/\/api.w.org\/{rel}","templated":true}]}}