{"id":12816,"date":"2023-05-18T18:11:31","date_gmt":"2023-05-18T18:11:31","guid":{"rendered":"https:\/\/oldtimerfreunde-miesbach.de\/?page_id=12816"},"modified":"2023-05-18T18:12:27","modified_gmt":"2023-05-18T18:12:27","slug":"saisonauftakt-am-vatertag","status":"publish","type":"page","link":"https:\/\/oldtimerfreunde-miesbach.de\/?page_id=12816","title":{"rendered":"Saisonauftakt am Vatertag"},"content":{"rendered":"\n<p>Traditionell am Vatertag ist unsere Saisoner\u00f6ffnung. Nur gut dass viele darauf schon ganz hei\u00df waren, die Temperaturen waren n\u00e4mlich mehr zum Anheizen des Kachelofens geeignet denn zum &#8222;heizen&#8220; mit dem Oldtimer. Immerhin, es blieb trocken und so machten sich 33 Miesbacher Oldtimerfreunde auf 102 R\u00e4dern (wieviele Zweir\u00e4der waren dabei? Tipp: die Zahl liegt ganz nahe an der gef\u00fchlten Tagesh\u00f6chsttemperatur) auf eine Tour durchs Oberland.<\/p>\n\n\n\n<p>Auf den reizvollen Nebenstrecken war das Wetter aber bald vergessen und beim essen und ratschen \u00fcber Hubraum, Restaurierung und Werkstatttipps im Br\u00e4ust\u00fcberl in Valley waren alle einer Meinung: ein gelungener Start in die Oldtimersaison 2023 und optimistischer Ausblick: es kann ja eigentlich nur noch w\u00e4rmer werden.<\/p>\n\n\n\n<p><\/p>\n\n\n\nngg_shortcode_0_placeholder\n","protected":false},"excerpt":{"rendered":"<p>Traditionell am Vatertag ist unsere Saisoner\u00f6ffnung. Nur gut dass viele darauf schon ganz hei\u00df waren, die Temperaturen waren n\u00e4mlich mehr zum Anheizen des Kachelofens geeignet denn zum &#8222;heizen&#8220; mit dem Oldtimer. Immerhin, es blieb trocken und so machten sich 33 <span class=\"excerpt-dots\">&hellip;<\/span> <a class=\"more-link\" href=\"https:\/\/oldtimerfreunde-miesbach.de\/?page_id=12816\"><span class=\"more-msg\">Weiterlesen &rarr;<\/span><\/a><\/p>\n","protected":false},"author":3,"featured_media":0,"parent":12439,"menu_order":95,"comment_status":"closed","ping_status":"closed","template":"","meta":{"ngg_post_thumbnail":0,"footnotes":""},"class_list":["post-12816","page","type-page","status-publish","hentry"],"publishpress_future_action":{"enabled":false,"date":"2026-04-27 03:30:59","action":"change-status","newStatus":"draft","terms":[],"taxonomy":"","extraData":[]},"publishpress_future_workflow_manual_trigger":{"enabledWorkflows":[]},"_links":{"self":[{"href":"https:\/\/oldtimerfreunde-miesbach.de\/index.php?rest_route=\/wp\/v2\/pages\/12816","targetHints":{"allow":["GET"]}}],"collection":[{"href":"https:\/\/oldtimerfreunde-miesbach.de\/index.php?rest_route=\/wp\/v2\/pages"}],"about":[{"href":"https:\/\/oldtimerfreunde-miesbach.de\/index.php?rest_route=\/wp\/v2\/types\/page"}],"author":[{"embeddable":true,"href":"https:\/\/oldtimerfreunde-miesbach.de\/index.php?rest_route=\/wp\/v2\/users\/3"}],"replies":[{"embeddable":true,"href":"https:\/\/oldtimerfreunde-miesbach.de\/index.php?rest_route=%2Fwp%2Fv2%2Fcomments&post=12816"}],"version-history":[{"count":4,"href":"https:\/\/oldtimerfreunde-miesbach.de\/index.php?rest_route=\/wp\/v2\/pages\/12816\/revisions"}],"predecessor-version":[{"id":12820,"href":"https:\/\/oldtimerfreunde-miesbach.de\/index.php?rest_route=\/wp\/v2\/pages\/12816\/revisions\/12820"}],"up":[{"embeddable":true,"href":"https:\/\/oldtimerfreunde-miesbach.de\/index.php?rest_route=\/wp\/v2\/pages\/12439"}],"wp:attachment":[{"href":"https:\/\/oldtimerfreunde-miesbach.de\/index.php?rest_route=%2Fwp%2Fv2%2Fmedia&parent=12816"}],"curies":[{"name":"wp","href":"https:\/\/api.w.org\/{rel}","templated":true}]}}