{"id":12865,"date":"2023-06-18T07:08:33","date_gmt":"2023-06-18T07:08:33","guid":{"rendered":"https:\/\/oldtimerfreunde-miesbach.de\/?page_id=12865"},"modified":"2023-06-22T16:09:59","modified_gmt":"2023-06-22T16:09:59","slug":"oldtimerrundfahrt-inklussionspielplatz","status":"publish","type":"page","link":"https:\/\/oldtimerfreunde-miesbach.de\/?page_id=12865","title":{"rendered":"Oldtimerrundfahrt Inklusions-Spielplatz"},"content":{"rendered":"\n<p>Nach dem gro\u00dfen Erfolg im letzten Jahr war f\u00fcr uns klar, dass wir auch dieses Jahr wieder eine Oldtimerrundfahrt f\u00fcr Jung und Alt durchf\u00fchren werden und mit den Spendenerl\u00f6sen den Bau des Abenteuer-Inklussionspielplatzes unterst\u00fctzen werden.<\/p>\n<p>Bei perfektem Sommerwetter haben wir mit mehr als 25 Fahrzeugen eine bunte Mischung aufgefahren. Anschauen (gibt&#8217;s wo anders auch), anfassen (ist sonst meist nicht gerne gesehen) und mitfahren (gibt&#8217;s nur bei uns) hat viele lachende Gesichter bei Mitfahrern und Zuschauern hervorgerufen. Renner besonders bei den Kindern waren die beiden Feuerwehrfahrzeuge und die Traktoren, aber auch mancher Erwachsene hat sich mit der Fahrt in seinem Traumfahrzeug einen langgehegten Wunsch erf\u00fcllt. Und der Inklussionspielplatz ist der Realsiserung wieder gut 1.000 Euro n\u00e4hergekommen.<\/p>\n<p>Wir feuen uns dass wir zusammen mit dem F\u00f6rderkreis Miesbach e.V., der B\u00e4ckerei Perkmann und den Haberern wieder eine kleinen Beitrag zur Realisierung des Spielplatzes leisten konnten und sagen allen Mitgliedern und Unterst\u00fctzern herzlichen Dank!<\/p>\n\n\n\nngg_shortcode_0_placeholder\n","protected":false},"excerpt":{"rendered":"<p>Nach dem gro\u00dfen Erfolg im letzten Jahr war f\u00fcr uns klar, dass wir auch dieses Jahr wieder eine Oldtimerrundfahrt f\u00fcr Jung und Alt durchf\u00fchren werden und mit den Spendenerl\u00f6sen den Bau des Abenteuer-Inklussionspielplatzes unterst\u00fctzen werden. Bei perfektem Sommerwetter haben wir <span class=\"excerpt-dots\">&hellip;<\/span> <a class=\"more-link\" href=\"https:\/\/oldtimerfreunde-miesbach.de\/?page_id=12865\"><span class=\"more-msg\">Weiterlesen &rarr;<\/span><\/a><\/p>\n","protected":false},"author":3,"featured_media":0,"parent":12439,"menu_order":75,"comment_status":"closed","ping_status":"closed","template":"","meta":{"ngg_post_thumbnail":0,"footnotes":""},"class_list":["post-12865","page","type-page","status-publish","hentry"],"publishpress_future_action":{"enabled":false,"date":"2026-04-27 04:41:56","action":"change-status","newStatus":"draft","terms":[],"taxonomy":"","extraData":[]},"publishpress_future_workflow_manual_trigger":{"enabledWorkflows":[]},"_links":{"self":[{"href":"https:\/\/oldtimerfreunde-miesbach.de\/index.php?rest_route=\/wp\/v2\/pages\/12865","targetHints":{"allow":["GET"]}}],"collection":[{"href":"https:\/\/oldtimerfreunde-miesbach.de\/index.php?rest_route=\/wp\/v2\/pages"}],"about":[{"href":"https:\/\/oldtimerfreunde-miesbach.de\/index.php?rest_route=\/wp\/v2\/types\/page"}],"author":[{"embeddable":true,"href":"https:\/\/oldtimerfreunde-miesbach.de\/index.php?rest_route=\/wp\/v2\/users\/3"}],"replies":[{"embeddable":true,"href":"https:\/\/oldtimerfreunde-miesbach.de\/index.php?rest_route=%2Fwp%2Fv2%2Fcomments&post=12865"}],"version-history":[{"count":9,"href":"https:\/\/oldtimerfreunde-miesbach.de\/index.php?rest_route=\/wp\/v2\/pages\/12865\/revisions"}],"predecessor-version":[{"id":12925,"href":"https:\/\/oldtimerfreunde-miesbach.de\/index.php?rest_route=\/wp\/v2\/pages\/12865\/revisions\/12925"}],"up":[{"embeddable":true,"href":"https:\/\/oldtimerfreunde-miesbach.de\/index.php?rest_route=\/wp\/v2\/pages\/12439"}],"wp:attachment":[{"href":"https:\/\/oldtimerfreunde-miesbach.de\/index.php?rest_route=%2Fwp%2Fv2%2Fmedia&parent=12865"}],"curies":[{"name":"wp","href":"https:\/\/api.w.org\/{rel}","templated":true}]}}