{"id":13182,"date":"2024-02-18T07:57:15","date_gmt":"2024-02-18T07:57:15","guid":{"rendered":"https:\/\/oldtimerfreunde-miesbach.de\/?page_id=13182"},"modified":"2024-02-20T07:30:06","modified_gmt":"2024-02-20T07:30:06","slug":"vereinsausflug-nach-amerang-und-wasserburg","status":"publish","type":"page","link":"https:\/\/oldtimerfreunde-miesbach.de\/?page_id=13182","title":{"rendered":"Vereinsausflug nach Amerang und Wasserburg"},"content":{"rendered":"\n<p>Die Saison 2024 startete am 17. Februar mit unserem Vereinsausflug. Noch nicht als Selbstfahrer sondern mit dem Bus ging es ins <a href=\"https:\/\/efa-mobile-zeiten.de\/\" target=\"_blank\" rel=\"noopener\">EFA Museum Mobile Zeiten<\/a> nach Amerang. Die Ausstellung dort wurde vor einigen Jahren neu gestaltet und zeigt eine umfassende Palette deutscher Fahrzeuggeschichte von den Anf\u00e4ngen mit dem Motorwagen von Carl Benz bis in die 90er Jahre &#8211; und das alles als private Sammlung.<\/p>\n<p>Besonderes Schmankerl dabei: das Museum \u00f6ffnet eigentlich erst zu Ostern, hat aber f\u00fcr unseren Vereinsausflug nur f\u00fcr uns ge\u00f6ffnet. So kamen die 47 Teilnehmer in den Genu\u00df einer exklusiven F\u00fchrung und hatten das gesamte Museum f\u00fcr sich. Kein Wunder, dass sich zum Mittagessen im urigen <a href=\"https:\/\/www.wirthvonamerang.de\/\" target=\"_blank\" rel=\"noopener\">Wirth von Amerang<\/a> alle versp\u00e4teten und die danach geplante Stadtf\u00fchrung in Wasserburg abgek\u00fcrzt werden musste. Im Leben muss man halt Priorit\u00e4ten setzen.<\/p>\nngg_shortcode_0_placeholder\n<p>&nbsp;<\/p>\n<p>&nbsp;<\/p>\n","protected":false},"excerpt":{"rendered":"<p>Die Saison 2024 startete am 17. Februar mit unserem Vereinsausflug. Noch nicht als Selbstfahrer sondern mit dem Bus ging es ins EFA Museum Mobile Zeiten nach Amerang. Die Ausstellung dort wurde vor einigen Jahren neu gestaltet und zeigt eine umfassende <span class=\"excerpt-dots\">&hellip;<\/span> <a class=\"more-link\" href=\"https:\/\/oldtimerfreunde-miesbach.de\/?page_id=13182\"><span class=\"more-msg\">Weiterlesen &rarr;<\/span><\/a><\/p>\n","protected":false},"author":3,"featured_media":0,"parent":13177,"menu_order":90,"comment_status":"closed","ping_status":"closed","template":"","meta":{"ngg_post_thumbnail":0,"footnotes":""},"class_list":["post-13182","page","type-page","status-publish","hentry"],"publishpress_future_action":{"enabled":false,"date":"2026-04-19 23:42:13","action":"change-status","newStatus":"draft","terms":[],"taxonomy":"","extraData":[]},"publishpress_future_workflow_manual_trigger":{"enabledWorkflows":[]},"_links":{"self":[{"href":"https:\/\/oldtimerfreunde-miesbach.de\/index.php?rest_route=\/wp\/v2\/pages\/13182","targetHints":{"allow":["GET"]}}],"collection":[{"href":"https:\/\/oldtimerfreunde-miesbach.de\/index.php?rest_route=\/wp\/v2\/pages"}],"about":[{"href":"https:\/\/oldtimerfreunde-miesbach.de\/index.php?rest_route=\/wp\/v2\/types\/page"}],"author":[{"embeddable":true,"href":"https:\/\/oldtimerfreunde-miesbach.de\/index.php?rest_route=\/wp\/v2\/users\/3"}],"replies":[{"embeddable":true,"href":"https:\/\/oldtimerfreunde-miesbach.de\/index.php?rest_route=%2Fwp%2Fv2%2Fcomments&post=13182"}],"version-history":[{"count":13,"href":"https:\/\/oldtimerfreunde-miesbach.de\/index.php?rest_route=\/wp\/v2\/pages\/13182\/revisions"}],"predecessor-version":[{"id":13260,"href":"https:\/\/oldtimerfreunde-miesbach.de\/index.php?rest_route=\/wp\/v2\/pages\/13182\/revisions\/13260"}],"up":[{"embeddable":true,"href":"https:\/\/oldtimerfreunde-miesbach.de\/index.php?rest_route=\/wp\/v2\/pages\/13177"}],"wp:attachment":[{"href":"https:\/\/oldtimerfreunde-miesbach.de\/index.php?rest_route=%2Fwp%2Fv2%2Fmedia&parent=13182"}],"curies":[{"name":"wp","href":"https:\/\/api.w.org\/{rel}","templated":true}]}}