{"id":13289,"date":"2024-04-20T12:41:42","date_gmt":"2024-04-20T12:41:42","guid":{"rendered":"https:\/\/oldtimerfreunde-miesbach.de\/?page_id=13289"},"modified":"2025-03-29T10:03:42","modified_gmt":"2025-03-29T10:03:42","slug":"9-jahreshauptversammlung-19-april-2024","status":"publish","type":"page","link":"https:\/\/oldtimerfreunde-miesbach.de\/?page_id=13289","title":{"rendered":"9. Jahreshauptversammlung"},"content":{"rendered":"\n<p>Die Oldtimerfreunde Miesbach feiern 9. Geburtstag und wer das h\u00f6rt denkt sich vielleicht &#8222;erst&#8220; oder &#8222;schon&#8220; 9 Jahre. Ein Oldtimer sind wir zwar noch nicht, aber unser Verein hat sich mehr als ordentlich entwickelt und wir sind ein fester Bestandteil der Oldtimerszene im Landkreis und dar\u00fcber hinaus geworden.<\/p>\n\n\n\n<div class=\"wp-block-columns is-layout-flex wp-container-core-columns-is-layout-9d6595d7 wp-block-columns-is-layout-flex\">\n<div class=\"wp-block-column is-layout-flow wp-block-column-is-layout-flow\" style=\"flex-basis:30%\">\n<figure class=\"wp-block-image size-medium\"><img loading=\"lazy\" decoding=\"async\" width=\"300\" height=\"225\" src=\"https:\/\/oldtimerfreunde-miesbach.de\/wp-content\/uploads\/2024\/04\/240419-JHV-6359-300x225.jpg\" alt=\"\" class=\"wp-image-13292\" srcset=\"https:\/\/oldtimerfreunde-miesbach.de\/wp-content\/uploads\/2024\/04\/240419-JHV-6359-300x225.jpg 300w, https:\/\/oldtimerfreunde-miesbach.de\/wp-content\/uploads\/2024\/04\/240419-JHV-6359-1024x768.jpg 1024w, https:\/\/oldtimerfreunde-miesbach.de\/wp-content\/uploads\/2024\/04\/240419-JHV-6359-768x576.jpg 768w, https:\/\/oldtimerfreunde-miesbach.de\/wp-content\/uploads\/2024\/04\/240419-JHV-6359-1536x1152.jpg 1536w, https:\/\/oldtimerfreunde-miesbach.de\/wp-content\/uploads\/2024\/04\/240419-JHV-6359-2048x1536.jpg 2048w\" sizes=\"auto, (max-width: 300px) 100vw, 300px\" \/><\/figure>\n<\/div>\n\n\n\n<div class=\"wp-block-column is-layout-flow wp-block-column-is-layout-flow\">\n<p>Knapp 60 Mitglieder, Freunde und Pressevertreter folgten daher der Einladung zur Jahreshauptversammlung am 19. April 2024 in den Br\u00e4uwirt Miesbach und wurden dort gleich einmal mit einem kleinen Ausschnitt aus dem Fuhrpark unserer Mitglieder \u00fcberrascht. Drei ganz rare St\u00fccke in einem \u00fcberragenden Zustand und mit zum Teil sehr pers\u00f6nlichem Bezug bildeten den perfekten Rahmen f\u00fcr die Berichte von Vorstand, Kassenwart und Kassenpr\u00fcfer. Herzlichen Dank an Erich Sterrer und Paul Martin f\u00fcr die Bereitstellung dieser Preziosen!<\/p>\n\n\n\n<p>Unser erster Vorstand Erhard Pohl gab einen bilderreichen und eindrucksvollen \u00dcberblick \u00fcber die Aktivit\u00e4ten im Jahr 2023 (Ausschnitte <a href=\"https:\/\/oldtimerfreunde-miesbach.de\/?page_id=12439\">hier&#8230;<\/a>) und machte damit Lust auf die neue Saison. Wem es auch so geht: einen \u00dcberblick \u00fcber Veranstaltungen in diesem Jahr findest Du <a href=\"https:\/\/oldtimerfreunde-miesbach.de\/?page_id=826\">hier&#8230;<\/a><\/p>\n<\/div>\n<\/div>\n\n\n\n<p>Bei einer Vielzahl von Treffen waren Mitglieder der Oldtimerfreunde als Teilnehmer dabei und auch die Vereinsmitglieder untereinander haben immer wieder Ausfahrten mit ihren Fahrzeugen in kleineren und gr\u00f6\u00dferen Gruppen organisiert. Und der Stammtisch am letzten Freitag im Monat ist bei vielen schon ein fester Termin im Kalender. Auch im \u00f6ffentlichen Leben der Stadt Miesbach sind die Oldtimerfreunde fest verankert, was auch die Berichterstattung in der Presse widerspiegelt. Alle Pressestimmen findest Du <a href=\"https:\/\/oldtimerfreunde-miesbach.de\/?page_id=11357\" target=\"_blank\" rel=\"noreferrer noopener\">hier&#8230;<\/a><\/p>\n\n\n\n<p>Auch der Bericht zur Mitgliederentwicklung und zur Kassenlage bekamen Applaus und Zustimmung der anwesenden Mitglieder, so dass die Entlastung des Vorstands und des Kassenwarts einstimmig erteilt wurde.<\/p>\n\n\n\n<p>Ein zentraler Punkt der diesj\u00e4hrigen Hauptversammlung waren die turnusm\u00e4\u00dfigen Wahlen von Vorstand und Kassenpr\u00fcfern. Unser Gr\u00fcndungsmitglied Reinhard Megele erkl\u00e4rte vor Beginn der Wahlen seinen R\u00fcckzug vom Amt des dritten Vorstands; Beruf und seine zweite gro\u00dfe Leidenschaft, das Musik machen, lassen ihm leider nicht mehr die Zeit f\u00fcr das Amt bei den Oldtimerfreunden. Der lange Applaus der Mitglieder zeigte den Dank f\u00fcr das Engagement und die geleistete Arbeit Reinhards f\u00fcr unseren Verein. <\/p>\n\n\n\n\n\n<div class=\"wp-block-columns is-layout-flex wp-container-core-columns-is-layout-9d6595d7 wp-block-columns-is-layout-flex\">\n<div class=\"wp-block-column is-layout-flow wp-block-column-is-layout-flow\" style=\"flex-basis:66.66%\">\n<p>Ehrenamtliche Arbeit ist praktisch immer Zusatzbelastung und umso erfreulicher ist es, dass sich f\u00fcr alle zu w\u00e4hlenden Positionen Mitglieder zur Wahl stellten. Die Hauptversammlung belohnte dies mit &#8211; bei jeweils einer Enthaltung &#8211; einstimmiger Wahl der einzelnen Kandidaten. <\/p>\n\n\n\n<p>Der neu gew\u00e4hlte Vorstand (von links):<\/p>\n\n\n\n<p>Erich Sterrer (2. Vorstand)<br>Erhard Pohl  (1. Vorstand)<br>Konrad Selder (3. Vorstand)<\/p>\n\n\n\n<p>Mehr \u00fcber den Vorstand und die weiteren \u00c4mter <a href=\"https:\/\/oldtimerfreunde-miesbach.de\/?page_id=10997\">hier&#8230;<\/a><\/p>\n\n\n\n<p>Pressebericht <a href=\"https:\/\/oldtimerfreunde-miesbach.de\/wp-content\/uploads\/2024\/05\/240504-Gelbes-Blatt-Bericht-JHV.jpg\" target=\"_blank\"  rel=\"lightbox[13289] noreferrer noopener nofollow\">hier&#8230;<\/a><\/p>\n<\/div>\n\n\n\n<div class=\"wp-block-column is-layout-flow wp-block-column-is-layout-flow\" style=\"flex-basis:33.33%\">\n<figure class=\"wp-block-image size-full\"><img loading=\"lazy\" decoding=\"async\" width=\"1024\" height=\"768\" src=\"https:\/\/oldtimerfreunde-miesbach.de\/wp-content\/uploads\/2024\/04\/240419-JHV-Vorstand-neu.jpg\" alt=\"\" class=\"wp-image-13324\" title=\"Der neu gew\u00e4hlte Vorstand\" srcset=\"https:\/\/oldtimerfreunde-miesbach.de\/wp-content\/uploads\/2024\/04\/240419-JHV-Vorstand-neu.jpg 1024w, https:\/\/oldtimerfreunde-miesbach.de\/wp-content\/uploads\/2024\/04\/240419-JHV-Vorstand-neu-300x225.jpg 300w, https:\/\/oldtimerfreunde-miesbach.de\/wp-content\/uploads\/2024\/04\/240419-JHV-Vorstand-neu-768x576.jpg 768w\" sizes=\"auto, (max-width: 1024px) 100vw, 1024px\" \/><\/figure>\n<\/div>\n<\/div>\n","protected":false},"excerpt":{"rendered":"<p>Die Oldtimerfreunde Miesbach feiern 9. Geburtstag und wer das h\u00f6rt denkt sich vielleicht &#8222;erst&#8220; oder &#8222;schon&#8220; 9 Jahre. Ein Oldtimer sind wir zwar noch nicht, aber unser Verein hat sich mehr als ordentlich entwickelt und wir sind ein fester Bestandteil <span class=\"excerpt-dots\">&hellip;<\/span> <a class=\"more-link\" href=\"https:\/\/oldtimerfreunde-miesbach.de\/?page_id=13289\"><span class=\"more-msg\">Weiterlesen &rarr;<\/span><\/a><\/p>\n","protected":false},"author":3,"featured_media":0,"parent":13177,"menu_order":85,"comment_status":"closed","ping_status":"closed","template":"","meta":{"ngg_post_thumbnail":0,"footnotes":""},"class_list":["post-13289","page","type-page","status-publish","hentry"],"publishpress_future_action":{"enabled":false,"date":"2026-04-27 03:35:15","action":"change-status","newStatus":"draft","terms":[],"taxonomy":"","extraData":[]},"publishpress_future_workflow_manual_trigger":{"enabledWorkflows":[]},"_links":{"self":[{"href":"https:\/\/oldtimerfreunde-miesbach.de\/index.php?rest_route=\/wp\/v2\/pages\/13289","targetHints":{"allow":["GET"]}}],"collection":[{"href":"https:\/\/oldtimerfreunde-miesbach.de\/index.php?rest_route=\/wp\/v2\/pages"}],"about":[{"href":"https:\/\/oldtimerfreunde-miesbach.de\/index.php?rest_route=\/wp\/v2\/types\/page"}],"author":[{"embeddable":true,"href":"https:\/\/oldtimerfreunde-miesbach.de\/index.php?rest_route=\/wp\/v2\/users\/3"}],"replies":[{"embeddable":true,"href":"https:\/\/oldtimerfreunde-miesbach.de\/index.php?rest_route=%2Fwp%2Fv2%2Fcomments&post=13289"}],"version-history":[{"count":24,"href":"https:\/\/oldtimerfreunde-miesbach.de\/index.php?rest_route=\/wp\/v2\/pages\/13289\/revisions"}],"predecessor-version":[{"id":13348,"href":"https:\/\/oldtimerfreunde-miesbach.de\/index.php?rest_route=\/wp\/v2\/pages\/13289\/revisions\/13348"}],"up":[{"embeddable":true,"href":"https:\/\/oldtimerfreunde-miesbach.de\/index.php?rest_route=\/wp\/v2\/pages\/13177"}],"wp:attachment":[{"href":"https:\/\/oldtimerfreunde-miesbach.de\/index.php?rest_route=%2Fwp%2Fv2%2Fmedia&parent=13289"}],"curies":[{"name":"wp","href":"https:\/\/api.w.org\/{rel}","templated":true}]}}