{"id":13359,"date":"2024-05-10T07:01:47","date_gmt":"2024-05-10T07:01:47","guid":{"rendered":"https:\/\/oldtimerfreunde-miesbach.de\/?page_id=13359"},"modified":"2024-05-10T07:01:48","modified_gmt":"2024-05-10T07:01:48","slug":"saisonauftakt-am-vatertag","status":"publish","type":"page","link":"https:\/\/oldtimerfreunde-miesbach.de\/?page_id=13359","title":{"rendered":"Saisonauftakt am Vatertag"},"content":{"rendered":"\n<p>Unser Saisonauftakt auf eigener Achse begann wie es sich f\u00fcr einen Vatertag geh\u00f6rt: feucht-fr\u00f6hlich. Feucht allerdings nur von oben &#8211; bei l\u00e4stigem Nieselregen und steigerungsf\u00e4higen Temperaturen. So haben sich zun\u00e4chst nur die 120%igen Oldiefans an der Waitzinger Wiese versammelt und dem Wetter getrotzt. Ganz vorne was die Teilnehmerzahl betrifft wie immer die Trakke-Fraktion. Aber auch einige PKW-Freunde haben die Putzaktion, die nach der feuchten Ausfahrt auf sie wartet, nicht gescheut und ihre edlen Karossen aus dem Winterschlaf geholt. Besonders erfreulich: eine ganze Reihe weiblicher Mitglieder und Fans lie\u00dfen sich weder vom Wetter noch vom &#8222;Vatertag&#8220; abschrecken und zeigten, dass Oldtimerleidenschaft jeden erwischen kann.<\/p>\n<p>Und kaum ging&#8217;s los mit der Rundfahrt hatte auch das Wetter ein Einsehen: der Regen h\u00f6rte auf und besonders am Irschenberg zeigte sich die oberbayerische Welt von ihrer sch\u00f6nsten Seite, so dass das Mittagessen im Landgasthof Neukirchen schon draussen genossen werden konnte.Hier stie\u00dfen auch noch einige &#8222;wasserscheue&#8220; Oldtimerfreunde dazu, die direkt zum Gasthof gefahren sind. Und weil&#8217;s gar so sch\u00f6n war machte sich eine Abordnung noch auf zum Oldtimertreffen in Kolbermoor.<\/p>\n<p>F\u00fcr alle anderen dieser gl\u00fccklicherweise pannen- und unfallfreien Ausfahrt waren dann Kaffee und Kuchen am Krauthof der w\u00fcrdige Abschluss.<\/p>\nngg_shortcode_0_placeholder\n","protected":false},"excerpt":{"rendered":"<p>Unser Saisonauftakt auf eigener Achse begann wie es sich f\u00fcr einen Vatertag geh\u00f6rt: feucht-fr\u00f6hlich. Feucht allerdings nur von oben &#8211; bei l\u00e4stigem Nieselregen und steigerungsf\u00e4higen Temperaturen. So haben sich zun\u00e4chst nur die 120%igen Oldiefans an der Waitzinger Wiese versammelt und <span class=\"excerpt-dots\">&hellip;<\/span> <a class=\"more-link\" href=\"https:\/\/oldtimerfreunde-miesbach.de\/?page_id=13359\"><span class=\"more-msg\">Weiterlesen &rarr;<\/span><\/a><\/p>\n","protected":false},"author":3,"featured_media":0,"parent":13177,"menu_order":80,"comment_status":"closed","ping_status":"closed","template":"","meta":{"ngg_post_thumbnail":0,"footnotes":""},"class_list":["post-13359","page","type-page","status-publish","hentry"],"publishpress_future_action":{"enabled":false,"date":"2026-04-22 00:35:45","action":"change-status","newStatus":"draft","terms":[],"taxonomy":"","extraData":[]},"publishpress_future_workflow_manual_trigger":{"enabledWorkflows":[]},"_links":{"self":[{"href":"https:\/\/oldtimerfreunde-miesbach.de\/index.php?rest_route=\/wp\/v2\/pages\/13359","targetHints":{"allow":["GET"]}}],"collection":[{"href":"https:\/\/oldtimerfreunde-miesbach.de\/index.php?rest_route=\/wp\/v2\/pages"}],"about":[{"href":"https:\/\/oldtimerfreunde-miesbach.de\/index.php?rest_route=\/wp\/v2\/types\/page"}],"author":[{"embeddable":true,"href":"https:\/\/oldtimerfreunde-miesbach.de\/index.php?rest_route=\/wp\/v2\/users\/3"}],"replies":[{"embeddable":true,"href":"https:\/\/oldtimerfreunde-miesbach.de\/index.php?rest_route=%2Fwp%2Fv2%2Fcomments&post=13359"}],"version-history":[{"count":8,"href":"https:\/\/oldtimerfreunde-miesbach.de\/index.php?rest_route=\/wp\/v2\/pages\/13359\/revisions"}],"predecessor-version":[{"id":13386,"href":"https:\/\/oldtimerfreunde-miesbach.de\/index.php?rest_route=\/wp\/v2\/pages\/13359\/revisions\/13386"}],"up":[{"embeddable":true,"href":"https:\/\/oldtimerfreunde-miesbach.de\/index.php?rest_route=\/wp\/v2\/pages\/13177"}],"wp:attachment":[{"href":"https:\/\/oldtimerfreunde-miesbach.de\/index.php?rest_route=%2Fwp%2Fv2%2Fmedia&parent=13359"}],"curies":[{"name":"wp","href":"https:\/\/api.w.org\/{rel}","templated":true}]}}