{"id":13447,"date":"2024-05-28T09:17:16","date_gmt":"2024-05-28T09:17:16","guid":{"rendered":"https:\/\/oldtimerfreunde-miesbach.de\/?page_id=13447"},"modified":"2024-05-28T09:22:52","modified_gmt":"2024-05-28T09:22:52","slug":"lanz-aufwecken","status":"publish","type":"page","link":"https:\/\/oldtimerfreunde-miesbach.de\/?page_id=13447","title":{"rendered":"Lanz aufwecken"},"content":{"rendered":"\n\n\n<p>Wir haben ja das Gl\u00fcck ein ganz besonderes St\u00fcck Technik im Vereins-Fuhrpark zu haben: unseren eigenen Lanz Bulldog. <br>Etwas f\u00fcr Kenner und K\u00f6nner, ist das Ding ja nun wirklich nicht einfach zu fahren. Tats\u00e4chlich trauen sich zur Zeit eigentlich nur Nico und Michi das Trumm zu bewegen.<\/p>\n<p>Dabei ist das Fahren noch gar nicht die gr\u00f6\u00dfte Herausforderung: vorher will das Ding gestartet oder besser gesagt &#8211; aufgeweckt &#8211; werden. Das ist eine Prozedur so \u00e4hnlich wie das Hochfahren einer Dampflok, es braucht also eine Menge gewusst-wie, einige helfende H\u00e4nde und viel Zeit und Geduld.<\/p>\n<p>Die helfenden H\u00e4nde waren schnell gefunden, jede Menge wissbegieriger Neugieriger auch und was das know-how betrifft hatten wir exklusive Unterst\u00fctzung vom Bodensee: Markus, DEN Lanz-Kenner in der Szene. Er hat sich extra mit seinem Mercedes Lastwagen (nat\u00fcrlich ein Oldtimer im perfekten Zustand) von Lindau aus auf den Weg zu unserer Vereinschupf gemacht um uns in die Geheimnisse der Lanz-Erweckung einzuweihen. Was dann auch perfekt gelungen ist: schneller als von vielen erwartet tuckerte und h\u00fcpfte unser Lanz so munter vor sich hin, dass Nico als vorsichtiger&nbsp; Bulldogfahrer ihn erst einmal rangiert hat,&nbsp; damit der Lanz nicht gleich bis in die Schlierach h\u00fcpft.<\/p>\n<p>Fehlten nur noch zwei Dinge f\u00fcr das erfolgreiche aufwecken: ausgiebige Bewegungsfahrten den Schopfgraben rauf und runter und eine deftige Brotzeit. Dann blieb nur noch die Frage, ob er sich auch wieder abstellen l\u00e4sst: am Besten mal an der Vereinsschupf vorbeischauen und h\u00f6ren, ob es noch tuckert!<\/p>\nngg_shortcode_0_placeholder\n","protected":false},"excerpt":{"rendered":"<p>Wir haben ja das Gl\u00fcck ein ganz besonderes St\u00fcck Technik im Vereins-Fuhrpark zu haben: unseren eigenen Lanz Bulldog. Etwas f\u00fcr Kenner und K\u00f6nner, ist das Ding ja nun wirklich nicht einfach zu fahren. Tats\u00e4chlich trauen sich zur Zeit eigentlich nur <span class=\"excerpt-dots\">&hellip;<\/span> <a class=\"more-link\" href=\"https:\/\/oldtimerfreunde-miesbach.de\/?page_id=13447\"><span class=\"more-msg\">Weiterlesen &rarr;<\/span><\/a><\/p>\n","protected":false},"author":3,"featured_media":0,"parent":13177,"menu_order":70,"comment_status":"closed","ping_status":"closed","template":"","meta":{"ngg_post_thumbnail":0,"footnotes":""},"class_list":["post-13447","page","type-page","status-publish","hentry"],"publishpress_future_action":{"enabled":false,"date":"2026-04-19 22:09:17","action":"change-status","newStatus":"draft","terms":[],"taxonomy":"","extraData":[]},"publishpress_future_workflow_manual_trigger":{"enabledWorkflows":[]},"_links":{"self":[{"href":"https:\/\/oldtimerfreunde-miesbach.de\/index.php?rest_route=\/wp\/v2\/pages\/13447","targetHints":{"allow":["GET"]}}],"collection":[{"href":"https:\/\/oldtimerfreunde-miesbach.de\/index.php?rest_route=\/wp\/v2\/pages"}],"about":[{"href":"https:\/\/oldtimerfreunde-miesbach.de\/index.php?rest_route=\/wp\/v2\/types\/page"}],"author":[{"embeddable":true,"href":"https:\/\/oldtimerfreunde-miesbach.de\/index.php?rest_route=\/wp\/v2\/users\/3"}],"replies":[{"embeddable":true,"href":"https:\/\/oldtimerfreunde-miesbach.de\/index.php?rest_route=%2Fwp%2Fv2%2Fcomments&post=13447"}],"version-history":[{"count":8,"href":"https:\/\/oldtimerfreunde-miesbach.de\/index.php?rest_route=\/wp\/v2\/pages\/13447\/revisions"}],"predecessor-version":[{"id":13458,"href":"https:\/\/oldtimerfreunde-miesbach.de\/index.php?rest_route=\/wp\/v2\/pages\/13447\/revisions\/13458"}],"up":[{"embeddable":true,"href":"https:\/\/oldtimerfreunde-miesbach.de\/index.php?rest_route=\/wp\/v2\/pages\/13177"}],"wp:attachment":[{"href":"https:\/\/oldtimerfreunde-miesbach.de\/index.php?rest_route=%2Fwp%2Fv2%2Fmedia&parent=13447"}],"curies":[{"name":"wp","href":"https:\/\/api.w.org\/{rel}","templated":true}]}}