{"id":13525,"date":"2024-07-07T08:01:49","date_gmt":"2024-07-07T08:01:49","guid":{"rendered":"https:\/\/oldtimerfreunde-miesbach.de\/?page_id=13525"},"modified":"2024-07-07T08:01:49","modified_gmt":"2024-07-07T08:01:49","slug":"oldtimerfruehschoppen-am-miesbacher-volksfest","status":"publish","type":"page","link":"https:\/\/oldtimerfreunde-miesbach.de\/?page_id=13525","title":{"rendered":"Oldtimerfr\u00fchschoppen am Miesbacher Volksfest"},"content":{"rendered":"\n<p>Wenn in einem doch eher regnerischen Sommer, noch dazu an einem Samstag, die Sonne scheint, als w\u00e4re das schon wochenlang so, dann ist eines sicher: die Oldtimerfreunde sind wieder auf Achse. Dieses Mal wieder zum Oldtimerfr\u00fchschoppen auf dem Miesbacher Volksfest.<\/p>\n<p>Eigentlich war der Fr\u00fchschoppen einmal als gem\u00fctliches Treffen der Vereinsmitglieder auf dem Volksfest gedacht. Vor neun Jahren mit 35 Fahrzeugen gestartet war es noch \u00fcberschaubar und alle hatten gut auf der Festwiese Platz. Irgendwie hat diese Idee aber weit \u00fcber Miesbach hinaus immer mehr Fans gefunden. Vielleicht, weil der Festwirt Anian Kurz f\u00fcr jeden Oldtimerfahrer ein halbes Hendl spendiert und rundum f\u00fcr das leibliche Wohl gesorgt ist, bestimmt aber auch, weil die Familie mitkommen kann und nicht nur altes Blech und Benzingespr\u00e4che zum Zeitvertreib hat. Und ganz sicher auch wegen der vielen eindrucksvollen Rarit\u00e4ten aus allen Epochen.<\/p>\n<p>So stieg die Teilnehmerzahl \u00fcber die Jahre ganz schnell an &#8211; im letzten Jahr bereits auf gut 150 Fahrzeuge &#8211; und dieses Jahr wurden wir regelrecht &#8222;\u00fcberrollt&#8220;. Gedacht war ein gem\u00fctlicher Beginn um 11 Uhr, aber schon kurz nach 9 Uhr waren die ersten Oldtimer da und bei 275 Teilnehmern haben wir aufgeh\u00f6rt zu z\u00e4hlen. Der Platz auf der Festwiese war schon lange vorher voll belegt und viele mussten auf den Haberer Platz ausweichen, wo alleine durch die Anzahl der Fahrzeuge dort schon fast ein zweites Oldtimertreffen entstand. Aus dem gesamten Umland kamen die Fahrzeuge und eine Traktorgruppe ist sogar aus Kufstein angetuckert.&nbsp;<\/p>\n<p>Zu sehen gab es eine Menge echter Rarit\u00e4ten mit Motorr\u00e4dern, Traktoren und PKW aus mehr als acht Jahrzehnten. Weil Sonne und Oldtimer Hunger und Durst machen hatten die Bedienungen alle H\u00e4nde voll zu tun, die vom Festwirt gesponserten Hendl auszutragen und eine k\u00fchle Ma\u00df zu servieren. P\u00fcnktlich zur Er\u00f6ffnung der Fahrgesch\u00e4fte um 14 Uhr l\u00f6ste sich das OIdtimertreffen dann mit viel Dampf und Geknatter auf.<\/p>\n<p>Vielen Dank an die vielen Teilnehmer und Besucher, das Team vom Festwirt Anian Kurz und alle Oldtimerfreunde, die zu diesem gelungenen Fr\u00fchschoppen beigetragen haben.<\/p>\nngg_shortcode_0_placeholder\n<p>&nbsp;<\/p>\n","protected":false},"excerpt":{"rendered":"<p>Wenn in einem doch eher regnerischen Sommer, noch dazu an einem Samstag, die Sonne scheint, als w\u00e4re das schon wochenlang so, dann ist eines sicher: die Oldtimerfreunde sind wieder auf Achse. Dieses Mal wieder zum Oldtimerfr\u00fchschoppen auf dem Miesbacher Volksfest. <span class=\"excerpt-dots\">&hellip;<\/span> <a class=\"more-link\" href=\"https:\/\/oldtimerfreunde-miesbach.de\/?page_id=13525\"><span class=\"more-msg\">Weiterlesen &rarr;<\/span><\/a><\/p>\n","protected":false},"author":3,"featured_media":0,"parent":13177,"menu_order":50,"comment_status":"closed","ping_status":"closed","template":"","meta":{"ngg_post_thumbnail":0,"footnotes":""},"class_list":["post-13525","page","type-page","status-publish","hentry"],"publishpress_future_action":{"enabled":false,"date":"2026-04-28 11:56:06","action":"change-status","newStatus":"draft","terms":[],"taxonomy":"","extraData":[]},"publishpress_future_workflow_manual_trigger":{"enabledWorkflows":[]},"_links":{"self":[{"href":"https:\/\/oldtimerfreunde-miesbach.de\/index.php?rest_route=\/wp\/v2\/pages\/13525","targetHints":{"allow":["GET"]}}],"collection":[{"href":"https:\/\/oldtimerfreunde-miesbach.de\/index.php?rest_route=\/wp\/v2\/pages"}],"about":[{"href":"https:\/\/oldtimerfreunde-miesbach.de\/index.php?rest_route=\/wp\/v2\/types\/page"}],"author":[{"embeddable":true,"href":"https:\/\/oldtimerfreunde-miesbach.de\/index.php?rest_route=\/wp\/v2\/users\/3"}],"replies":[{"embeddable":true,"href":"https:\/\/oldtimerfreunde-miesbach.de\/index.php?rest_route=%2Fwp%2Fv2%2Fcomments&post=13525"}],"version-history":[{"count":6,"href":"https:\/\/oldtimerfreunde-miesbach.de\/index.php?rest_route=\/wp\/v2\/pages\/13525\/revisions"}],"predecessor-version":[{"id":13590,"href":"https:\/\/oldtimerfreunde-miesbach.de\/index.php?rest_route=\/wp\/v2\/pages\/13525\/revisions\/13590"}],"up":[{"embeddable":true,"href":"https:\/\/oldtimerfreunde-miesbach.de\/index.php?rest_route=\/wp\/v2\/pages\/13177"}],"wp:attachment":[{"href":"https:\/\/oldtimerfreunde-miesbach.de\/index.php?rest_route=%2Fwp%2Fv2%2Fmedia&parent=13525"}],"curies":[{"name":"wp","href":"https:\/\/api.w.org\/{rel}","templated":true}]}}