{"id":13668,"date":"2024-11-13T10:26:21","date_gmt":"2024-11-13T10:26:21","guid":{"rendered":"https:\/\/oldtimerfreunde-miesbach.de\/?page_id=13668"},"modified":"2024-11-13T10:26:22","modified_gmt":"2024-11-13T10:26:22","slug":"saisonabschluss-2024-am-kirchweihmontag","status":"publish","type":"page","link":"https:\/\/oldtimerfreunde-miesbach.de\/?page_id=13668","title":{"rendered":"Saisonabschluss 2024 am Kirchweihmontag"},"content":{"rendered":"\n<p>Jedes Jahr das Gleiche: kaum sind die Batterien eingebaut und man freut sich auf eine sch\u00f6ne Oldtimersaison, schon ist diese wieder rum. Aber es gibt ja immer am Kirchweihmontag die Abschlussfahrt und nach der kann man inzwischen den Wetterbericht vorhersagen. Egal wie nass und neblig es an den Tagen vorher ist, bei der Abschlussfahrt scheint die Sonne. So auch dieses Jahr.<\/p>\n<p>Und so haben sich dann wieder eine ganze Reihe Traktoren und PKWs zum Weisswurstessen beim Br\u00e4uwirt eingefunden. Sogar ein LKW war dabei. Nur die Motorradfraktion hat sich dieses Jahr rar gemacht; eine einsame DKW und sonst nichts. F\u00fcr PKW und Motorrad ging es dieses Jahr zur Bergwertung auf die ehemalige Bergrennstrecke Wallbergstrasse bis zur Wallbergmoosalm, f\u00fcr die Traktoren auf verschlungenen Wegen zum Gasthaus N\u00e4gele in W\u00f6rnsm\u00fchl. Dort war dann f\u00fcr alle wieder Treffpunkt zum geselligen Abschluss einer gelungenen Saison.<\/p>\nngg_shortcode_0_placeholder\n\n\n","protected":false},"excerpt":{"rendered":"<p>Jedes Jahr das Gleiche: kaum sind die Batterien eingebaut und man freut sich auf eine sch\u00f6ne Oldtimersaison, schon ist diese wieder rum. Aber es gibt ja immer am Kirchweihmontag die Abschlussfahrt und nach der kann man inzwischen den Wetterbericht vorhersagen. <span class=\"excerpt-dots\">&hellip;<\/span> <a class=\"more-link\" href=\"https:\/\/oldtimerfreunde-miesbach.de\/?page_id=13668\"><span class=\"more-msg\">Weiterlesen &rarr;<\/span><\/a><\/p>\n","protected":false},"author":3,"featured_media":0,"parent":13177,"menu_order":40,"comment_status":"closed","ping_status":"closed","template":"","meta":{"ngg_post_thumbnail":0,"footnotes":""},"class_list":["post-13668","page","type-page","status-publish","hentry"],"publishpress_future_action":{"enabled":false,"date":"2026-05-09 09:03:50","action":"change-status","newStatus":"draft","terms":[],"taxonomy":"","extraData":[]},"publishpress_future_workflow_manual_trigger":{"enabledWorkflows":[]},"_links":{"self":[{"href":"https:\/\/oldtimerfreunde-miesbach.de\/index.php?rest_route=\/wp\/v2\/pages\/13668","targetHints":{"allow":["GET"]}}],"collection":[{"href":"https:\/\/oldtimerfreunde-miesbach.de\/index.php?rest_route=\/wp\/v2\/pages"}],"about":[{"href":"https:\/\/oldtimerfreunde-miesbach.de\/index.php?rest_route=\/wp\/v2\/types\/page"}],"author":[{"embeddable":true,"href":"https:\/\/oldtimerfreunde-miesbach.de\/index.php?rest_route=\/wp\/v2\/users\/3"}],"replies":[{"embeddable":true,"href":"https:\/\/oldtimerfreunde-miesbach.de\/index.php?rest_route=%2Fwp%2Fv2%2Fcomments&post=13668"}],"version-history":[{"count":3,"href":"https:\/\/oldtimerfreunde-miesbach.de\/index.php?rest_route=\/wp\/v2\/pages\/13668\/revisions"}],"predecessor-version":[{"id":13691,"href":"https:\/\/oldtimerfreunde-miesbach.de\/index.php?rest_route=\/wp\/v2\/pages\/13668\/revisions\/13691"}],"up":[{"embeddable":true,"href":"https:\/\/oldtimerfreunde-miesbach.de\/index.php?rest_route=\/wp\/v2\/pages\/13177"}],"wp:attachment":[{"href":"https:\/\/oldtimerfreunde-miesbach.de\/index.php?rest_route=%2Fwp%2Fv2%2Fmedia&parent=13668"}],"curies":[{"name":"wp","href":"https:\/\/api.w.org\/{rel}","templated":true}]}}