{"id":13934,"date":"2025-03-29T10:20:14","date_gmt":"2025-03-29T10:20:14","guid":{"rendered":"https:\/\/oldtimerfreunde-miesbach.de\/?page_id=13934"},"modified":"2026-03-04T14:52:27","modified_gmt":"2026-03-04T14:52:27","slug":"10-jahreshauptversammlung","status":"publish","type":"page","link":"https:\/\/oldtimerfreunde-miesbach.de\/?page_id=13934","title":{"rendered":"10. Jahreshauptversammlung"},"content":{"rendered":"\n<div class=\"wp-block-columns is-layout-flex wp-container-core-columns-is-layout-9d6595d7 wp-block-columns-is-layout-flex\">\n<div class=\"wp-block-column is-layout-flow wp-block-column-is-layout-flow\" style=\"flex-basis:66.66%\">\n<p>Unsere 10. Hauptversammlung war ein ganz besonderes Ereignis f\u00fcr uns, markiert sie doch unser inzwischen 10-j\u00e4hriges Bestehen. Erfreulich gro\u00df war daher auch die Teilnehmerzahl; mehr als 70 Mitglieder, Freunde und Pressevertreter kamen in die SV Sportgastst\u00e4tte. Auch dieses Jahr gab es zur Begr\u00fc\u00dfung wieder eine Rarit\u00e4t auf zwei R\u00e4dern zu bestaunen: eine Flottweg F3 von 1925 mit rarem Motor der Otto Werke M\u00fcnchen und in unrestauriertem Originalzustand!<\/p>\n<p>Zu Beginn erfreute uns Astrid G\u00fcldener, die zweite B\u00fcrgermeisterin der Stadt Miesbach mit ihrem Grusswort und vor allem einem Versprechen: <br>sobald sie einen G\u00fcldener Traktor mit gr\u00fcner Lackierung findet wird sie Mitglied der Oldtimerfreunde! Das sollte f\u00fcr das Netzwerk unserer 230 Mitglieder eigentlich kein Problem sein.<\/p>\n<p>&nbsp;<\/p>\n<\/div>\n\n\n\n<div class=\"wp-block-column is-layout-flow wp-block-column-is-layout-flow\" style=\"flex-basis:33.33%\">\n<figure class=\"wp-block-image size-large\"><img loading=\"lazy\" decoding=\"async\" width=\"1024\" height=\"983\" src=\"https:\/\/oldtimerfreunde-miesbach.de\/wp-content\/uploads\/2025\/04\/25042510.JHV--1024x983.jpg\" alt=\"\" class=\"wp-image-13995\" srcset=\"https:\/\/oldtimerfreunde-miesbach.de\/wp-content\/uploads\/2025\/04\/25042510.JHV--1024x983.jpg 1024w, https:\/\/oldtimerfreunde-miesbach.de\/wp-content\/uploads\/2025\/04\/25042510.JHV--300x288.jpg 300w, https:\/\/oldtimerfreunde-miesbach.de\/wp-content\/uploads\/2025\/04\/25042510.JHV--768x737.jpg 768w, https:\/\/oldtimerfreunde-miesbach.de\/wp-content\/uploads\/2025\/04\/25042510.JHV--1536x1474.jpg 1536w, https:\/\/oldtimerfreunde-miesbach.de\/wp-content\/uploads\/2025\/04\/25042510.JHV--2048x1966.jpg 2048w\" sizes=\"auto, (max-width: 1024px) 100vw, 1024px\" \/><\/figure>\n<\/div>\n<\/div>\n\n\n\n<p style=\"text-align: left;\">Der erste Vorstand Erhard Pohl gab dann in bew\u00e4hrter Weise einen bunten und frischen \u00dcberblick \u00fcber die Aktivit\u00e4ten im Jahr 2024. Es ist immer wieder erstaunlich, was sich im Laufe einer Oldtimersaison so alles tut und welch tolle Schnappsch\u00fcsse und Anekdoten sich dabei ergeben. Technikbericht, Mitgliederentwicklung und Kassenbericht wurden von den anwesenden Mitgliedern ebenfalls mit gro\u00dfem Interesse aufgenommen und schlussendich wurde Vorstand und Kassenwart einstimmig Entlastung erteilt.<\/p>\n<p>Danach folgte noch der Ausblick auf die Aktivit\u00e4ten in unserem Jubil\u00e4umsjahr und vor allem auf die gro\u00dfe Jubil\u00e4umsfeier am 12. Juli 2025. Mehr dazu findest du <a href=\"https:\/\/oldtimerfreunde-miesbach.de\/?page_id=13757\">hier&#8230;<\/a> <\/p>\n\n\n\n\n\n<div style=\"height:38px\" aria-hidden=\"true\" class=\"wp-block-spacer\"><\/div>\n\n\n\n<div class=\"wp-block-columns is-layout-flex wp-container-core-columns-is-layout-9d6595d7 wp-block-columns-is-layout-flex\">\n<div class=\"wp-block-column is-layout-flow wp-block-column-is-layout-flow\">\n<p>Alle Teilnehmer haben auf der Hauptversammlung die Vereinschronik zum 10-j\u00e4hrigen Gr\u00fcndungsjubil\u00e4um <br>der Oldtimerfreunde Miesbach e.V. erhalten.<\/p>\n<p>Rechts kannst Du schon mal reinschm\u00f6kern<\/p>\n<p>Einen Pressebericht findest Du hier: <a href=\"https:\/\/oldtimerfreunde-miesbach.de\/wp-content\/uploads\/2025\/05\/250517-Gelbes-Blatt-OFM-JHV.jpg\" rel=\"lightbox[13934]\">Gelbes Blatt vom 18.5.25<\/a> <\/p>\n<\/div>\n\n\n\n<div class=\"wp-block-column is-layout-flow wp-block-column-is-layout-flow\">\n<figure class=\"wp-block-image size-medium\"><a href=\"https:\/\/oldtimerfreunde-miesbach.de\/wp-content\/uploads\/2025\/04\/250425-OFM-Vereinschronik-10-Jahre-online.pdf\" target=\"_blank\" rel=\" noreferrer noopener\"><img decoding=\"async\" src=\"https:\/\/oldtimerfreunde-miesbach.de\/wp-content\/uploads\/2025\/04\/250425-OFM-Vereinschronik-10-Jahre-Titelblatt-238x300.jpg\" alt=\"\" class=\"wp-image-13974\"\/><\/a><\/figure>\n<\/div>\n<\/div>\n\n\n","protected":false},"excerpt":{"rendered":"<p>Unsere 10. Hauptversammlung war ein ganz besonderes Ereignis f\u00fcr uns, markiert sie doch unser inzwischen 10-j\u00e4hriges Bestehen. Erfreulich gro\u00df war daher auch die Teilnehmerzahl; mehr als 70 Mitglieder, Freunde und Pressevertreter kamen in die SV Sportgastst\u00e4tte. Auch dieses Jahr gab <span class=\"excerpt-dots\">&hellip;<\/span> <a class=\"more-link\" href=\"https:\/\/oldtimerfreunde-miesbach.de\/?page_id=13934\"><span class=\"more-msg\">Weiterlesen &rarr;<\/span><\/a><\/p>\n","protected":false},"author":3,"featured_media":0,"parent":13855,"menu_order":87,"comment_status":"closed","ping_status":"closed","template":"","meta":{"ngg_post_thumbnail":0,"footnotes":""},"class_list":["post-13934","page","type-page","status-publish","hentry"],"publishpress_future_action":{"enabled":false,"date":"2026-04-13 11:27:11","action":"change-status","newStatus":"draft","terms":[],"taxonomy":"","extraData":[]},"publishpress_future_workflow_manual_trigger":{"enabledWorkflows":[]},"_links":{"self":[{"href":"https:\/\/oldtimerfreunde-miesbach.de\/index.php?rest_route=\/wp\/v2\/pages\/13934","targetHints":{"allow":["GET"]}}],"collection":[{"href":"https:\/\/oldtimerfreunde-miesbach.de\/index.php?rest_route=\/wp\/v2\/pages"}],"about":[{"href":"https:\/\/oldtimerfreunde-miesbach.de\/index.php?rest_route=\/wp\/v2\/types\/page"}],"author":[{"embeddable":true,"href":"https:\/\/oldtimerfreunde-miesbach.de\/index.php?rest_route=\/wp\/v2\/users\/3"}],"replies":[{"embeddable":true,"href":"https:\/\/oldtimerfreunde-miesbach.de\/index.php?rest_route=%2Fwp%2Fv2%2Fcomments&post=13934"}],"version-history":[{"count":18,"href":"https:\/\/oldtimerfreunde-miesbach.de\/index.php?rest_route=\/wp\/v2\/pages\/13934\/revisions"}],"predecessor-version":[{"id":14011,"href":"https:\/\/oldtimerfreunde-miesbach.de\/index.php?rest_route=\/wp\/v2\/pages\/13934\/revisions\/14011"}],"up":[{"embeddable":true,"href":"https:\/\/oldtimerfreunde-miesbach.de\/index.php?rest_route=\/wp\/v2\/pages\/13855"}],"wp:attachment":[{"href":"https:\/\/oldtimerfreunde-miesbach.de\/index.php?rest_route=%2Fwp%2Fv2%2Fmedia&parent=13934"}],"curies":[{"name":"wp","href":"https:\/\/api.w.org\/{rel}","templated":true}]}}