{"id":14029,"date":"2025-06-04T11:30:34","date_gmt":"2025-06-04T11:30:34","guid":{"rendered":"https:\/\/oldtimerfreunde-miesbach.de\/?page_id=14029"},"modified":"2025-06-08T06:03:24","modified_gmt":"2025-06-08T06:03:24","slug":"oldtimer-benefiz-stadtrundfahrt","status":"publish","type":"page","link":"https:\/\/oldtimerfreunde-miesbach.de\/?page_id=14029","title":{"rendered":"Oldtimer-Benefiz-Stadtrundfahrt"},"content":{"rendered":"\n<p>Jedes Jahr ein Highlight in unserem Veranstaltungskalender: die Oldtimer-Stadtrundfahrt zu Gunsten eines guten Zwecks. Bereits zum vierten Mal in Folge hie\u00df es wieder anschauen, reinsetzen, mitfahren in den Fahrzeugen unserer Vereinsmitglieder. Mit was und wie oft man will.<\/p>\n<p>Da leuchten dann nicht nur die Kinderaugen, sondern auch die der Erwachsenen und es bleiben nicht nur nachhaltige Eindr\u00fccke bei allen Teilnehmern, mit den Spenden f\u00fcr die Rundfahrt, die Kuchen, gebacken von Vereinsmitlgiedern und Spendern und den Kaffee der R\u00f6sterei Perkmann wird auch wieder ein Projekt f\u00fcr das Gemeinwohl unterst\u00fctzt.<\/p>\n<p>So konnten sich am Ende die Oldtimerfreunde und der Vorsitzende des F\u00f6rdervereins Warmbad \u00fcber knapp 650 \u20ac f\u00fcr den Kinderbereich im neuen Warmbad freuen.<\/p>\n<p>Den Pressebericht findest du <a href=\"https:\/\/www.merkur.de\/lokales\/region-miesbach\/dasgelbeblatt\/oldtimerfreunde-miesbach-sammeln-mit-rundfahrt-geld-fuer-warmbad-93772905.html\" target=\"_blank\" rel=\"noopener\">hier&#8230;<\/a><\/p>\n<p>&nbsp;<\/p>\n\n\n\nngg_shortcode_0_placeholder\n","protected":false},"excerpt":{"rendered":"<p>Jedes Jahr ein Highlight in unserem Veranstaltungskalender: die Oldtimer-Stadtrundfahrt zu Gunsten eines guten Zwecks. Bereits zum vierten Mal in Folge hie\u00df es wieder anschauen, reinsetzen, mitfahren in den Fahrzeugen unserer Vereinsmitglieder. Mit was und wie oft man will. Da leuchten <span class=\"excerpt-dots\">&hellip;<\/span> <a class=\"more-link\" href=\"https:\/\/oldtimerfreunde-miesbach.de\/?page_id=14029\"><span class=\"more-msg\">Weiterlesen &rarr;<\/span><\/a><\/p>\n","protected":false},"author":3,"featured_media":0,"parent":13855,"menu_order":85,"comment_status":"closed","ping_status":"closed","template":"","meta":{"ngg_post_thumbnail":0,"footnotes":""},"class_list":["post-14029","page","type-page","status-publish","hentry"],"publishpress_future_action":{"enabled":false,"date":"2026-05-05 16:48:07","action":"change-status","newStatus":"draft","terms":[],"taxonomy":"","extraData":[]},"publishpress_future_workflow_manual_trigger":{"enabledWorkflows":[]},"_links":{"self":[{"href":"https:\/\/oldtimerfreunde-miesbach.de\/index.php?rest_route=\/wp\/v2\/pages\/14029","targetHints":{"allow":["GET"]}}],"collection":[{"href":"https:\/\/oldtimerfreunde-miesbach.de\/index.php?rest_route=\/wp\/v2\/pages"}],"about":[{"href":"https:\/\/oldtimerfreunde-miesbach.de\/index.php?rest_route=\/wp\/v2\/types\/page"}],"author":[{"embeddable":true,"href":"https:\/\/oldtimerfreunde-miesbach.de\/index.php?rest_route=\/wp\/v2\/users\/3"}],"replies":[{"embeddable":true,"href":"https:\/\/oldtimerfreunde-miesbach.de\/index.php?rest_route=%2Fwp%2Fv2%2Fcomments&post=14029"}],"version-history":[{"count":6,"href":"https:\/\/oldtimerfreunde-miesbach.de\/index.php?rest_route=\/wp\/v2\/pages\/14029\/revisions"}],"predecessor-version":[{"id":14072,"href":"https:\/\/oldtimerfreunde-miesbach.de\/index.php?rest_route=\/wp\/v2\/pages\/14029\/revisions\/14072"}],"up":[{"embeddable":true,"href":"https:\/\/oldtimerfreunde-miesbach.de\/index.php?rest_route=\/wp\/v2\/pages\/13855"}],"wp:attachment":[{"href":"https:\/\/oldtimerfreunde-miesbach.de\/index.php?rest_route=%2Fwp%2Fv2%2Fmedia&parent=14029"}],"curies":[{"name":"wp","href":"https:\/\/api.w.org\/{rel}","templated":true}]}}