{"id":14142,"date":"2025-06-29T09:16:51","date_gmt":"2025-06-29T09:16:51","guid":{"rendered":"https:\/\/oldtimerfreunde-miesbach.de\/?page_id=14142"},"modified":"2025-06-29T09:16:52","modified_gmt":"2025-06-29T09:16:52","slug":"oldtimerfruehschoppen","status":"publish","type":"page","link":"https:\/\/oldtimerfreunde-miesbach.de\/?page_id=14142","title":{"rendered":"Oldtimerfr\u00fchschoppen"},"content":{"rendered":"\n<p>Dreinullf\u00fcnf &#8211; das war die Zahl des Tages bei unserem diesj\u00e4hrigen Oldtimerfr\u00fchschoppen auf dem Miesbacher Volksfest.<\/p>\n\n\n\n<p>Einmal d\u00fcrfte damit die Temperatur am sp\u00e4teren Vormittag ganz gut beschrieben sein, auch wenn es gef\u00fchlt eher mehr als 30,5 Grad waren. Die Zahl bedeutet aber auch eine wie in all den vorangangenen Jahren erneut deutlich gestiegene Teilnehmerzahl: <strong>305 Teilnehmer<\/strong> mit unterschiedlichsten Autos, Traktoren, Motorr\u00e4dern und Mopeds haben unsere Logistik ganz sch\u00f6n herausgefordert.<\/p>\n\n\n\n<p>Gerade Mopeds aller Epochen waren heuer rekordverd\u00e4chtig vertreten \u2013 die Mopedgangs \u00a0der 70ger sind an diesem Tag wieder aufgelebt und es scheint, dass viele Jugendliche die Leidenschaft Ihrer V\u00e4ter wieder entdecken. Aber auch viele Unikate und top gepflegte Rarit\u00e4ten schm\u00fcckten den Festplatz rund um die Fahrgesch\u00e4fte.<\/p>\n\n\n\n<p>Die PKW belagerten die gesamte Susanne Waitzinger Stra\u00dfe samt Habererplatz und sogar der Polizeiparkplatz &#8211; dankenswerterweise ganz spontan und kurzfristig als Ausweichfl\u00e4che von der Polizei zur Verf\u00fcgung gestellt &#8211; war komplett zugeparkt. Vielen Dank daf\u00fcr!<\/p>\n\n\n\n<p>Wir wissen jetzt nicht, ob der Festwirtsfamilie Kurz bei der Zahl &#8222;kurz&#8220; schwindlig geworden ist, haben sie doch jedem Teilnehmer, der mit einem Oldtimer kommt, einen Hendlgutschein versprochen. Was wir wissen: jeder hat nat\u00fcrlich den Hendlgutschein bekommen. Unser Respekt und gro\u00dfer Dank &#8211; das ist nicht selbstverst\u00e4ndlich &#8211; und macht bestimmt neben dem Volksfest und dem Bierzelt auch den gro\u00dfen und \u00fcberregionalen Reiz des Oldtimerfr\u00fchschoppens aus.<\/p>\n\n\n\n<p>Was einmal als gem\u00fctlicher Fr\u00fchschoppen der Vereinsmitglieder begann ist inzwischen bis weit ins Umland ein gerne besuchtes Oldtimerrtreffen.  Daf\u00fcr bedanken wir uns bei den vielen Besuchern, bei allen Helfern aus dem Verein, bei der Polizei und der Stadt Miebsach f\u00fcr manch spontane und unb\u00fcrokratische Unterst\u00fctzung, bei den Schaustellern, die an diesem Tag zusammenr\u00fccken damit die Teilnehmer mitten auf dem Festgel\u00e4nde parken k\u00f6nnen und nat\u00fcrlich ganz besonders bei den Festwirten Yvonne und Anian Kurz. <\/p>\n\n\n\n<p>Und f\u00fcr alle, die noch nicht genug vom Oldtimerschauen haben: am <strong>12. Juli<\/strong> feiern wir 10 Jahre Oldtimerfreunde Miesbach und zeigen von 11 bis 16 Uhr was so alles in den Garagen und Schuppen unserer Vereinsmitglieder steht (und f\u00e4hrt). Mehr dazu <a href=\"https:\/\/oldtimerfreunde-miesbach.de\/?page_id=13757\">hier&#8230;<\/a><\/p>\n\n\n\nngg_shortcode_0_placeholder\n\n\n","protected":false},"excerpt":{"rendered":"<p>Dreinullf\u00fcnf &#8211; das war die Zahl des Tages bei unserem diesj\u00e4hrigen Oldtimerfr\u00fchschoppen auf dem Miesbacher Volksfest. Einmal d\u00fcrfte damit die Temperatur am sp\u00e4teren Vormittag ganz gut beschrieben sein, auch wenn es gef\u00fchlt eher mehr als 30,5 Grad waren. Die Zahl <span class=\"excerpt-dots\">&hellip;<\/span> <a class=\"more-link\" href=\"https:\/\/oldtimerfreunde-miesbach.de\/?page_id=14142\"><span class=\"more-msg\">Weiterlesen &rarr;<\/span><\/a><\/p>\n","protected":false},"author":3,"featured_media":0,"parent":13855,"menu_order":80,"comment_status":"closed","ping_status":"closed","template":"","meta":{"ngg_post_thumbnail":0,"footnotes":""},"class_list":["post-14142","page","type-page","status-publish","hentry"],"publishpress_future_action":{"enabled":false,"date":"2026-04-19 23:38:21","action":"change-status","newStatus":"draft","terms":[],"taxonomy":"","extraData":[]},"publishpress_future_workflow_manual_trigger":{"enabledWorkflows":[]},"_links":{"self":[{"href":"https:\/\/oldtimerfreunde-miesbach.de\/index.php?rest_route=\/wp\/v2\/pages\/14142","targetHints":{"allow":["GET"]}}],"collection":[{"href":"https:\/\/oldtimerfreunde-miesbach.de\/index.php?rest_route=\/wp\/v2\/pages"}],"about":[{"href":"https:\/\/oldtimerfreunde-miesbach.de\/index.php?rest_route=\/wp\/v2\/types\/page"}],"author":[{"embeddable":true,"href":"https:\/\/oldtimerfreunde-miesbach.de\/index.php?rest_route=\/wp\/v2\/users\/3"}],"replies":[{"embeddable":true,"href":"https:\/\/oldtimerfreunde-miesbach.de\/index.php?rest_route=%2Fwp%2Fv2%2Fcomments&post=14142"}],"version-history":[{"count":15,"href":"https:\/\/oldtimerfreunde-miesbach.de\/index.php?rest_route=\/wp\/v2\/pages\/14142\/revisions"}],"predecessor-version":[{"id":14157,"href":"https:\/\/oldtimerfreunde-miesbach.de\/index.php?rest_route=\/wp\/v2\/pages\/14142\/revisions\/14157"}],"up":[{"embeddable":true,"href":"https:\/\/oldtimerfreunde-miesbach.de\/index.php?rest_route=\/wp\/v2\/pages\/13855"}],"wp:attachment":[{"href":"https:\/\/oldtimerfreunde-miesbach.de\/index.php?rest_route=%2Fwp%2Fv2%2Fmedia&parent=14142"}],"curies":[{"name":"wp","href":"https:\/\/api.w.org\/{rel}","templated":true}]}}