{"id":14193,"date":"2025-07-15T09:38:49","date_gmt":"2025-07-15T09:38:49","guid":{"rendered":"https:\/\/oldtimerfreunde-miesbach.de\/?page_id=14193"},"modified":"2025-07-17T06:11:13","modified_gmt":"2025-07-17T06:11:13","slug":"partner","status":"publish","type":"page","link":"https:\/\/oldtimerfreunde-miesbach.de\/?page_id=14193","title":{"rendered":"Partner"},"content":{"rendered":"\n<div class=\"wp-block-columns is-layout-flex wp-container-core-columns-is-layout-9d6595d7 wp-block-columns-is-layout-flex\">\n<div class=\"wp-block-column is-layout-flow wp-block-column-is-layout-flow\" style=\"flex-basis:80%\">\n<p>Schon von Beginn an haben die Oldtimerfreunde Miesbach den Kontakt und die Zusammenarbeit zu Gleichgesinnten gesucht und gepflegt. Besonders eng ist dabei die Verbindung zu den Oldtimerfreunden Au-Kematen-Dettendorf, haben uns diese doch schon bei der Vereinsgr\u00fcndung mit Rat und Tat unterst\u00fctzt.<\/p>\n<p>Das 10-j\u00e4hrige Bestehen der Oldtimerfreunde Miesbach war nun ein w\u00fcrdiger Anlass und Rahmen, diese Verbindung weiter zu st\u00e4rken und so wurde im Rahmen der Jubil\u00e4umsfeier am 12. Juli 2025 die Vereinspartnerschaft beurkundet.<\/p>\n<\/div>\n\n\n\n<div class=\"wp-block-column is-layout-flow wp-block-column-is-layout-flow\" style=\"flex-basis:20%\">\n<figure class=\"wp-block-image size-full is-resized\"><a href=\"https:\/\/oldtimerfreunde.weebly.com\/verein.html\" target=\"_blank\" rel=\" noreferrer noopener\"><img loading=\"lazy\" decoding=\"async\" width=\"300\" height=\"254\" src=\"https:\/\/oldtimerfreunde-miesbach.de\/wp-content\/uploads\/2025\/07\/Oldtimerfreunde-Au-Kematen-Dettendorf-Logo.png\" alt=\"\" class=\"wp-image-14310\" style=\"object-fit:cover;width:150px;height:127px\"\/><\/a><\/figure>\n<\/div>\n<\/div>\n\n\n\n<p>Unser gemeinsames Ziel ist es, den Austausch und die Zusammenarbeit bei allen Themen rund um Oldtimer zu f\u00f6rdern. Ob bei Veranstaltungen, technischen Fragen oder gemeinsamen Ausfahrten \u2013 wir m\u00f6chten unsere Leidenschaft f\u00fcr klassische Fahrzeuge teilen und gemeinsam gestalten.<\/p>\n<p>Wir sind \u00fcberzeugt, dass diese Partnerschaft unsere Vereine st\u00e4rkt und noch mehr Freude an der faszinierenden Welt der Oldtimer bringt.&nbsp;<\/p>\n\n\n\n<figure class=\"wp-block-image size-full\"><img loading=\"lazy\" decoding=\"async\" width=\"1024\" height=\"591\" src=\"https:\/\/oldtimerfreunde-miesbach.de\/wp-content\/uploads\/2025\/07\/250712_Miesbach_10-Jahre_OFM-122.jpg\" alt=\"\" class=\"wp-image-14197\" srcset=\"https:\/\/oldtimerfreunde-miesbach.de\/wp-content\/uploads\/2025\/07\/250712_Miesbach_10-Jahre_OFM-122.jpg 1024w, https:\/\/oldtimerfreunde-miesbach.de\/wp-content\/uploads\/2025\/07\/250712_Miesbach_10-Jahre_OFM-122-300x173.jpg 300w, https:\/\/oldtimerfreunde-miesbach.de\/wp-content\/uploads\/2025\/07\/250712_Miesbach_10-Jahre_OFM-122-768x443.jpg 768w\" sizes=\"auto, (max-width: 1024px) 100vw, 1024px\" \/><\/figure>\n\n\n\n<p>Unterzeichnung der Vereinspartnerschaft durch Erhard Pohl (4. v. li.) und Markus Kaffl (4. v. re.), bezeugt durch die B\u00fcrgermeister von Miesbach, Dr.  Gerhard Braunmiller (3. v. li.) und Bad Feilnbach, Maximilian Singer (3. v. re.)<\/p>\n","protected":false},"excerpt":{"rendered":"<p>Schon von Beginn an haben die Oldtimerfreunde Miesbach den Kontakt und die Zusammenarbeit zu Gleichgesinnten gesucht und gepflegt. Besonders eng ist dabei die Verbindung zu den Oldtimerfreunden Au-Kematen-Dettendorf, haben uns diese doch schon bei der Vereinsgr\u00fcndung mit Rat und Tat <span class=\"excerpt-dots\">&hellip;<\/span> <a class=\"more-link\" href=\"https:\/\/oldtimerfreunde-miesbach.de\/?page_id=14193\"><span class=\"more-msg\">Weiterlesen &rarr;<\/span><\/a><\/p>\n","protected":false},"author":3,"featured_media":0,"parent":7,"menu_order":17,"comment_status":"closed","ping_status":"closed","template":"","meta":{"ngg_post_thumbnail":0,"footnotes":""},"class_list":["post-14193","page","type-page","status-publish","hentry"],"publishpress_future_action":{"enabled":false,"date":"2026-04-27 03:29:54","action":"change-status","newStatus":"draft","terms":[],"taxonomy":"","extraData":[]},"publishpress_future_workflow_manual_trigger":{"enabledWorkflows":[]},"_links":{"self":[{"href":"https:\/\/oldtimerfreunde-miesbach.de\/index.php?rest_route=\/wp\/v2\/pages\/14193","targetHints":{"allow":["GET"]}}],"collection":[{"href":"https:\/\/oldtimerfreunde-miesbach.de\/index.php?rest_route=\/wp\/v2\/pages"}],"about":[{"href":"https:\/\/oldtimerfreunde-miesbach.de\/index.php?rest_route=\/wp\/v2\/types\/page"}],"author":[{"embeddable":true,"href":"https:\/\/oldtimerfreunde-miesbach.de\/index.php?rest_route=\/wp\/v2\/users\/3"}],"replies":[{"embeddable":true,"href":"https:\/\/oldtimerfreunde-miesbach.de\/index.php?rest_route=%2Fwp%2Fv2%2Fcomments&post=14193"}],"version-history":[{"count":9,"href":"https:\/\/oldtimerfreunde-miesbach.de\/index.php?rest_route=\/wp\/v2\/pages\/14193\/revisions"}],"predecessor-version":[{"id":14315,"href":"https:\/\/oldtimerfreunde-miesbach.de\/index.php?rest_route=\/wp\/v2\/pages\/14193\/revisions\/14315"}],"up":[{"embeddable":true,"href":"https:\/\/oldtimerfreunde-miesbach.de\/index.php?rest_route=\/wp\/v2\/pages\/7"}],"wp:attachment":[{"href":"https:\/\/oldtimerfreunde-miesbach.de\/index.php?rest_route=%2Fwp%2Fv2%2Fmedia&parent=14193"}],"curies":[{"name":"wp","href":"https:\/\/api.w.org\/{rel}","templated":true}]}}