{"id":14478,"date":"2026-02-24T10:18:56","date_gmt":"2026-02-24T10:18:56","guid":{"rendered":"https:\/\/oldtimerfreunde-miesbach.de\/?page_id=14478"},"modified":"2026-02-24T10:24:36","modified_gmt":"2026-02-24T10:24:36","slug":"bettelhoazad-z-miaschboch","status":"publish","type":"page","link":"https:\/\/oldtimerfreunde-miesbach.de\/?page_id=14478","title":{"rendered":"Bettelhoazad z&#8216; Miaschboch"},"content":{"rendered":"\n<p>Zusammen feiern ist ein wichtiger Teill unseres Vereinsmottos und selbstverst\u00e4ndlich gilt das auch f\u00fcr feiern mit anderen Vereinen. Als der Trachtenverein am Faschingssamstag nach 10 Jahren wieder einmal eine Bettelhochzeit ausrichtete wurde das durch standesgem\u00e4\u00dfe anreisende &#8222;Hochzeitsg\u00e4ste&#8220; der Oldtimerfreunde unterst\u00fctzt und gefeiert.<\/p>\n<p>&nbsp;<\/p>\n\n\n\n<div class=\"wp-block-columns is-layout-flex wp-container-core-columns-is-layout-9d6595d7 wp-block-columns-is-layout-flex\">\n<div class=\"wp-block-column is-layout-flow wp-block-column-is-layout-flow\">\n<figure class=\"wp-block-image size-large\"><img loading=\"lazy\" decoding=\"async\" width=\"1007\" height=\"1024\" src=\"https:\/\/oldtimerfreunde-miesbach.de\/wp-content\/uploads\/2026\/02\/260214_Miesbach_Bettelhochzeit-7-1007x1024.jpg\" alt=\"\" class=\"wp-image-14481\" srcset=\"https:\/\/oldtimerfreunde-miesbach.de\/wp-content\/uploads\/2026\/02\/260214_Miesbach_Bettelhochzeit-7-1007x1024.jpg 1007w, https:\/\/oldtimerfreunde-miesbach.de\/wp-content\/uploads\/2026\/02\/260214_Miesbach_Bettelhochzeit-7-295x300.jpg 295w, https:\/\/oldtimerfreunde-miesbach.de\/wp-content\/uploads\/2026\/02\/260214_Miesbach_Bettelhochzeit-7-768x781.jpg 768w, https:\/\/oldtimerfreunde-miesbach.de\/wp-content\/uploads\/2026\/02\/260214_Miesbach_Bettelhochzeit-7-1511x1536.jpg 1511w, https:\/\/oldtimerfreunde-miesbach.de\/wp-content\/uploads\/2026\/02\/260214_Miesbach_Bettelhochzeit-7-2015x2048.jpg 2015w\" sizes=\"auto, (max-width: 1007px) 100vw, 1007px\" \/><\/figure>\n<\/div>\n\n\n\n<div class=\"wp-block-column is-layout-flow wp-block-column-is-layout-flow\">\n<figure class=\"wp-block-image size-large\"><img loading=\"lazy\" decoding=\"async\" width=\"1024\" height=\"676\" src=\"https:\/\/oldtimerfreunde-miesbach.de\/wp-content\/uploads\/2026\/02\/260214_Miesbach_Bettelhochzeit-3-1024x676.jpg\" alt=\"\" class=\"wp-image-14482\" srcset=\"https:\/\/oldtimerfreunde-miesbach.de\/wp-content\/uploads\/2026\/02\/260214_Miesbach_Bettelhochzeit-3-1024x676.jpg 1024w, https:\/\/oldtimerfreunde-miesbach.de\/wp-content\/uploads\/2026\/02\/260214_Miesbach_Bettelhochzeit-3-300x198.jpg 300w, https:\/\/oldtimerfreunde-miesbach.de\/wp-content\/uploads\/2026\/02\/260214_Miesbach_Bettelhochzeit-3-768x507.jpg 768w, https:\/\/oldtimerfreunde-miesbach.de\/wp-content\/uploads\/2026\/02\/260214_Miesbach_Bettelhochzeit-3-1536x1014.jpg 1536w, https:\/\/oldtimerfreunde-miesbach.de\/wp-content\/uploads\/2026\/02\/260214_Miesbach_Bettelhochzeit-3-2048x1352.jpg 2048w\" sizes=\"auto, (max-width: 1024px) 100vw, 1024px\" \/><\/figure>\n<\/div>\n<\/div>\n","protected":false},"excerpt":{"rendered":"<p>Zusammen feiern ist ein wichtiger Teill unseres Vereinsmottos und selbstverst\u00e4ndlich gilt das auch f\u00fcr feiern mit anderen Vereinen. Als der Trachtenverein am Faschingssamstag nach 10 Jahren wieder einmal eine Bettelhochzeit ausrichtete wurde das durch standesgem\u00e4\u00dfe anreisende &#8222;Hochzeitsg\u00e4ste&#8220; der Oldtimerfreunde unterst\u00fctzt <span class=\"excerpt-dots\">&hellip;<\/span> <a class=\"more-link\" href=\"https:\/\/oldtimerfreunde-miesbach.de\/?page_id=14478\"><span class=\"more-msg\">Weiterlesen &rarr;<\/span><\/a><\/p>\n","protected":false},"author":3,"featured_media":0,"parent":14475,"menu_order":100,"comment_status":"closed","ping_status":"closed","template":"","meta":{"ngg_post_thumbnail":0,"footnotes":""},"class_list":["post-14478","page","type-page","status-publish","hentry"],"publishpress_future_action":{"enabled":false,"date":"2026-04-18 22:13:39","action":"change-status","newStatus":"draft","terms":[],"taxonomy":"","extraData":[]},"publishpress_future_workflow_manual_trigger":{"enabledWorkflows":[]},"_links":{"self":[{"href":"https:\/\/oldtimerfreunde-miesbach.de\/index.php?rest_route=\/wp\/v2\/pages\/14478","targetHints":{"allow":["GET"]}}],"collection":[{"href":"https:\/\/oldtimerfreunde-miesbach.de\/index.php?rest_route=\/wp\/v2\/pages"}],"about":[{"href":"https:\/\/oldtimerfreunde-miesbach.de\/index.php?rest_route=\/wp\/v2\/types\/page"}],"author":[{"embeddable":true,"href":"https:\/\/oldtimerfreunde-miesbach.de\/index.php?rest_route=\/wp\/v2\/users\/3"}],"replies":[{"embeddable":true,"href":"https:\/\/oldtimerfreunde-miesbach.de\/index.php?rest_route=%2Fwp%2Fv2%2Fcomments&post=14478"}],"version-history":[{"count":2,"href":"https:\/\/oldtimerfreunde-miesbach.de\/index.php?rest_route=\/wp\/v2\/pages\/14478\/revisions"}],"predecessor-version":[{"id":14483,"href":"https:\/\/oldtimerfreunde-miesbach.de\/index.php?rest_route=\/wp\/v2\/pages\/14478\/revisions\/14483"}],"up":[{"embeddable":true,"href":"https:\/\/oldtimerfreunde-miesbach.de\/index.php?rest_route=\/wp\/v2\/pages\/14475"}],"wp:attachment":[{"href":"https:\/\/oldtimerfreunde-miesbach.de\/index.php?rest_route=%2Fwp%2Fv2%2Fmedia&parent=14478"}],"curies":[{"name":"wp","href":"https:\/\/api.w.org\/{rel}","templated":true}]}}