{"id":14515,"date":"2026-03-04T15:28:48","date_gmt":"2026-03-04T15:28:48","guid":{"rendered":"https:\/\/oldtimerfreunde-miesbach.de\/?page_id=14515"},"modified":"2026-03-04T15:28:49","modified_gmt":"2026-03-04T15:28:49","slug":"historische-dokumente-bilder-und-plaketten","status":"publish","type":"page","link":"https:\/\/oldtimerfreunde-miesbach.de\/?page_id=14515","title":{"rendered":"Historische Dokumente, Bilder und Plaketten"},"content":{"rendered":"\n<p>Liebe Vereinsmitglieder und Freunde, bei unserem Treffen am 18. Juli wollen wir mit einer Pr\u00e4sentation historischer Dokumente und Bilder an die Zeit erinnern, als der Kraftfahrer noch etwas Besonderes und die Anschaffung eines eigenen Fahrzeuges oft hart erspart und alles andere als selbstverst\u00e4ndlich war.<\/p>\n<p>Wir suchen dazu alles zu Fahrzeugen mit Oldtimerstatus, je \u00e4lter desto lieber:<\/p>\n\n\n\n<ul class=\"wp-block-list\">\n<li>Urkunden \/ Plaketten \/ Ehrennadeln f\u00fcr gefahrene Kilometer, unfallfreies Fahren usw.<\/li>\n\n\n\n<li>Bilder von Fahrzeugen im Alltag und bei besonderen Anl\u00e4ssen<\/li>\n\n\n\n<li>Bilder undDokumente von Fahrzeug\u00fcbergaben <\/li>\n\n\n\n<li>Originaldokumente zu Fahrzeugen <\/li>\n\n\n\n<li>usw.<\/li>\n<\/ul>\n\n\n\n<p>Du hast solche Sch\u00e4tze und stellst diese leihweise f\u00fcr die Ausstellung zur Verf\u00fcgung?<\/p>\n<p>Dann melde dich bitte <strong>bis Ende April<\/strong> bei Erhard Pohl <br>telefonisch unter <strong>08025 99 55 77<\/strong> oder <br>per E-Mail <a href=\"mailto:vorstandpohl@oldtimerfreunde-miesbach.de\">vorstandpohl@oldtimerfreunde-miesbach.de<\/a>&nbsp;<\/p>\n\n\n","protected":false},"excerpt":{"rendered":"<p>Liebe Vereinsmitglieder und Freunde, bei unserem Treffen am 18. Juli wollen wir mit einer Pr\u00e4sentation historischer Dokumente und Bilder an die Zeit erinnern, als der Kraftfahrer noch etwas Besonderes und die Anschaffung eines eigenen Fahrzeuges oft hart erspart und alles <span class=\"excerpt-dots\">&hellip;<\/span> <a class=\"more-link\" href=\"https:\/\/oldtimerfreunde-miesbach.de\/?page_id=14515\"><span class=\"more-msg\">Weiterlesen &rarr;<\/span><\/a><\/p>\n","protected":false},"author":3,"featured_media":0,"parent":14501,"menu_order":0,"comment_status":"closed","ping_status":"closed","template":"","meta":{"ngg_post_thumbnail":0,"footnotes":""},"class_list":["post-14515","page","type-page","status-publish","hentry"],"publishpress_future_action":{"enabled":false,"date":"2026-04-26 05:14:47","action":"change-status","newStatus":"draft","terms":[],"taxonomy":"","extraData":[]},"publishpress_future_workflow_manual_trigger":{"enabledWorkflows":[]},"_links":{"self":[{"href":"https:\/\/oldtimerfreunde-miesbach.de\/index.php?rest_route=\/wp\/v2\/pages\/14515","targetHints":{"allow":["GET"]}}],"collection":[{"href":"https:\/\/oldtimerfreunde-miesbach.de\/index.php?rest_route=\/wp\/v2\/pages"}],"about":[{"href":"https:\/\/oldtimerfreunde-miesbach.de\/index.php?rest_route=\/wp\/v2\/types\/page"}],"author":[{"embeddable":true,"href":"https:\/\/oldtimerfreunde-miesbach.de\/index.php?rest_route=\/wp\/v2\/users\/3"}],"replies":[{"embeddable":true,"href":"https:\/\/oldtimerfreunde-miesbach.de\/index.php?rest_route=%2Fwp%2Fv2%2Fcomments&post=14515"}],"version-history":[{"count":4,"href":"https:\/\/oldtimerfreunde-miesbach.de\/index.php?rest_route=\/wp\/v2\/pages\/14515\/revisions"}],"predecessor-version":[{"id":14519,"href":"https:\/\/oldtimerfreunde-miesbach.de\/index.php?rest_route=\/wp\/v2\/pages\/14515\/revisions\/14519"}],"up":[{"embeddable":true,"href":"https:\/\/oldtimerfreunde-miesbach.de\/index.php?rest_route=\/wp\/v2\/pages\/14501"}],"wp:attachment":[{"href":"https:\/\/oldtimerfreunde-miesbach.de\/index.php?rest_route=%2Fwp%2Fv2%2Fmedia&parent=14515"}],"curies":[{"name":"wp","href":"https:\/\/api.w.org\/{rel}","templated":true}]}}