{"id":14543,"date":"2026-04-25T07:15:17","date_gmt":"2026-04-25T07:15:17","guid":{"rendered":"https:\/\/oldtimerfreunde-miesbach.de\/?page_id=14543"},"modified":"2026-04-25T07:15:18","modified_gmt":"2026-04-25T07:15:18","slug":"11-jahreshauptversammlung","status":"publish","type":"page","link":"https:\/\/oldtimerfreunde-miesbach.de\/?page_id=14543","title":{"rendered":"11. Jahreshauptversammlung"},"content":{"rendered":"\n<p>Am 27.4.2026 kamen knapp 50 Oldtimerfreunde zur 11. Jahreshauptversammlung in der Sportgastst\u00e4tte des SV Sportst\u00fcberl Miesbach zusammen und schauten mit dem Vorstand auf die Vereinsaktivit\u00e4ten im vergangenen Jahr zur\u00fcck.<\/p>\n\n\n\n<div class=\"wp-block-columns is-layout-flex wp-container-core-columns-is-layout-9d6595d7 wp-block-columns-is-layout-flex\">\n<div class=\"wp-block-column is-layout-flow wp-block-column-is-layout-flow\" style=\"flex-basis:33.33%\">\n<figure class=\"wp-block-image size-large\"><img loading=\"lazy\" decoding=\"async\" width=\"1024\" height=\"768\" src=\"https:\/\/oldtimerfreunde-miesbach.de\/wp-content\/uploads\/2026\/04\/260424-JHV-1024x768.jpg\" alt=\"\" class=\"wp-image-14546\" srcset=\"https:\/\/oldtimerfreunde-miesbach.de\/wp-content\/uploads\/2026\/04\/260424-JHV-1024x768.jpg 1024w, https:\/\/oldtimerfreunde-miesbach.de\/wp-content\/uploads\/2026\/04\/260424-JHV-300x225.jpg 300w, https:\/\/oldtimerfreunde-miesbach.de\/wp-content\/uploads\/2026\/04\/260424-JHV-768x576.jpg 768w, https:\/\/oldtimerfreunde-miesbach.de\/wp-content\/uploads\/2026\/04\/260424-JHV-1536x1152.jpg 1536w, https:\/\/oldtimerfreunde-miesbach.de\/wp-content\/uploads\/2026\/04\/260424-JHV-2048x1536.jpg 2048w\" sizes=\"auto, (max-width: 1024px) 100vw, 1024px\" \/><\/figure>\n<\/div>\n\n\n\n<div class=\"wp-block-column is-layout-flow wp-block-column-is-layout-flow\" style=\"flex-basis:66.66%\">\n<p>Sichtbares Zeichen f\u00fcr die Freude an Oldtimern war dieses Jahr eine Heinkel Perle. Trotz 27.000 gebauter Exemplare heute eine Rarit\u00e4t mit einigen technischen Finessen, die f\u00fcr diese Motorradklasse schon zur Bauzeit aussergew\u00f6hnlich waren.<\/p>\n<p>Gewohnt abwechlungsreich spannte der erste Vorstand einen Bogen \u00fcber die vergangene Saison und die Highlights, insbesondere unsere Feier zum 10-j\u00e4hrigen Bestehen der Oldtimerfreunde Miesbach e.V.<\/p>\n<p>Die Anzahl der Mitglieder entwickelte sich mit jetzt 249 Oldtimerfreunden genauso positiv wie die Finanzsituation, so dass die anwesenden Mitglieder dem Vorstand und Kassenwart einstimmige Entlastung erteilten.<\/p>\n<\/div>\n<\/div>\n\n\n\n<p>Abschliessend erfolgte ein Ausblick auf die beginnende Saison 2026 und die Vorhaben des Vorstands, hier speziell der Stromanschluss f\u00fcr unsere Vereinsschupf.<\/p>\n","protected":false},"excerpt":{"rendered":"<p>Am 27.4.2026 kamen knapp 50 Oldtimerfreunde zur 11. Jahreshauptversammlung in der Sportgastst\u00e4tte des SV Sportst\u00fcberl Miesbach zusammen und schauten mit dem Vorstand auf die Vereinsaktivit\u00e4ten im vergangenen Jahr zur\u00fcck. Sichtbares Zeichen f\u00fcr die Freude an Oldtimern war dieses Jahr eine <span class=\"excerpt-dots\">&hellip;<\/span> <a class=\"more-link\" href=\"https:\/\/oldtimerfreunde-miesbach.de\/?page_id=14543\"><span class=\"more-msg\">Weiterlesen &rarr;<\/span><\/a><\/p>\n","protected":false},"author":3,"featured_media":0,"parent":14475,"menu_order":90,"comment_status":"closed","ping_status":"closed","template":"","meta":{"ngg_post_thumbnail":0,"footnotes":""},"class_list":["post-14543","page","type-page","status-publish","hentry"],"publishpress_future_action":{"enabled":false,"date":"2026-05-02 11:51:28","action":"change-status","newStatus":"draft","terms":[],"taxonomy":"","extraData":[]},"publishpress_future_workflow_manual_trigger":{"enabledWorkflows":[]},"_links":{"self":[{"href":"https:\/\/oldtimerfreunde-miesbach.de\/index.php?rest_route=\/wp\/v2\/pages\/14543","targetHints":{"allow":["GET"]}}],"collection":[{"href":"https:\/\/oldtimerfreunde-miesbach.de\/index.php?rest_route=\/wp\/v2\/pages"}],"about":[{"href":"https:\/\/oldtimerfreunde-miesbach.de\/index.php?rest_route=\/wp\/v2\/types\/page"}],"author":[{"embeddable":true,"href":"https:\/\/oldtimerfreunde-miesbach.de\/index.php?rest_route=\/wp\/v2\/users\/3"}],"replies":[{"embeddable":true,"href":"https:\/\/oldtimerfreunde-miesbach.de\/index.php?rest_route=%2Fwp%2Fv2%2Fcomments&post=14543"}],"version-history":[{"count":7,"href":"https:\/\/oldtimerfreunde-miesbach.de\/index.php?rest_route=\/wp\/v2\/pages\/14543\/revisions"}],"predecessor-version":[{"id":14551,"href":"https:\/\/oldtimerfreunde-miesbach.de\/index.php?rest_route=\/wp\/v2\/pages\/14543\/revisions\/14551"}],"up":[{"embeddable":true,"href":"https:\/\/oldtimerfreunde-miesbach.de\/index.php?rest_route=\/wp\/v2\/pages\/14475"}],"wp:attachment":[{"href":"https:\/\/oldtimerfreunde-miesbach.de\/index.php?rest_route=%2Fwp%2Fv2%2Fmedia&parent=14543"}],"curies":[{"name":"wp","href":"https:\/\/api.w.org\/{rel}","templated":true}]}}