{"id":5894,"date":"2017-01-21T14:32:15","date_gmt":"2017-01-21T14:32:15","guid":{"rendered":"http:\/\/oldtimerfreunde-miesbach.de\/?page_id=5894"},"modified":"2017-01-21T14:38:34","modified_gmt":"2017-01-21T14:38:34","slug":"vereinsgruendung","status":"publish","type":"page","link":"https:\/\/oldtimerfreunde-miesbach.de\/?page_id=5894","title":{"rendered":"Vereinsgr\u00fcndung"},"content":{"rendered":"<p style=\"text-align: center;\"><span style=\"font-family: comic sans ms,sans-serif; font-size: 12pt;\"><span style=\"font-size: 18pt;\">24. April 2015<\/span><br \/>\nGr\u00fcndungsversammlung des Oldtimerfreunde-Miesbach e.V. zu der 90 Oldtimerfreunde kamen.<\/span><\/p>\n<p><span style=\"font-family: comic sans ms,sans-serif; font-size: 12pt;\">Auf Anhieb traten als Mitglieder \u00fcber 70 Mitglieder im neu gegr\u00fcndeten Verein ein, die miteinander unz\u00e4hlige Motorr\u00e4der, Autos und Traktoren verschiedenster Epochen besitzen.<\/span><\/p>\n<p><span style=\"font-family: comic sans ms,sans-serif; font-size: 12pt;\">6 Monate sp\u00e4ter wurde der Verein in das Vereinsregister eingetragen und als gemeinn\u00fctziger Verein anerkannt.<br \/>\nngg_shortcode_0_placeholder<br \/>\n<\/span><\/p>\n","protected":false},"excerpt":{"rendered":"<p>24. April 2015 Gr\u00fcndungsversammlung des Oldtimerfreunde-Miesbach e.V. zu der 90 Oldtimerfreunde kamen. Auf Anhieb traten als Mitglieder \u00fcber 70 Mitglieder im neu gegr\u00fcndeten Verein ein, die miteinander unz\u00e4hlige Motorr\u00e4der, Autos und Traktoren verschiedenster Epochen besitzen. 6 Monate sp\u00e4ter wurde der <span class=\"excerpt-dots\">&hellip;<\/span> <a class=\"more-link\" href=\"https:\/\/oldtimerfreunde-miesbach.de\/?page_id=5894\"><span class=\"more-msg\">Weiterlesen &rarr;<\/span><\/a><\/p>\n","protected":false},"author":1,"featured_media":0,"parent":3428,"menu_order":0,"comment_status":"closed","ping_status":"closed","template":"","meta":{"ngg_post_thumbnail":0,"footnotes":""},"class_list":["post-5894","page","type-page","status-publish","hentry"],"publishpress_future_action":{"enabled":false,"date":"2026-04-27 04:44:39","action":"change-status","newStatus":"draft","terms":[],"taxonomy":"","extraData":[]},"publishpress_future_workflow_manual_trigger":{"enabledWorkflows":[]},"_links":{"self":[{"href":"https:\/\/oldtimerfreunde-miesbach.de\/index.php?rest_route=\/wp\/v2\/pages\/5894","targetHints":{"allow":["GET"]}}],"collection":[{"href":"https:\/\/oldtimerfreunde-miesbach.de\/index.php?rest_route=\/wp\/v2\/pages"}],"about":[{"href":"https:\/\/oldtimerfreunde-miesbach.de\/index.php?rest_route=\/wp\/v2\/types\/page"}],"author":[{"embeddable":true,"href":"https:\/\/oldtimerfreunde-miesbach.de\/index.php?rest_route=\/wp\/v2\/users\/1"}],"replies":[{"embeddable":true,"href":"https:\/\/oldtimerfreunde-miesbach.de\/index.php?rest_route=%2Fwp%2Fv2%2Fcomments&post=5894"}],"version-history":[{"count":5,"href":"https:\/\/oldtimerfreunde-miesbach.de\/index.php?rest_route=\/wp\/v2\/pages\/5894\/revisions"}],"predecessor-version":[{"id":5899,"href":"https:\/\/oldtimerfreunde-miesbach.de\/index.php?rest_route=\/wp\/v2\/pages\/5894\/revisions\/5899"}],"up":[{"embeddable":true,"href":"https:\/\/oldtimerfreunde-miesbach.de\/index.php?rest_route=\/wp\/v2\/pages\/3428"}],"wp:attachment":[{"href":"https:\/\/oldtimerfreunde-miesbach.de\/index.php?rest_route=%2Fwp%2Fv2%2Fmedia&parent=5894"}],"curies":[{"name":"wp","href":"https:\/\/api.w.org\/{rel}","templated":true}]}}