{"id":6548,"date":"2018-01-30T18:40:50","date_gmt":"2018-01-30T18:40:50","guid":{"rendered":"http:\/\/oldtimerfreunde-miesbach.de\/?page_id=6548"},"modified":"2026-01-04T15:35:09","modified_gmt":"2026-01-04T15:35:09","slug":"marktplatz","status":"publish","type":"page","link":"https:\/\/oldtimerfreunde-miesbach.de\/?page_id=6548","title":{"rendered":"Marktplatz"},"content":{"rendered":"\n<div class=\"wp-block-columns is-layout-flex wp-container-core-columns-is-layout-9d6595d7 wp-block-columns-is-layout-flex\">\n<div class=\"wp-block-column is-layout-flow wp-block-column-is-layout-flow\" style=\"flex-basis:20%\">\n<div class=\"wp-block-buttons is-layout-flex wp-block-buttons-is-layout-flex\">\n<div class=\"wp-block-button\"><a class=\"wp-block-button__link wp-element-button\" href=\"https:\/\/oldtimerfreunde-miesbach.de\/?page_id=6552\">Suche (1)<\/a><\/div>\n<\/div>\n<\/div>\n\n\n\n<div class=\"wp-block-column is-layout-flow wp-block-column-is-layout-flow\">\n<div class=\"wp-block-buttons is-layout-flex wp-block-buttons-is-layout-flex\">\n<div class=\"wp-block-button\"><a class=\"wp-block-button__link wp-element-button\" href=\"https:\/\/oldtimerfreunde-miesbach.de\/?page_id=6550\">Biete an (0)<\/a><\/div>\n<\/div>\n<\/div>\n<\/div>\n\n\n<p>Du suchst etwas oder m\u00f6chtest etwas anbieten? <br>Schicke den Anzeigentext und die Bilder (.jpg oder .png) an <a href=\"mailto:marktplatz@oldtimerfreunde-miesbach.de\">marktplatz@oldtimerfreunde-miesbach.de<\/a><\/p>\n\n\n<div class=\"wp-block-columns is-layout-flex wp-container-core-columns-is-layout-9d6595d7 wp-block-columns-is-layout-flex\">\n<div class=\"wp-block-column is-layout-flow wp-block-column-is-layout-flow\" style=\"flex-basis:15%\">\n<figure class=\"wp-block-image size-full\"><img loading=\"lazy\" decoding=\"async\" width=\"125\" height=\"152\" src=\"https:\/\/oldtimerfreunde-miesbach.de\/wp-content\/uploads\/2021\/11\/20211116-Aufnaeher.jpg\" alt=\"\" class=\"wp-image-11081\"\/><figcaption class=\"wp-element-caption\"><span style=\"color:#fcb900\" class=\"tadv-color\"><em>Aufn\u00e4her<\/em><\/span><\/figcaption><\/figure>\n<\/div>\n\n\n\n<div class=\"wp-block-column is-layout-flow wp-block-column-is-layout-flow\" style=\"flex-basis:10%\">\n<figure class=\"wp-block-image size-full\"><img loading=\"lazy\" decoding=\"async\" width=\"79\" height=\"152\" src=\"https:\/\/oldtimerfreunde-miesbach.de\/wp-content\/uploads\/2021\/12\/2021-Schluesselanhaenger-Website.jpg\" alt=\"\" class=\"wp-image-11158\"\/><figcaption class=\"wp-element-caption\"><span style=\"color:#fcb900\" class=\"tadv-color\"><em>Schl\u00fcssel-anh\u00e4nger<\/em><\/span><\/figcaption><\/figure>\n<\/div>\n\n\n\n<div class=\"wp-block-column is-layout-flow wp-block-column-is-layout-flow\" style=\"flex-basis:66.66%\">\n<figure class=\"wp-block-table\"><table><tbody><tr><td><kbd><kbd>Aufn\u00e4her (gestickt, f\u00fcr alles was Du gerne anziehst<\/kbd>)<\/kbd><\/td><td class=\"has-text-align-center\" data-align=\"center\"> <kbd>6,- \u20ac<\/kbd> <\/td><\/tr><tr><td><kbd>Schl\u00fcsselanh\u00e4nger<\/kbd> <\/td><td class=\"has-text-align-center\" data-align=\"center\"> <kbd>6,- \u20ac<\/kbd> <\/td><\/tr><tr><td><kbd>Aufn\u00e4her + Schl\u00fcsselanh\u00e4nger <\/kbd><\/td><td class=\"has-text-align-center\" data-align=\"center\"> <kbd>10,- \u20ac<\/kbd> <\/td><\/tr><\/tbody><\/table><\/figure>\n<\/div>\n<\/div>\n\n\n\n<p>Bestellung bei <a href=\"mailto:vorstandpohl@oldtimerfreunde-miesbach.de\">Erhard Pohl<\/a><\/p>\n","protected":false},"excerpt":{"rendered":"<p>Du suchst etwas oder m\u00f6chtest etwas anbieten? Schicke den Anzeigentext und die Bilder (.jpg oder .png) an marktplatz@oldtimerfreunde-miesbach.de Aufn\u00e4her (gestickt, f\u00fcr alles was Du gerne anziehst) 6,- \u20ac Schl\u00fcsselanh\u00e4nger 6,- \u20ac Aufn\u00e4her + Schl\u00fcsselanh\u00e4nger 10,- \u20ac Bestellung bei Erhard Pohl<\/p>\n <a class=\"more-link\" href=\"https:\/\/oldtimerfreunde-miesbach.de\/?page_id=6548\"><span class=\"more-msg\">Weiterlesen &rarr;<\/span><\/a>","protected":false},"author":1,"featured_media":0,"parent":0,"menu_order":20,"comment_status":"closed","ping_status":"closed","template":"","meta":{"ngg_post_thumbnail":0,"footnotes":""},"class_list":["post-6548","page","type-page","status-publish","hentry"],"publishpress_future_action":{"enabled":false,"date":"2026-05-09 02:26:07","action":"change-status","newStatus":"draft","terms":[],"taxonomy":"","extraData":[]},"publishpress_future_workflow_manual_trigger":{"enabledWorkflows":[]},"_links":{"self":[{"href":"https:\/\/oldtimerfreunde-miesbach.de\/index.php?rest_route=\/wp\/v2\/pages\/6548","targetHints":{"allow":["GET"]}}],"collection":[{"href":"https:\/\/oldtimerfreunde-miesbach.de\/index.php?rest_route=\/wp\/v2\/pages"}],"about":[{"href":"https:\/\/oldtimerfreunde-miesbach.de\/index.php?rest_route=\/wp\/v2\/types\/page"}],"author":[{"embeddable":true,"href":"https:\/\/oldtimerfreunde-miesbach.de\/index.php?rest_route=\/wp\/v2\/users\/1"}],"replies":[{"embeddable":true,"href":"https:\/\/oldtimerfreunde-miesbach.de\/index.php?rest_route=%2Fwp%2Fv2%2Fcomments&post=6548"}],"version-history":[{"count":28,"href":"https:\/\/oldtimerfreunde-miesbach.de\/index.php?rest_route=\/wp\/v2\/pages\/6548\/revisions"}],"predecessor-version":[{"id":14402,"href":"https:\/\/oldtimerfreunde-miesbach.de\/index.php?rest_route=\/wp\/v2\/pages\/6548\/revisions\/14402"}],"wp:attachment":[{"href":"https:\/\/oldtimerfreunde-miesbach.de\/index.php?rest_route=%2Fwp%2Fv2%2Fmedia&parent=6548"}],"curies":[{"name":"wp","href":"https:\/\/api.w.org\/{rel}","templated":true}]}}