{"id":7,"date":"2016-08-09T13:20:38","date_gmt":"2016-08-09T13:20:38","guid":{"rendered":"http:\/\/oldtimerfreunde-miesbach.de\/?page_id=7"},"modified":"2024-04-20T12:47:12","modified_gmt":"2024-04-20T12:47:12","slug":"ueber-uns","status":"publish","type":"page","link":"https:\/\/oldtimerfreunde-miesbach.de\/?page_id=7","title":{"rendered":"\u00dcber uns"},"content":{"rendered":"\n<p>Im Rahmen der Feierlichkeiten anl\u00e4sslich der 900-Jahrfeier der Stadt Miesbach fand am 19. Juli 2014 das erste Oldtimertreffen in Miesbach statt. Die Resonanz war mit mehr als 400 Teilnehmern &#8211; zum Gro\u00dfteil aus dem Landkreis und aus Miesbach und der unmittelbaren Umgebung &#8211; und unz\u00e4hligen begeisterten Besuchern \u00fcberw\u00e4ltigend und zeigten das gro\u00dfe Interesse an historischen Fahrzeugen. So war schnell klar, dass das keine einmalige Aktion sein sollte.<\/p>\n<p>Einer der Organisatoren dieses Treffens war Erhard Pohl, den diese Idee nicht mehr los lie\u00df und so rief er Interessierte und Freunde von Oldtimern zu einem Gedankenaustausch und einer Vereinsgr\u00fcndung auf. Das immense Interesse aus dem Treffen war ungebrochen und so folgte 9 Monate sp\u00e4ter am 24. April 2015 die Gr\u00fcndungsversammlung des Oldtimerfreunde Miesbach und Umgebung e.V.<\/p>\n<p>Mehr als 70 Oldtimerfans, die eine Vielzahl von Motorr\u00e4dern, Autos und Traktoren verschiedenster Epochen besitzen, traten unmittelbar in den Verein ein und wenige Monate sp\u00e4ter w\u00fcrde auch die Gemeinn\u00fctzigkeit unseres Vereins anerkannt.<\/p>\n<p>Anfang 2024 z\u00e4hlen wir ca. 220 Mitglieder mit einem beinahe un\u00fcbersehbaren&nbsp; Bestand an erhaltenswerten Fahrzeugen aus nahezu allen Epochen. Es gibt kaum ein g\u00e4ngiges Fahrzeug, das bei uns nicht vertreten ist und im Verein finden sich f\u00fcr nahezu alle Fragen rund um Oldtimer Antworten .<\/p>\n","protected":false},"excerpt":{"rendered":"<p>Im Rahmen der Feierlichkeiten anl\u00e4sslich der 900-Jahrfeier der Stadt Miesbach fand am 19. Juli 2014 das erste Oldtimertreffen in Miesbach statt. Die Resonanz war mit mehr als 400 Teilnehmern &#8211; zum Gro\u00dfteil aus dem Landkreis und aus Miesbach und der <span class=\"excerpt-dots\">&hellip;<\/span> <a class=\"more-link\" href=\"https:\/\/oldtimerfreunde-miesbach.de\/?page_id=7\"><span class=\"more-msg\">Weiterlesen &rarr;<\/span><\/a><\/p>\n","protected":false},"author":1,"featured_media":0,"parent":0,"menu_order":30,"comment_status":"closed","ping_status":"closed","template":"","meta":{"ngg_post_thumbnail":0,"footnotes":""},"class_list":["post-7","page","type-page","status-publish","hentry"],"publishpress_future_action":{"enabled":false,"date":"2026-04-28 20:46:11","action":"change-status","newStatus":"draft","terms":[],"taxonomy":"","extraData":[]},"publishpress_future_workflow_manual_trigger":{"enabledWorkflows":[]},"_links":{"self":[{"href":"https:\/\/oldtimerfreunde-miesbach.de\/index.php?rest_route=\/wp\/v2\/pages\/7","targetHints":{"allow":["GET"]}}],"collection":[{"href":"https:\/\/oldtimerfreunde-miesbach.de\/index.php?rest_route=\/wp\/v2\/pages"}],"about":[{"href":"https:\/\/oldtimerfreunde-miesbach.de\/index.php?rest_route=\/wp\/v2\/types\/page"}],"author":[{"embeddable":true,"href":"https:\/\/oldtimerfreunde-miesbach.de\/index.php?rest_route=\/wp\/v2\/users\/1"}],"replies":[{"embeddable":true,"href":"https:\/\/oldtimerfreunde-miesbach.de\/index.php?rest_route=%2Fwp%2Fv2%2Fcomments&post=7"}],"version-history":[{"count":9,"href":"https:\/\/oldtimerfreunde-miesbach.de\/index.php?rest_route=\/wp\/v2\/pages\/7\/revisions"}],"predecessor-version":[{"id":13315,"href":"https:\/\/oldtimerfreunde-miesbach.de\/index.php?rest_route=\/wp\/v2\/pages\/7\/revisions\/13315"}],"wp:attachment":[{"href":"https:\/\/oldtimerfreunde-miesbach.de\/index.php?rest_route=%2Fwp%2Fv2%2Fmedia&parent=7"}],"curies":[{"name":"wp","href":"https:\/\/api.w.org\/{rel}","templated":true}]}}