{"id":828,"date":"2016-08-09T15:13:29","date_gmt":"2016-08-09T15:13:29","guid":{"rendered":"http:\/\/oldtimerfreunde-miesbach.de\/?page_id=828"},"modified":"2022-01-20T13:51:17","modified_gmt":"2022-01-20T13:51:17","slug":"sehenswertes","status":"publish","type":"page","link":"https:\/\/oldtimerfreunde-miesbach.de\/?page_id=828","title":{"rendered":"Sehenswertes"},"content":{"rendered":"<p style=\"text-align: center;\"><!-- Weaver Xtreme Standard Google Fonts --> <!-- <meta name=\"NextGEN\" version=\"2.1.49\" \/> --> <!-- This site is using Weaver Xtreme 2.1.3 () subtheme: please-give-this-a-name --><!-- end of main options style section --> <!-- End of Weaver Xtreme options --><!-- [if lt IE 9]>\n<script src=\"http:\/\/imc-bavieri.de\/wp-content\/themes\/weaver-xtreme\/assets\/js\/html5.js\" type=\"text\/javascript\"><\/script>\n<script src=\"http:\/\/imc-bavieri.de\/wp-content\/themes\/weaver-xtreme\/assets\/js\/respond.min.js\" type=\"text\/javascript\"><\/script>\n<![endif]--><\/p>\n<div id=\"wrapper\" class=\"wrapper\">\n<div id=\"container\" class=\"container container-page relative \">\n<div id=\"content\" class=\"content l-content\">\n<article id=\"post-450\" class=\"content-page post-450 page type-page status-publish hentry\">\n<div class=\"entry-content clearfix\">\n<p>Hier findet Ihr Berichte \u00fcber unseren Verein&nbsp; und Bilder von Ausfl\u00fcgen, und sonstigen Aktivit\u00e4ten unseres Vereins.&nbsp;<\/p>\n<p><strong><em>Traktorenmuseum<\/em><\/strong><br \/>\nGasthof Ungericht Hof S\u00fcdtirol \u2013 39010 Kuens Bei Maran Kuenserstr. 55<br \/>\n<a href=\"http:\/\/www.ungerichthof.it\">www.ungerichthof.it<\/a>, info@ungerichthof.it<br \/>\nBesucht am: Herbst 2013<br \/>\nBewertung: eine klasse Porsche-Traktoren-Sammlung aber auch andere Marken \u2013 echt sehenswert und eine zu empfehlende Gastronomie<\/p>\n<p><span style=\"color: #ff9900;\"><em><strong>Mega-Urige Bergjausenstation in S\u00fcdtirol<\/strong><\/em><\/span><br \/>\nDursterhof; 39020 Partschins Wasserfallweg 105<br \/>\nSchwer zu finden aber ein grandioser Ausblick mit unvergesslichen Himbeerpalatschinken!<br \/>\nBesuch am: Herbst 2013<br \/>\nBewertung: eine in den Fels gebauten urigen Jausenstation, was man nicht alle Tage findet \u2013ein Besuch wert!<\/p>\n<p><strong><em><span style=\"color: #ff9900;\">Bauern Technik Museum<\/span><\/em><\/strong><br \/>\nGallhuberhof in A-4407 Dietach bei Steyr.<br \/>\n<a href=\"http:\/\/www.bauerntechnikmuseum.at\">www.bauerntechnikmuseum.at<\/a>,<br \/>\nBesuch: April 2015<br \/>\nEin wahrer Geheimtip, wer sich f\u00fcr das Dorfleben, Arbeiten und alte Technik interessiert \u2013 eine beeindruckende Privatsammlung vom historischen Schlafzimmer bis \u00fcber Traktoren, Motorr\u00e4der, Autos LKW und vieles mehr. Achtung hat nicht immer ge\u00f6ffnet! Privatf\u00fchrung m\u00f6glich!<\/p>\n<p><strong><em><span style=\"color: #ff9900;\">Feuerwehrmuseum<\/span><\/em><\/strong><br \/>\nA-4490 St. Florian<br \/>\n<a href=\"http:\/\/www.feuerwehrmuseum-stflorian.at\">www.feuerwehrmuseum-stflorian.at<\/a><\/p>\n<p><span style=\"color: #ff9900;\"><em><strong>Erlebnishof Reczek<\/strong><\/em><\/span><br \/>\nA-8142 Wundschuh bei Graz<br \/>\n<a href=\"http:\/\/www.ehr.at\">www.ehr.at<\/a><br \/>\nLandwirtschaft einst bis jetzt<\/p>\n<p><span style=\"color: #ff9900;\"><em><strong>Museumskaffe der Eicherfreunde Forstern, e.V.<\/strong><\/em><\/span><br \/>\nHauptstr. 2, 85659 Forstern,<br \/>\n<a href=\"http:\/\/www.eicherfreunde-forstern.de\">www.eicherfreunde-forstern.de<\/a><br \/>\nBesuch: April 2015<br \/>\nEin kleines aber feines Eichermuseum mit seltenen St\u00fccken und interessanten Demo-Ger\u00e4ten \u00fcber die Funktion der Technik \u2013 und das direkt am ehemaligen Werksgel\u00e4nde von Eicher<\/p>\n<p><em><strong><span style=\"color: #ff9900;\">Motorradmuseum Vorchdorf in Peintal 31, A-4655 Vorchdorf<\/span><\/strong><\/em><br \/>\nEin Motorradmuseum des ambitionierten Sammlers Franz Amering.<br \/>\n<a href=\"http:\/\/www.motorradmuseum-vorchdorf.at\">www.motorradmuseum-vorchdorf.at<\/a><\/p>\n<p><span style=\"color: #ff9900;\"><em><strong>Automobil und Motorradmuseum Austria<\/strong><\/em><\/span><br \/>\nA-2441 Gramatneusiedl<br \/>\nHeinrich L\u00f6ri Gasse 1<\/p>\n<p>Auf einer Fl\u00e4che von ca. 12.000 m\u00b2 stellt \u00d6sterreichs gr\u00f6\u00dftes Fahrzeugmuseum Motorr\u00e4der, Mopeds, Fahrr\u00e4der mit Hilfsmotoren, Fahrr\u00e4der, Roller, Kabinenroller und unz\u00e4hlige Exponate ausgestellt.<\/p>\n<p>&nbsp;<\/p>\n<\/div>\n<\/article>\n<\/div>\n<\/div>\n<\/div>\n","protected":false},"excerpt":{"rendered":"<p>Hier findet Ihr Berichte \u00fcber unseren Verein&nbsp; und Bilder von Ausfl\u00fcgen, und sonstigen Aktivit\u00e4ten unseres Vereins.&nbsp; Traktorenmuseum Gasthof Ungericht Hof S\u00fcdtirol \u2013 39010 Kuens Bei Maran Kuenserstr. 55 www.ungerichthof.it, info@ungerichthof.it Besucht am: Herbst 2013 Bewertung: eine klasse Porsche-Traktoren-Sammlung aber auch <span class=\"excerpt-dots\">&hellip;<\/span> <a class=\"more-link\" href=\"https:\/\/oldtimerfreunde-miesbach.de\/?page_id=828\"><span class=\"more-msg\">Weiterlesen &rarr;<\/span><\/a><\/p>\n","protected":false},"author":1,"featured_media":0,"parent":0,"menu_order":40,"comment_status":"closed","ping_status":"closed","template":"","meta":{"ngg_post_thumbnail":0,"footnotes":""},"class_list":["post-828","page","type-page","status-publish","hentry"],"publishpress_future_action":{"enabled":false,"date":"2026-04-28 18:34:40","action":"change-status","newStatus":"draft","terms":[],"taxonomy":"","extraData":[]},"publishpress_future_workflow_manual_trigger":{"enabledWorkflows":[]},"_links":{"self":[{"href":"https:\/\/oldtimerfreunde-miesbach.de\/index.php?rest_route=\/wp\/v2\/pages\/828","targetHints":{"allow":["GET"]}}],"collection":[{"href":"https:\/\/oldtimerfreunde-miesbach.de\/index.php?rest_route=\/wp\/v2\/pages"}],"about":[{"href":"https:\/\/oldtimerfreunde-miesbach.de\/index.php?rest_route=\/wp\/v2\/types\/page"}],"author":[{"embeddable":true,"href":"https:\/\/oldtimerfreunde-miesbach.de\/index.php?rest_route=\/wp\/v2\/users\/1"}],"replies":[{"embeddable":true,"href":"https:\/\/oldtimerfreunde-miesbach.de\/index.php?rest_route=%2Fwp%2Fv2%2Fcomments&post=828"}],"version-history":[{"count":29,"href":"https:\/\/oldtimerfreunde-miesbach.de\/index.php?rest_route=\/wp\/v2\/pages\/828\/revisions"}],"predecessor-version":[{"id":11402,"href":"https:\/\/oldtimerfreunde-miesbach.de\/index.php?rest_route=\/wp\/v2\/pages\/828\/revisions\/11402"}],"wp:attachment":[{"href":"https:\/\/oldtimerfreunde-miesbach.de\/index.php?rest_route=%2Fwp%2Fv2%2Fmedia&parent=828"}],"curies":[{"name":"wp","href":"https:\/\/api.w.org\/{rel}","templated":true}]}}