{"id":9520,"date":"2019-07-18T07:05:10","date_gmt":"2019-07-18T07:05:10","guid":{"rendered":"http:\/\/oldtimerfreunde-miesbach.de\/?page_id=9520"},"modified":"2019-07-18T08:21:21","modified_gmt":"2019-07-18T08:21:21","slug":"oldtimerfruehstueck-2019","status":"publish","type":"page","link":"https:\/\/oldtimerfreunde-miesbach.de\/?page_id=9520","title":{"rendered":"Oldtimerfr\u00fchst\u00fcck 2019"},"content":{"rendered":"<p>Am 06. Juli war es wieder soweit, unser Fr\u00fchschoppen mit Ausfahrt beim Miesbacher Volksfest. Er ist mittlerweile fester Bestandteil des Volksfestes und erfreut sich jedes Jahr reger Beteiligung. Waren es beim 1. Fr\u00fchschoppen 27 angemeldete Oldtimer, so waren es dieses Mal 110 !!! angemeldete Oldies.<\/p>\n<p>Hier unten nun ein Fotoalbum, viel spa\u00df beim anschauen.<br \/>\nngg_shortcode_0_placeholder<\/p>\n","protected":false},"excerpt":{"rendered":"<p>Am 06. Juli war es wieder soweit, unser Fr\u00fchschoppen mit Ausfahrt beim Miesbacher Volksfest. Er ist mittlerweile fester Bestandteil des Volksfestes und erfreut sich jedes Jahr reger Beteiligung. Waren es beim 1. Fr\u00fchschoppen 27 angemeldete Oldtimer, so waren es dieses <span class=\"excerpt-dots\">&hellip;<\/span> <a class=\"more-link\" href=\"https:\/\/oldtimerfreunde-miesbach.de\/?page_id=9520\"><span class=\"more-msg\">Weiterlesen &rarr;<\/span><\/a><\/p>\n","protected":false},"author":1,"featured_media":0,"parent":8696,"menu_order":0,"comment_status":"closed","ping_status":"closed","template":"","meta":{"ngg_post_thumbnail":0,"footnotes":""},"class_list":["post-9520","page","type-page","status-publish","hentry"],"publishpress_future_action":{"enabled":false,"date":"2026-04-20 14:03:04","action":"change-status","newStatus":"draft","terms":[],"taxonomy":"","extraData":[]},"publishpress_future_workflow_manual_trigger":{"enabledWorkflows":[]},"_links":{"self":[{"href":"https:\/\/oldtimerfreunde-miesbach.de\/index.php?rest_route=\/wp\/v2\/pages\/9520","targetHints":{"allow":["GET"]}}],"collection":[{"href":"https:\/\/oldtimerfreunde-miesbach.de\/index.php?rest_route=\/wp\/v2\/pages"}],"about":[{"href":"https:\/\/oldtimerfreunde-miesbach.de\/index.php?rest_route=\/wp\/v2\/types\/page"}],"author":[{"embeddable":true,"href":"https:\/\/oldtimerfreunde-miesbach.de\/index.php?rest_route=\/wp\/v2\/users\/1"}],"replies":[{"embeddable":true,"href":"https:\/\/oldtimerfreunde-miesbach.de\/index.php?rest_route=%2Fwp%2Fv2%2Fcomments&post=9520"}],"version-history":[{"count":5,"href":"https:\/\/oldtimerfreunde-miesbach.de\/index.php?rest_route=\/wp\/v2\/pages\/9520\/revisions"}],"predecessor-version":[{"id":9525,"href":"https:\/\/oldtimerfreunde-miesbach.de\/index.php?rest_route=\/wp\/v2\/pages\/9520\/revisions\/9525"}],"up":[{"embeddable":true,"href":"https:\/\/oldtimerfreunde-miesbach.de\/index.php?rest_route=\/wp\/v2\/pages\/8696"}],"wp:attachment":[{"href":"https:\/\/oldtimerfreunde-miesbach.de\/index.php?rest_route=%2Fwp%2Fv2%2Fmedia&parent=9520"}],"curies":[{"name":"wp","href":"https:\/\/api.w.org\/{rel}","templated":true}]}}