{"id":9782,"date":"2020-04-10T19:02:40","date_gmt":"2020-04-10T19:02:40","guid":{"rendered":"http:\/\/oldtimerfreunde-miesbach.de\/?page_id=9782"},"modified":"2020-09-22T19:22:35","modified_gmt":"2020-09-22T19:22:35","slug":"rententionsflaeche","status":"publish","type":"page","link":"https:\/\/oldtimerfreunde-miesbach.de\/?page_id=9782","title":{"rendered":"Retentionsfl\u00e4che"},"content":{"rendered":"<p>Da wir eine ordentliche Unterbringung f\u00fcr unseren Lanz Traktor brauchen, wollen wir an die vorhandene Vereinsschupf anbauen.<br \/>\nEs wird ein Anbau in Holzst\u00e4nder Bauweise mit Ziegeldach und Holzverschalung in den Ma\u00dfen von 500x 300&#215;300 cm.<br \/>\nLaut Bauamt ist hief\u00fcr keine Genehmigung erforderlich<br \/>\nVoraussetzung ist lt. Wasserwirtschftsamt allerdings, dass wir eine sog. Retentionsfl\u00e4che mit einem vorgeschriebenen Volumen errichten m\u00fcssen.<br \/>\nDiese Retentionsfl\u00e4che (Eine Retentionsfl\u00e4che ist ein Begriff aus der Wasserwirtschaft und bezeichnet eine neben einem Flie\u00dfgew\u00e4sser zumeist tiefer liegende Fl\u00e4che, die im Falle eines Hochwasserabflusses als \u00dcberflutungsfl\u00e4che genutzt werden kann. <span style=\"font-size: 10pt;\">Quelle Wikibedia <span style=\"font-size: 12pt;\">)<\/span><\/span><\/p>\n<p>Die Genehmigung bekamen wir nach Einreichung der geforderten Pl\u00e4ne vor ca. 1 Jahr.<\/p>\n<p>Am Donnerstag den 09.04.2020 war es dann soweit. Dank Mitgliedern haben wir diese Retentionsfl\u00e4che errichtet.<br \/>\nIn diesem Zusammenhang, weil schon ein Bagger da war, wurde auch gleich der Untergrund f\u00fcr den Schupfanbau vorbereitet.<\/p>\n<p>Der Dank gilt allen die geholfen haben.&nbsp;<br \/>\nHier nun ein Album dazu &nbsp;&nbsp;&nbsp;&nbsp;&nbsp;&nbsp;&nbsp;&nbsp;&nbsp;&nbsp;&nbsp;&nbsp;&nbsp;&nbsp;&nbsp;&nbsp;&nbsp;&nbsp;&nbsp;&nbsp;&nbsp;&nbsp;&nbsp;&nbsp;&nbsp;&nbsp;&nbsp;&nbsp;&nbsp;&nbsp;&nbsp;&nbsp;&nbsp;&nbsp;&nbsp;&nbsp;&nbsp;&nbsp;&nbsp;&nbsp;&nbsp;&nbsp;&nbsp;&nbsp;&nbsp;&nbsp;&nbsp;&nbsp;&nbsp;&nbsp;&nbsp;&nbsp;&nbsp;&nbsp;&nbsp;&nbsp;&nbsp;&nbsp;&nbsp;&nbsp;&nbsp;&nbsp;&nbsp;&nbsp;&nbsp;&nbsp;&nbsp;&nbsp;&nbsp;&nbsp;&nbsp;&nbsp;&nbsp;&nbsp;&nbsp;&nbsp;&nbsp;&nbsp;&nbsp;&nbsp;&nbsp;&nbsp;&nbsp;&nbsp;&nbsp;&nbsp;&nbsp;&nbsp;&nbsp;&nbsp;&nbsp;&nbsp;&nbsp;&nbsp;&nbsp;&nbsp;&nbsp;&nbsp;&nbsp;&nbsp;&nbsp;&nbsp;&nbsp;&nbsp;&nbsp;&nbsp;&nbsp;&nbsp;&nbsp;&nbsp;&nbsp;&nbsp;&nbsp;&nbsp;&nbsp;&nbsp;&nbsp;&nbsp;&nbsp;&nbsp;&nbsp;&nbsp;&nbsp;&nbsp;&nbsp;&nbsp;&nbsp;&nbsp;&nbsp;&nbsp;&nbsp;&nbsp;&nbsp;&nbsp;&nbsp;&nbsp;&nbsp;&nbsp;&nbsp;&nbsp;&nbsp; <span style=\"font-size: 10pt;\">Erich, 2. Vorstand OFM<\/span><br \/>\nngg_shortcode_0_placeholder<\/p>\n","protected":false},"excerpt":{"rendered":"<p>Da wir eine ordentliche Unterbringung f\u00fcr unseren Lanz Traktor brauchen, wollen wir an die vorhandene Vereinsschupf anbauen. Es wird ein Anbau in Holzst\u00e4nder Bauweise mit Ziegeldach und Holzverschalung in den Ma\u00dfen von 500x 300&#215;300 cm. Laut Bauamt ist hief\u00fcr keine <span class=\"excerpt-dots\">&hellip;<\/span> <a class=\"more-link\" href=\"https:\/\/oldtimerfreunde-miesbach.de\/?page_id=9782\"><span class=\"more-msg\">Weiterlesen &rarr;<\/span><\/a><\/p>\n","protected":false},"author":1,"featured_media":0,"parent":9768,"menu_order":4,"comment_status":"closed","ping_status":"closed","template":"","meta":{"ngg_post_thumbnail":0,"footnotes":""},"class_list":["post-9782","page","type-page","status-publish","hentry"],"publishpress_future_action":{"enabled":false,"date":"2026-05-10 23:03:26","action":"change-status","newStatus":"draft","terms":[],"taxonomy":"","extraData":[]},"publishpress_future_workflow_manual_trigger":{"enabledWorkflows":[]},"_links":{"self":[{"href":"https:\/\/oldtimerfreunde-miesbach.de\/index.php?rest_route=\/wp\/v2\/pages\/9782","targetHints":{"allow":["GET"]}}],"collection":[{"href":"https:\/\/oldtimerfreunde-miesbach.de\/index.php?rest_route=\/wp\/v2\/pages"}],"about":[{"href":"https:\/\/oldtimerfreunde-miesbach.de\/index.php?rest_route=\/wp\/v2\/types\/page"}],"author":[{"embeddable":true,"href":"https:\/\/oldtimerfreunde-miesbach.de\/index.php?rest_route=\/wp\/v2\/users\/1"}],"replies":[{"embeddable":true,"href":"https:\/\/oldtimerfreunde-miesbach.de\/index.php?rest_route=%2Fwp%2Fv2%2Fcomments&post=9782"}],"version-history":[{"count":12,"href":"https:\/\/oldtimerfreunde-miesbach.de\/index.php?rest_route=\/wp\/v2\/pages\/9782\/revisions"}],"predecessor-version":[{"id":9831,"href":"https:\/\/oldtimerfreunde-miesbach.de\/index.php?rest_route=\/wp\/v2\/pages\/9782\/revisions\/9831"}],"up":[{"embeddable":true,"href":"https:\/\/oldtimerfreunde-miesbach.de\/index.php?rest_route=\/wp\/v2\/pages\/9768"}],"wp:attachment":[{"href":"https:\/\/oldtimerfreunde-miesbach.de\/index.php?rest_route=%2Fwp%2Fv2%2Fmedia&parent=9782"}],"curies":[{"name":"wp","href":"https:\/\/api.w.org\/{rel}","templated":true}]}}